{"id":10372,"date":"2023-10-04T16:17:44","date_gmt":"2023-10-04T14:17:44","guid":{"rendered":"https:\/\/civitas-maxima.org\/?page_id=10372"},"modified":"2024-04-04T13:24:26","modified_gmt":"2024-04-04T11:24:26","slug":"saturday-t","status":"publish","type":"page","link":"https:\/\/civitas-maxima.org\/fr\/saturday-t\/","title":{"rendered":"Saturday T."},"content":{"rendered":"<h2 class=\"wp-block-heading has-text-align-center\"><mark style=\"background-color:rgba(0, 0, 0, 0);color:#15788c\" class=\"has-inline-color\">Saturday T.<\/mark><\/h2>\n\n\n\n<div class=\"wp-block-columns is-layout-flex wp-container-core-columns-is-layout-8f761849 wp-block-columns-is-layout-flex\">\n<div class=\"wp-block-column is-layout-flow wp-block-column-is-layout-flow\">\n<h4 class=\"wp-block-heading has-text-align-center\">\u00c9l\u00e9ments cl\u00e9s<\/h4>\n\n\n\n<figure class=\"wp-block-table is-style-stripes\"><table><tbody><tr><td><strong>Faction<\/strong><\/td><td>NPFL<\/td><\/tr><tr><td><strong>Nationalit\u00e9<\/strong><\/td><td>Lib\u00e9rien<\/td><\/tr><tr><td><strong>P\u00e9riode d'activit\u00e9    <\/strong>     <\/td><td>Premi\u00e8re guerre civile lib\u00e9rienne<\/td><\/tr><tr><td><strong>Chefs d\u2019accusation<\/strong><\/td><td>Crimes contre l'humanit\u00e9 <\/td><\/tr><tr><td><strong>Statut<\/strong><\/td><td>Phase d'enqu\u00eate, en d\u00e9tention<\/td><\/tr><\/tbody><\/table><\/figure>\n<\/div>\n\n\n\n<div class=\"wp-block-column is-layout-flow wp-block-column-is-layout-flow\">\n<h4 class=\"wp-block-heading has-text-align-center\">Ressources<\/h4>\n\n\n\n<div class=\"wp-block-coblocks-accordion\">\n<div class=\"wp-block-coblocks-accordion-item\"><details><summary class=\"wp-block-coblocks-accordion-item__title\">Communiqu\u00e9s de presse<\/summary><div class=\"wp-block-coblocks-accordion-item__content\">\t<div\n\t\tclass=\"wp-block-newspack-blocks-homepage-articles is-style-borders wpnbha ts-2 is-style-borders has-text-align-left has-text-color\"\n\t\tstyle=\"color: #007489;\"\n\t\t>\n\t\t\t\t\t<style id=\"newspack-blocks-inline-css\" type=\"text\/css\">\t\t.wp-block-newspack-blocks-homepage-articles article .entry-title {\n\t\t\tfont-size: 1.2em;\n\t\t}\n\t\t.wp-block-newspack-blocks-homepage-articles .entry-meta {\n\t\t\tdisplay: flex;\n\t\t\tflex-wrap: wrap;\n\t\t\talign-items: center;\n\t\t\tmargin-top: 0.5em;\n\t\t}\n\t\t.wp-block-newspack-blocks-homepage-articles article .entry-meta {\n\t\t\tfont-size: 0.8em;\n\t\t}\n\t\t.wp-block-newspack-blocks-homepage-articles article .avatar {\n\t\t\theight: 25px;\n\t\t\twidth: 25px;\n\t\t}\n\t\t.wp-block-newspack-blocks-homepage-articles .post-thumbnail{\n\t\t\tmargin: 0;\n\t\t\tmargin-bottom: 0.25em;\n\t\t}\n\t\t.wp-block-newspack-blocks-homepage-articles .post-thumbnail img {\n\t\t\theight: auto;\n\t\t\twidth: 100%;\n\t\t}\n\t\t.wp-block-newspack-blocks-homepage-articles .post-thumbnail figcaption {\n\t\t\tmargin-bottom: 0.5em;\n\t\t}\n\t\t.wp-block-newspack-blocks-homepage-articles p {\n\t\t\tmargin: 0.5em 0;\n\t\t}\n\n\t\t.wpnbha.ts-2 .entry-title{font-size: 0.9em}.wpnbha.ts-2 article .newspack-post-subtitle, .wpnbha.ts-2 article .entry-wrapper p, .wpnbha.ts-2 article .entry-wrapper .more-link, .wpnbha.ts-2 article .entry-meta {font-size: 0.8em;}\t<\/style>\n\t\t\t\t<div data-posts data-current-post-id=\"10372\">\n\t\t\t\t\t\t\n\t<article data-post-id=\"10140\"\n\t\tclass=\"tag-charged tag-crimes-against-humanity tag-france tag-npfl tag-saturday-t category-press-release type-post\"\n\t\t\t\t>\n\t\t\t\t\n\t\t<div class=\"entry-wrapper\">\n\t\t\t<h2 class=\"entry-title\"><a href=\"https:\/\/civitas-maxima.org\/fr\/alleged-former-npfl-commander-charged-in-france-for-crimes-against-humanity\/\" rel=\"bookmark\">Ancien commandant NPFL pr\u00e9sum\u00e9 soup\u00e7onn\u00e9 de crimes contre l\u2019humanit\u00e9 mis en examen en France\u00a0<\/a><\/h2>\t\t\t\t\t\t\t\t\t\t<div class=\"entry-meta\">\n\t\t\t\t\t<time class=\"entry-date published\" datetime=\"2023-09-18T11:55:10+02:00\">18th septembre 2023<\/time><time class=\"updated\" datetime=\"2024-03-26T11:59:03+01:00\">26th mars 2024<\/time>\t\t\t\t<\/div><!-- .entry-meta -->\n\t\t\t\t\t<\/div><!-- .entry-wrapper -->\n\t<\/article>\n\n\t\t\t\t<\/div>\n\t\t\n\t<\/div>\n\t<\/div><\/details><\/div>\n\n\n\n<div class=\"wp-block-coblocks-accordion-item\"><details><summary class=\"wp-block-coblocks-accordion-item__title\">Liens externes<\/summary><div class=\"wp-block-coblocks-accordion-item__content\">\n<ul class=\"wp-block-list\">\n<li>RFI (2023) &#8211; <a href=\"https:\/\/www.rfi.fr\/fr\/afrique\/20230926-un-ancien-militaire-lib%C3%A9rien-plac%C3%A9-en-d%C3%A9tention-provisoire-en-france?utm_medium=social&amp;utm_campaign=x&amp;utm_source=shorty\">Un ancien militaire lib\u00e9rien plac\u00e9 en d\u00e9tention provisoire en France<\/a><\/li>\n\n\n\n<li>Justiceinfo.net (2023) &#8211; <a href=\"https:\/\/www.justiceinfo.net\/fr\/121811-guerre-civile-au-liberia-un-ex-militaire-inculpe-a-paris-pour-crimes-contre-lhumanite.html\">GUERRE CIVILE AU LIBERIA: UN EX-MILITAIRE INCULP\u00c9 \u00c0 PARIS POUR CRIMES CONTRE L&#8217;HUMANIT\u00c9<\/a><\/li>\n\n\n\n<li>Front Page Africa (2023) &#8211; <a href=\"https:\/\/frontpageafricaonline.com\/liberia-war-crimes-trial\/liberia-french-authorities-charge-alleged-liberian-warlord\/\">Liberia: French Authorities Charge Alleged Liberian Warlord<\/a><\/li>\n<\/ul>\n<\/div><\/details><\/div>\n<\/div>\n<\/div>\n<\/div>\n\n\n\n<h6 class=\"wp-block-heading\"><strong>Qui est Saturday T.?<\/strong><\/h6>\n\n\n\n<p class=\"has-text-align-justify wp-block-paragraph\">Saturday T. est un pr\u00e9sum\u00e9 ancien commandant du National Patriotic Front of Liberia (NPFL), soup\u00e7onn\u00e9 d'avoir commis des crimes contre l'humanit\u00e9 au Liberia pendant la premi\u00e8re guerre civile lib\u00e9rienne (1989-1996).<\/p>\n\n\n\n<h6 class=\"wp-block-heading\"><strong>Proc\u00e9dures p\u00e9nales<\/strong><\/h6>\n\n\n\n<p class=\"has-text-align-justify wp-block-paragraph\">Arr\u00eat\u00e9 le 13 septembre 2023 en France, il a \u00e9t\u00e9 mis en examen pour commission et complicit\u00e9 de crimes contre l'humanit\u00e9. D'abord plac\u00e9 sous contr\u00f4le judiciaire, le parquet a fait appel de cette d\u00e9cision et a demand\u00e9 le placement en d\u00e9tention de Saturday T. Les trois juges de la chambre de l'instruction de Paris ont estim\u00e9 que la gravit\u00e9 des faits et que le risque de la prise de contact avec d'\u00e9ventuels complices ou t\u00e9moins \u00e9tait trop \u00e9lev\u00e9e et ont ordonn\u00e9 son placement en d\u00e9tention.<\/p>\n\n\n\n<h6 class=\"wp-block-heading\"><strong>Pourquoi cette affaire est-elle importante ?<\/strong><\/h6>\n\n\n\n<p class=\"has-text-align-justify wp-block-paragraph\">Il s'agit de la deuxi\u00e8me affaire en France contre un ressortissant lib\u00e9rien qui aurait commis des crimes pendant les guerres civiles au Lib\u00e9ria. La premi\u00e8re affaire \u00e9tait celle de <a href=\"https:\/\/civitas-maxima.org\/fr\/legal-work\/our-cases\/kunti-k\/\">Kunti Kamara<\/a>, ancien commandant de l'ULIMO, reconnu coupable de crimes contre l'humanit\u00e9 en 2023 et dont le jugement a \u00e9t\u00e9 confirm\u00e9 en appel en 2024.<\/p>\n\n\n\n<h6 class=\"wp-block-heading\"><strong>Le r\u00f4le de CM dans l'affaire &nbsp;<\/strong><\/h6>\n\n\n\n<p class=\"has-text-align-justify wp-block-paragraph\">Par l'interm\u00e9diaire de ses avocats - Simon Foreman et Sabrina Delattre - Civitas Maxima a d\u00e9pos\u00e9 une plainte en France en mai 2018 contre Saturday T. pour avoir pr\u00e9tendument commis ou commandit\u00e9 de multiples crimes contre l'humanit\u00e9.<\/p>","protected":false},"excerpt":{"rendered":"<p>Saturday T. Facts Faction NPFL Nationality Liberian Period of Activity First Liberian Civil War Charges Crimes against Humanity Status Investigative phase, in detention Resources Who is Saturday T.? Saturday T, allegedly a former National Patriotic Front of Liberia (NPFL) commander, is suspected to have committed crimes against humanity in Liberia during the First Liberian Civil [&hellip;]<\/p>\n<p><a class=\"moretag\" href=\"https:\/\/civitas-maxima.org\/fr\/saturday-t\/\">Lire la suite<\/a><\/p>\n","protected":false},"author":179586343,"featured_media":0,"parent":0,"menu_order":0,"comment_status":"closed","ping_status":"closed","template":"","meta":{"_coblocks_attr":"","_coblocks_dimensions":"","_coblocks_responsive_height":"","_coblocks_accordion_ie_support":"","_crdt_document":"","footnotes":""},"class_list":["post-10372","page","type-page","status-publish","hentry"],"yoast_head":"<!-- This site is optimized with the Yoast SEO plugin v27.3 - https:\/\/yoast.com\/product\/yoast-seo-wordpress\/ -->\n<title>Saturday T. | Civitas Maxima<\/title>\n<meta name=\"robots\" content=\"index, follow, max-snippet:-1, max-image-preview:large, max-video-preview:-1\" \/>\n<link rel=\"canonical\" href=\"https:\/\/civitas-maxima.org\/fr\/saturday-t\/\" \/>\n<meta property=\"og:locale\" content=\"fr_FR\" \/>\n<meta property=\"og:type\" content=\"article\" \/>\n<meta property=\"og:title\" content=\"Saturday T. | Civitas Maxima\" \/>\n<meta property=\"og:description\" content=\"Saturday T. Facts Faction NPFL Nationality Liberian Period of Activity First Liberian Civil War Charges Crimes against Humanity Status Investigative phase, in detention Resources Who is Saturday T.? Saturday T, allegedly a former National Patriotic Front of Liberia (NPFL) commander, is suspected to have committed crimes against humanity in Liberia during the First Liberian Civil [&hellip;]Lire la suite\" \/>\n<meta property=\"og:url\" content=\"https:\/\/civitas-maxima.org\/fr\/saturday-t\/\" \/>\n<meta property=\"og:site_name\" content=\"Civitas Maxima\" \/>\n<meta property=\"article:publisher\" content=\"https:\/\/www.facebook.com\/civitasmaxima\/?locale=fr_FR\" \/>\n<meta property=\"article:modified_time\" content=\"2024-04-04T11:24:26+00:00\" \/>\n<meta property=\"og:image\" content=\"https:\/\/i0.wp.com\/civitas-maxima.org\/wp-content\/uploads\/2020\/11\/cm-logo.png?fit=470%2C470&ssl=1\" \/>\n\t<meta property=\"og:image:width\" content=\"470\" \/>\n\t<meta property=\"og:image:height\" content=\"470\" \/>\n\t<meta property=\"og:image:type\" content=\"image\/png\" \/>\n<meta name=\"twitter:card\" content=\"summary_large_image\" \/>\n<meta name=\"twitter:site\" content=\"@Civitas_Maxima\" \/>\n<script type=\"application\/ld+json\" class=\"yoast-schema-graph\">{\"@context\":\"https:\\\/\\\/schema.org\",\"@graph\":[{\"@type\":\"WebPage\",\"@id\":\"https:\\\/\\\/civitas-maxima.org\\\/saturday-t\\\/\",\"url\":\"https:\\\/\\\/civitas-maxima.org\\\/saturday-t\\\/\",\"name\":\"Saturday T. | Civitas Maxima\",\"isPartOf\":{\"@id\":\"https:\\\/\\\/civitas-maxima.org\\\/#website\"},\"datePublished\":\"2023-10-04T14:17:44+00:00\",\"dateModified\":\"2024-04-04T11:24:26+00:00\",\"breadcrumb\":{\"@id\":\"https:\\\/\\\/civitas-maxima.org\\\/saturday-t\\\/#breadcrumb\"},\"inLanguage\":\"fr-FR\",\"potentialAction\":[{\"@type\":\"ReadAction\",\"target\":[\"https:\\\/\\\/civitas-maxima.org\\\/saturday-t\\\/\"]}]},{\"@type\":\"BreadcrumbList\",\"@id\":\"https:\\\/\\\/civitas-maxima.org\\\/saturday-t\\\/#breadcrumb\",\"itemListElement\":[{\"@type\":\"ListItem\",\"position\":1,\"name\":\"Home\",\"item\":\"https:\\\/\\\/civitas-maxima.org\\\/\"},{\"@type\":\"ListItem\",\"position\":2,\"name\":\"Saturday T.\"}]},{\"@type\":\"WebSite\",\"@id\":\"https:\\\/\\\/civitas-maxima.org\\\/#website\",\"url\":\"https:\\\/\\\/civitas-maxima.org\\\/\",\"name\":\"Civitas Maxima\",\"description\":\"Together Against Impunity\",\"publisher\":{\"@id\":\"https:\\\/\\\/civitas-maxima.org\\\/#organization\"},\"potentialAction\":[{\"@type\":\"SearchAction\",\"target\":{\"@type\":\"EntryPoint\",\"urlTemplate\":\"https:\\\/\\\/civitas-maxima.org\\\/?s={search_term_string}\"},\"query-input\":{\"@type\":\"PropertyValueSpecification\",\"valueRequired\":true,\"valueName\":\"search_term_string\"}}],\"inLanguage\":\"fr-FR\"},{\"@type\":\"Organization\",\"@id\":\"https:\\\/\\\/civitas-maxima.org\\\/#organization\",\"name\":\"Civitas Maxima\",\"url\":\"https:\\\/\\\/civitas-maxima.org\\\/\",\"logo\":{\"@type\":\"ImageObject\",\"inLanguage\":\"fr-FR\",\"@id\":\"https:\\\/\\\/civitas-maxima.org\\\/#\\\/schema\\\/logo\\\/image\\\/\",\"url\":\"https:\\\/\\\/i0.wp.com\\\/civitas-maxima.org\\\/wp-content\\\/uploads\\\/2020\\\/09\\\/cm-logo.jpg?fit=212%2C209&ssl=1\",\"contentUrl\":\"https:\\\/\\\/i0.wp.com\\\/civitas-maxima.org\\\/wp-content\\\/uploads\\\/2020\\\/09\\\/cm-logo.jpg?fit=212%2C209&ssl=1\",\"width\":212,\"height\":209,\"caption\":\"Civitas Maxima\"},\"image\":{\"@id\":\"https:\\\/\\\/civitas-maxima.org\\\/#\\\/schema\\\/logo\\\/image\\\/\"},\"sameAs\":[\"https:\\\/\\\/www.facebook.com\\\/civitasmaxima\\\/?locale=fr_FR\",\"https:\\\/\\\/x.com\\\/Civitas_Maxima\",\"https:\\\/\\\/www.linkedin.com\\\/company\\\/civitas-maxima\",\"https:\\\/\\\/www.instagram.com\\\/civitas_maxima\\\/\"]}]}<\/script>\n<!-- \/ Yoast SEO plugin. -->","yoast_head_json":{"title":"Saturday T. | Civitas Maxima","robots":{"index":"index","follow":"follow","max-snippet":"max-snippet:-1","max-image-preview":"max-image-preview:large","max-video-preview":"max-video-preview:-1"},"canonical":"https:\/\/civitas-maxima.org\/fr\/saturday-t\/","og_locale":"fr_FR","og_type":"article","og_title":"Saturday T. | Civitas Maxima","og_description":"Saturday T. Facts Faction NPFL Nationality Liberian Period of Activity First Liberian Civil War Charges Crimes against Humanity Status Investigative phase, in detention Resources Who is Saturday T.? Saturday T, allegedly a former National Patriotic Front of Liberia (NPFL) commander, is suspected to have committed crimes against humanity in Liberia during the First Liberian Civil [&hellip;]Lire la suite","og_url":"https:\/\/civitas-maxima.org\/fr\/saturday-t\/","og_site_name":"Civitas Maxima","article_publisher":"https:\/\/www.facebook.com\/civitasmaxima\/?locale=fr_FR","article_modified_time":"2024-04-04T11:24:26+00:00","og_image":[{"width":470,"height":470,"url":"https:\/\/i0.wp.com\/civitas-maxima.org\/wp-content\/uploads\/2020\/11\/cm-logo.png?fit=470%2C470&ssl=1","type":"image\/png"}],"twitter_card":"summary_large_image","twitter_site":"@Civitas_Maxima","schema":{"@context":"https:\/\/schema.org","@graph":[{"@type":"WebPage","@id":"https:\/\/civitas-maxima.org\/saturday-t\/","url":"https:\/\/civitas-maxima.org\/saturday-t\/","name":"Saturday T. | Civitas Maxima","isPartOf":{"@id":"https:\/\/civitas-maxima.org\/#website"},"datePublished":"2023-10-04T14:17:44+00:00","dateModified":"2024-04-04T11:24:26+00:00","breadcrumb":{"@id":"https:\/\/civitas-maxima.org\/saturday-t\/#breadcrumb"},"inLanguage":"fr-FR","potentialAction":[{"@type":"ReadAction","target":["https:\/\/civitas-maxima.org\/saturday-t\/"]}]},{"@type":"BreadcrumbList","@id":"https:\/\/civitas-maxima.org\/saturday-t\/#breadcrumb","itemListElement":[{"@type":"ListItem","position":1,"name":"Home","item":"https:\/\/civitas-maxima.org\/"},{"@type":"ListItem","position":2,"name":"Saturday T."}]},{"@type":"WebSite","@id":"https:\/\/civitas-maxima.org\/#website","url":"https:\/\/civitas-maxima.org\/","name":"Civitas Maxima","description":"Together Against Impunity","publisher":{"@id":"https:\/\/civitas-maxima.org\/#organization"},"potentialAction":[{"@type":"SearchAction","target":{"@type":"EntryPoint","urlTemplate":"https:\/\/civitas-maxima.org\/?s={search_term_string}"},"query-input":{"@type":"PropertyValueSpecification","valueRequired":true,"valueName":"search_term_string"}}],"inLanguage":"fr-FR"},{"@type":"Organization","@id":"https:\/\/civitas-maxima.org\/#organization","name":"Civitas Maxima","url":"https:\/\/civitas-maxima.org\/","logo":{"@type":"ImageObject","inLanguage":"fr-FR","@id":"https:\/\/civitas-maxima.org\/#\/schema\/logo\/image\/","url":"https:\/\/i0.wp.com\/civitas-maxima.org\/wp-content\/uploads\/2020\/09\/cm-logo.jpg?fit=212%2C209&ssl=1","contentUrl":"https:\/\/i0.wp.com\/civitas-maxima.org\/wp-content\/uploads\/2020\/09\/cm-logo.jpg?fit=212%2C209&ssl=1","width":212,"height":209,"caption":"Civitas Maxima"},"image":{"@id":"https:\/\/civitas-maxima.org\/#\/schema\/logo\/image\/"},"sameAs":["https:\/\/www.facebook.com\/civitasmaxima\/?locale=fr_FR","https:\/\/x.com\/Civitas_Maxima","https:\/\/www.linkedin.com\/company\/civitas-maxima","https:\/\/www.instagram.com\/civitas_maxima\/"]}]}},"jetpack_sharing_enabled":true,"jetpack_shortlink":"https:\/\/wp.me\/PclLIv-2Hi","amp_enabled":true,"_links":{"self":[{"href":"https:\/\/civitas-maxima.org\/fr\/wp-json\/wp\/v2\/pages\/10372","targetHints":{"allow":["GET"]}}],"collection":[{"href":"https:\/\/civitas-maxima.org\/fr\/wp-json\/wp\/v2\/pages"}],"about":[{"href":"https:\/\/civitas-maxima.org\/fr\/wp-json\/wp\/v2\/types\/page"}],"author":[{"embeddable":true,"href":"https:\/\/civitas-maxima.org\/fr\/wp-json\/wp\/v2\/users\/179586343"}],"replies":[{"embeddable":true,"href":"https:\/\/civitas-maxima.org\/fr\/wp-json\/wp\/v2\/comments?post=10372"}],"version-history":[{"count":8,"href":"https:\/\/civitas-maxima.org\/fr\/wp-json\/wp\/v2\/pages\/10372\/revisions"}],"predecessor-version":[{"id":12291,"href":"https:\/\/civitas-maxima.org\/fr\/wp-json\/wp\/v2\/pages\/10372\/revisions\/12291"}],"wp:attachment":[{"href":"https:\/\/civitas-maxima.org\/fr\/wp-json\/wp\/v2\/media?parent=10372"}],"curies":[{"name":"wp","href":"https:\/\/api.w.org\/{rel}","templated":true}]}}