{"id":15117,"date":"2025-01-15T12:17:30","date_gmt":"2025-01-15T11:17:30","guid":{"rendered":"https:\/\/civitas-maxima.org\/?page_id=15117"},"modified":"2025-01-15T12:22:37","modified_gmt":"2025-01-15T11:22:37","slug":"trial-monitoring-laye-sekou-camara","status":"publish","type":"page","link":"https:\/\/civitas-maxima.org\/fr\/trial-monitoring-laye-sekou-camara\/","title":{"rendered":"Trial Monitoring: Laye Sekou Camara"},"content":{"rendered":"<h2 class=\"wp-block-heading has-text-align-center\"><mark style=\"background-color:rgba(0, 0, 0, 0);color:#007489\" class=\"has-inline-color\">Trial Monitoring: Laye Sekou Camara<\/mark><\/h2>\n\n\n\n<p class=\"has-text-align-justify wp-block-paragraph\"><a href=\"https:\/\/civitas-maxima.org\/fr\/sekou-camara\/\">Laye Sekou Camar<\/a><a href=\"https:\/\/civitas-maxima.org\/fr\/sekou-camara\/\" target=\"_blank\" rel=\"noreferrer noopener\">a<\/a>, \u00e9galement connu sous les noms de General K-1 et General Dragon Master, est un ancien membre pr\u00e9sum\u00e9 de haut rang du groupe rebelle LURD, impliqu\u00e9 dans des crimes de guerre pendant la deuxi\u00e8me guerre civile au Liberia. Il a \u00e9t\u00e9 arr\u00eat\u00e9 \u00e0 New York le 26 mars 2022 pour fraude \u00e0 l'immigration, accus\u00e9 d\u2019avoir menti dans ses demandes aupr\u00e8s des autorit\u00e9s am\u00e9ricaines afin de dissimuler son implication dans le conflit. Camara doit compara\u00eetre en proc\u00e8s le 21 janvier 2025 devant le tribunal Eastern District de Pennsylvanie.<\/p>\n\n\n\n<p class=\"wp-block-paragraph\">Des mises \u00e0 jour sur le suivi du proc\u00e8s seront disponibles au d\u00e9but de celui-ci.<\/p>","protected":false},"excerpt":{"rendered":"<p>Trial Monitoring: Laye Sekou Camara Laye Sekou Camara, also known as General K-1 and General Dragon Master, is a former alleged high-ranking member of the rebel group LURD, implicated in war crimes during Liberia\u2019s second civil war. He was arrested in New York on March 26, 2022, on charges of immigration fraud, accused of lying [&hellip;]<\/p>\n<p><a class=\"moretag\" href=\"https:\/\/civitas-maxima.org\/fr\/trial-monitoring-laye-sekou-camara\/\">Lire la suite<\/a><\/p>","protected":false},"author":179586343,"featured_media":0,"parent":0,"menu_order":0,"comment_status":"closed","ping_status":"closed","template":"","meta":{"_coblocks_attr":"","_coblocks_dimensions":"","_coblocks_responsive_height":"","_coblocks_accordion_ie_support":"","_crdt_document":"","footnotes":""},"class_list":["post-15117","page","type-page","status-publish","hentry"],"yoast_head":"<!-- This site is optimized with the Yoast SEO plugin v26.9 - https:\/\/yoast.com\/product\/yoast-seo-wordpress\/ -->\n<title>Trial Monitoring: Laye Sekou Camara | Civitas Maxima<\/title>\n<meta name=\"robots\" content=\"index, follow, max-snippet:-1, max-image-preview:large, max-video-preview:-1\" \/>\n<link rel=\"canonical\" href=\"https:\/\/civitas-maxima.org\/fr\/trial-monitoring-laye-sekou-camara\/\" \/>\n<meta property=\"og:locale\" content=\"fr_FR\" \/>\n<meta property=\"og:type\" content=\"article\" \/>\n<meta property=\"og:title\" content=\"Trial Monitoring: Laye Sekou Camara | Civitas Maxima\" \/>\n<meta property=\"og:description\" content=\"Trial Monitoring: Laye Sekou Camara Laye Sekou Camara, also known as General K-1 and General Dragon Master, is a former alleged high-ranking member of the rebel group LURD, implicated in war crimes during Liberia\u2019s second civil war. He was arrested in New York on March 26, 2022, on charges of immigration fraud, accused of lying [&hellip;]Lire la suite\" \/>\n<meta property=\"og:url\" content=\"https:\/\/civitas-maxima.org\/fr\/trial-monitoring-laye-sekou-camara\/\" \/>\n<meta property=\"og:site_name\" content=\"Civitas Maxima\" \/>\n<meta property=\"article:publisher\" content=\"https:\/\/www.facebook.com\/civitasmaxima\/?locale=fr_FR\" \/>\n<meta property=\"article:modified_time\" content=\"2025-01-15T11:22:37+00:00\" \/>\n<meta property=\"og:image\" content=\"https:\/\/i0.wp.com\/civitas-maxima.org\/wp-content\/uploads\/2020\/11\/cm-logo.png?fit=470%2C470&ssl=1\" \/>\n\t<meta property=\"og:image:width\" content=\"470\" \/>\n\t<meta property=\"og:image:height\" content=\"470\" \/>\n\t<meta property=\"og:image:type\" content=\"image\/png\" \/>\n<meta name=\"twitter:card\" content=\"summary_large_image\" \/>\n<meta name=\"twitter:site\" content=\"@Civitas_Maxima\" \/>\n<script type=\"application\/ld+json\" class=\"yoast-schema-graph\">{\"@context\":\"https:\/\/schema.org\",\"@graph\":[{\"@type\":\"WebPage\",\"@id\":\"https:\/\/civitas-maxima.org\/trial-monitoring-laye-sekou-camara\/\",\"url\":\"https:\/\/civitas-maxima.org\/trial-monitoring-laye-sekou-camara\/\",\"name\":\"Trial Monitoring: Laye Sekou Camara | Civitas Maxima\",\"isPartOf\":{\"@id\":\"https:\/\/civitas-maxima.org\/#website\"},\"datePublished\":\"2025-01-15T11:17:30+00:00\",\"dateModified\":\"2025-01-15T11:22:37+00:00\",\"breadcrumb\":{\"@id\":\"https:\/\/civitas-maxima.org\/trial-monitoring-laye-sekou-camara\/#breadcrumb\"},\"inLanguage\":\"fr-FR\",\"potentialAction\":[{\"@type\":\"ReadAction\",\"target\":[\"https:\/\/civitas-maxima.org\/trial-monitoring-laye-sekou-camara\/\"]}]},{\"@type\":\"BreadcrumbList\",\"@id\":\"https:\/\/civitas-maxima.org\/trial-monitoring-laye-sekou-camara\/#breadcrumb\",\"itemListElement\":[{\"@type\":\"ListItem\",\"position\":1,\"name\":\"Home\",\"item\":\"https:\/\/civitas-maxima.org\/\"},{\"@type\":\"ListItem\",\"position\":2,\"name\":\"Trial Monitoring: Laye Sekou Camara\"}]},{\"@type\":\"WebSite\",\"@id\":\"https:\/\/civitas-maxima.org\/#website\",\"url\":\"https:\/\/civitas-maxima.org\/\",\"name\":\"Civitas Maxima\",\"description\":\"Together Against Impunity\",\"publisher\":{\"@id\":\"https:\/\/civitas-maxima.org\/#organization\"},\"potentialAction\":[{\"@type\":\"SearchAction\",\"target\":{\"@type\":\"EntryPoint\",\"urlTemplate\":\"https:\/\/civitas-maxima.org\/?s={search_term_string}\"},\"query-input\":{\"@type\":\"PropertyValueSpecification\",\"valueRequired\":true,\"valueName\":\"search_term_string\"}}],\"inLanguage\":\"fr-FR\"},{\"@type\":\"Organization\",\"@id\":\"https:\/\/civitas-maxima.org\/#organization\",\"name\":\"Civitas Maxima\",\"url\":\"https:\/\/civitas-maxima.org\/\",\"logo\":{\"@type\":\"ImageObject\",\"inLanguage\":\"fr-FR\",\"@id\":\"https:\/\/civitas-maxima.org\/#\/schema\/logo\/image\/\",\"url\":\"https:\/\/i0.wp.com\/civitas-maxima.org\/wp-content\/uploads\/2020\/09\/cm-logo.jpg?fit=212%2C209&ssl=1\",\"contentUrl\":\"https:\/\/i0.wp.com\/civitas-maxima.org\/wp-content\/uploads\/2020\/09\/cm-logo.jpg?fit=212%2C209&ssl=1\",\"width\":212,\"height\":209,\"caption\":\"Civitas Maxima\"},\"image\":{\"@id\":\"https:\/\/civitas-maxima.org\/#\/schema\/logo\/image\/\"},\"sameAs\":[\"https:\/\/www.facebook.com\/civitasmaxima\/?locale=fr_FR\",\"https:\/\/x.com\/Civitas_Maxima\",\"https:\/\/www.linkedin.com\/company\/civitas-maxima\",\"https:\/\/www.instagram.com\/civitas_maxima\/\"]}]}<\/script>\n<!-- \/ Yoast SEO plugin. -->","yoast_head_json":{"title":"Trial Monitoring: Laye Sekou Camara | Civitas Maxima","robots":{"index":"index","follow":"follow","max-snippet":"max-snippet:-1","max-image-preview":"max-image-preview:large","max-video-preview":"max-video-preview:-1"},"canonical":"https:\/\/civitas-maxima.org\/fr\/trial-monitoring-laye-sekou-camara\/","og_locale":"fr_FR","og_type":"article","og_title":"Trial Monitoring: Laye Sekou Camara | Civitas Maxima","og_description":"Trial Monitoring: Laye Sekou Camara Laye Sekou Camara, also known as General K-1 and General Dragon Master, is a former alleged high-ranking member of the rebel group LURD, implicated in war crimes during Liberia\u2019s second civil war. He was arrested in New York on March 26, 2022, on charges of immigration fraud, accused of lying [&hellip;]Lire la suite","og_url":"https:\/\/civitas-maxima.org\/fr\/trial-monitoring-laye-sekou-camara\/","og_site_name":"Civitas Maxima","article_publisher":"https:\/\/www.facebook.com\/civitasmaxima\/?locale=fr_FR","article_modified_time":"2025-01-15T11:22:37+00:00","og_image":[{"width":470,"height":470,"url":"https:\/\/i0.wp.com\/civitas-maxima.org\/wp-content\/uploads\/2020\/11\/cm-logo.png?fit=470%2C470&ssl=1","type":"image\/png"}],"twitter_card":"summary_large_image","twitter_site":"@Civitas_Maxima","schema":{"@context":"https:\/\/schema.org","@graph":[{"@type":"WebPage","@id":"https:\/\/civitas-maxima.org\/trial-monitoring-laye-sekou-camara\/","url":"https:\/\/civitas-maxima.org\/trial-monitoring-laye-sekou-camara\/","name":"Trial Monitoring: Laye Sekou Camara | Civitas Maxima","isPartOf":{"@id":"https:\/\/civitas-maxima.org\/#website"},"datePublished":"2025-01-15T11:17:30+00:00","dateModified":"2025-01-15T11:22:37+00:00","breadcrumb":{"@id":"https:\/\/civitas-maxima.org\/trial-monitoring-laye-sekou-camara\/#breadcrumb"},"inLanguage":"fr-FR","potentialAction":[{"@type":"ReadAction","target":["https:\/\/civitas-maxima.org\/trial-monitoring-laye-sekou-camara\/"]}]},{"@type":"BreadcrumbList","@id":"https:\/\/civitas-maxima.org\/trial-monitoring-laye-sekou-camara\/#breadcrumb","itemListElement":[{"@type":"ListItem","position":1,"name":"Home","item":"https:\/\/civitas-maxima.org\/"},{"@type":"ListItem","position":2,"name":"Trial Monitoring: Laye Sekou Camara"}]},{"@type":"WebSite","@id":"https:\/\/civitas-maxima.org\/#website","url":"https:\/\/civitas-maxima.org\/","name":"Civitas Maxima","description":"Together Against Impunity","publisher":{"@id":"https:\/\/civitas-maxima.org\/#organization"},"potentialAction":[{"@type":"SearchAction","target":{"@type":"EntryPoint","urlTemplate":"https:\/\/civitas-maxima.org\/?s={search_term_string}"},"query-input":{"@type":"PropertyValueSpecification","valueRequired":true,"valueName":"search_term_string"}}],"inLanguage":"fr-FR"},{"@type":"Organization","@id":"https:\/\/civitas-maxima.org\/#organization","name":"Civitas Maxima","url":"https:\/\/civitas-maxima.org\/","logo":{"@type":"ImageObject","inLanguage":"fr-FR","@id":"https:\/\/civitas-maxima.org\/#\/schema\/logo\/image\/","url":"https:\/\/i0.wp.com\/civitas-maxima.org\/wp-content\/uploads\/2020\/09\/cm-logo.jpg?fit=212%2C209&ssl=1","contentUrl":"https:\/\/i0.wp.com\/civitas-maxima.org\/wp-content\/uploads\/2020\/09\/cm-logo.jpg?fit=212%2C209&ssl=1","width":212,"height":209,"caption":"Civitas Maxima"},"image":{"@id":"https:\/\/civitas-maxima.org\/#\/schema\/logo\/image\/"},"sameAs":["https:\/\/www.facebook.com\/civitasmaxima\/?locale=fr_FR","https:\/\/x.com\/Civitas_Maxima","https:\/\/www.linkedin.com\/company\/civitas-maxima","https:\/\/www.instagram.com\/civitas_maxima\/"]}]}},"jetpack_sharing_enabled":true,"jetpack_shortlink":"https:\/\/wp.me\/PclLIv-3VP","amp_enabled":true,"_links":{"self":[{"href":"https:\/\/civitas-maxima.org\/fr\/wp-json\/wp\/v2\/pages\/15117","targetHints":{"allow":["GET"]}}],"collection":[{"href":"https:\/\/civitas-maxima.org\/fr\/wp-json\/wp\/v2\/pages"}],"about":[{"href":"https:\/\/civitas-maxima.org\/fr\/wp-json\/wp\/v2\/types\/page"}],"author":[{"embeddable":true,"href":"https:\/\/civitas-maxima.org\/fr\/wp-json\/wp\/v2\/users\/179586343"}],"replies":[{"embeddable":true,"href":"https:\/\/civitas-maxima.org\/fr\/wp-json\/wp\/v2\/comments?post=15117"}],"version-history":[{"count":6,"href":"https:\/\/civitas-maxima.org\/fr\/wp-json\/wp\/v2\/pages\/15117\/revisions"}],"predecessor-version":[{"id":15126,"href":"https:\/\/civitas-maxima.org\/fr\/wp-json\/wp\/v2\/pages\/15117\/revisions\/15126"}],"wp:attachment":[{"href":"https:\/\/civitas-maxima.org\/fr\/wp-json\/wp\/v2\/media?parent=15117"}],"curies":[{"name":"wp","href":"https:\/\/api.w.org\/{rel}","templated":true}]}}