{"id":269,"date":"2020-10-01T16:49:05","date_gmt":"2020-10-01T14:49:05","guid":{"rendered":"https:\/\/civitas-maxima.org\/?page_id=269"},"modified":"2024-03-26T11:33:35","modified_gmt":"2024-03-26T10:33:35","slug":"agnes-reeves-taylor","status":"publish","type":"page","link":"https:\/\/civitas-maxima.org\/fr\/legal-work\/our-cases\/agnes-reeves-taylor\/","title":{"rendered":"Agnes Reeves Taylor"},"content":{"rendered":"<h2 class=\"wp-block-heading has-text-align-center\"><mark style=\"background-color:rgba(0, 0, 0, 0);color:#15788c\" class=\"has-inline-color\">Agnes Reeves Taylor<\/mark><\/h2>\n\n\n\n<div class=\"wp-block-columns is-layout-flex wp-container-core-columns-is-layout-8f761849 wp-block-columns-is-layout-flex\">\n<div class=\"wp-block-column is-layout-flow wp-block-column-is-layout-flow\">\n<h4 class=\"wp-block-heading has-text-align-center\">\u00c9l\u00e9ments cl\u00e9s<\/h4>\n\n\n\n<figure class=\"wp-block-table is-style-stripes\"><table><tbody><tr><td><strong>Faction<\/strong><\/td><td>NPFL <\/td><\/tr><tr><td><strong>Nationalit\u00e9<\/strong><\/td><td>Lib\u00e9rien<\/td><\/tr><tr><td><strong>P\u00e9riode d'activit\u00e9    <\/strong>     <\/td><td>Premi\u00e8re guerre civile lib\u00e9rienne<\/td><\/tr><tr><td><strong>Chefs d\u2019accusation<\/strong><\/td><td>Torture <\/td><\/tr><tr><td><strong>Statut<\/strong><\/td><td>Rejete\u0301e <\/td><\/tr><\/tbody><\/table><\/figure>\n\n\n\n<p class=\"has-text-align-left wp-block-paragraph\"><\/p>\n<\/div>\n\n\n\n<div class=\"wp-block-column is-layout-flow wp-block-column-is-layout-flow\">\n<h4 class=\"wp-block-heading has-text-align-center\">Q&amp;A<\/h4>\n\n\n\n<div class=\"wp-block-coblocks-accordion\">\n<div class=\"wp-block-coblocks-accordion-item\"><details><summary class=\"wp-block-coblocks-accordion-item__title\">Pourquoi Reeves-Taylor vivait-il au Royaume-Uni ?<\/summary><div class=\"wp-block-coblocks-accordion-item__content\">\n<p class=\"wp-block-paragraph\">En 1999, Reeves-Taylor a \u00e9t\u00e9 nomm\u00e9e \u00e0 un poste officiel et envoy\u00e9e \u00e0 Londres par Charles Taylor. Elle a obtenu l'asile en 2007. Elle est ensuite devenue charg\u00e9e de cours \u00e0 la London School of Commerce et \u00e0 l'universit\u00e9 de Coventry.<\/p>\n<\/div><\/details><\/div>\n\n\n\n<div class=\"wp-block-coblocks-accordion-item\"><details><summary class=\"wp-block-coblocks-accordion-item__title\">Pourquoi l'affaire a-t-elle \u00e9t\u00e9 rejet\u00e9e ? <\/summary><div class=\"wp-block-coblocks-accordion-item__content\">\n<p class=\"wp-block-paragraph\">La Cour supr\u00eame a pr\u00e9cis\u00e9 que, pour qu'un membre d'un groupe rebelle puisse \u00eatre accus\u00e9 de torture, le groupe doit avoir exerc\u00e9 des \"fonctions gouvernementales\". La Cour p\u00e9nale centrale a jug\u00e9 que les preuves pr\u00e9sent\u00e9es par le Crown Prosecution Service (CPS) n'ont pas permis de prouver que le NPFL exer\u00e7ait de telles fonctions dans la r\u00e9gion et au moment des crimes pr\u00e9sum\u00e9s de Reeves Taylor. Par cons\u00e9quent, la Cour a rejet\u00e9 l'affaire. Cependant, Reeves Taylor n'a pas \u00e9t\u00e9 reconnu innocent.<\/p>\n<\/div><\/details><\/div>\n\n\n\n<div class=\"wp-block-coblocks-accordion-item\"><details><summary class=\"wp-block-coblocks-accordion-item__title\">Pourquoi cette d\u00e9cision est-elle historique ?<\/summary><div class=\"wp-block-coblocks-accordion-item__content\">\n<p class=\"wp-block-paragraph\">Parce que la plus haute cour du Royaume-Uni a statu\u00e9 avec autorit\u00e9 que les membres de groupes rebelles peuvent \u00eatre poursuivis pour des actes de torture en vertu du droit britannique. Cela ouvre la voie \u00e0 de futures poursuites contre des membres de groupes rebelles et insurg\u00e9s accus\u00e9s de torture. &nbsp;<\/p>\n<\/div><\/details><\/div>\n<\/div>\n<\/div>\n<\/div>\n\n\n\n<p class=\"has-text-align-justify wp-block-paragraph\">En juin 2017, les services de la police m\u00e9tropolitaine ont arr\u00eat\u00e9 <strong><mark style=\"background-color:rgba(0, 0, 0, 0);color:#15788c\" class=\"has-inline-color\">Agnes Taylor<\/mark><\/strong>l'ex-femme de Charles Taylor, accus\u00e9e de torture pour sa participation pr\u00e9sum\u00e9e aux atrocit\u00e9s commises par le groupe rebelle de Charles Taylor, le Front national patriotique du Liberia (NPFL), pendant la premi\u00e8re guerre civile lib\u00e9rienne. <\/p>\n\n\n\n<p class=\"has-text-align-justify wp-block-paragraph\">Reeves-Taylor a \u00e9t\u00e9 inculp\u00e9e de sept chefs d'accusation de torture et d'un chef d'accusation de conspiration visant \u00e0 commettre des actes de torture li\u00e9s \u00e0 son implication dans le NPFL pendant la premi\u00e8re guerre civile lib\u00e9rienne. Elle est le deuxi\u00e8me ancien membre du NPFL \u00e0 \u00eatre accus\u00e9 de crimes commis pendant les guerres civiles du Lib\u00e9ria.<\/p>\n\n\n\n<p class=\"has-text-align-justify wp-block-paragraph\">Le 6 d\u00e9cembre 2019, le Tribunal p\u00e9nal central a d\u00e9cid\u00e9 de rejeter les accusations port\u00e9es contre Agnes Reeves Taylor.<\/p>\n\n\n\n<p class=\"has-text-align-justify wp-block-paragraph\">La d\u00e9cision de la Central Criminal Court est intervenue apr\u00e8s que la Cour supr\u00eame du Royaume-Uni ait confirm\u00e9 dans un jugement historique que les membres de groupes arm\u00e9s non \u00e9tatiques peuvent \u00eatre poursuivis pour des crimes de torture en droit britannique, ouvrant ainsi une voie l\u00e9gale au proc\u00e8s de Mme Taylor. Toutefois, apr\u00e8s avoir rendu son jugement, la Cour supr\u00eame britannique a renvoy\u00e9 l'affaire devant la Central Criminal Court pour qu'elle examine d'autres preuves de l'expert du minist\u00e8re public et applique aux faits de l'affaire la norme juridique confirm\u00e9e par la Cour supr\u00eame. <\/p>\n\n\n\n<hr class=\"wp-block-separator has-alpha-channel-opacity\"\/>\n\n\n\n<h4 class=\"wp-block-heading has-text-align-center\">Ressources<\/h4>\n\n\n\n<div class=\"wp-block-coblocks-accordion\">\n<div class=\"wp-block-coblocks-accordion-item\"><\/div>\n<\/div>\n\n\n\n<div class=\"wp-block-coblocks-accordion\">\n<div class=\"wp-block-coblocks-accordion-item\"><details><summary class=\"wp-block-coblocks-accordion-item__title\">Communiqu\u00e9s de presse<\/summary><div class=\"wp-block-coblocks-accordion-item__content\">\n<p class=\"wp-block-paragraph\"><\/p>\n\n\n\t<div\n\t\tclass=\"wp-block-newspack-blocks-homepage-articles is-style-borders wpnbha ts-2 is-style-borders has-text-align-left has-text-color\"\n\t\tstyle=\"color: #007489;\"\n\t\t>\n\t\t\t\t\t<style id=\"newspack-blocks-inline-css\" type=\"text\/css\">\t\t.wp-block-newspack-blocks-homepage-articles article .entry-title {\n\t\t\tfont-size: 1.2em;\n\t\t}\n\t\t.wp-block-newspack-blocks-homepage-articles .entry-meta {\n\t\t\tdisplay: flex;\n\t\t\tflex-wrap: wrap;\n\t\t\talign-items: center;\n\t\t\tmargin-top: 0.5em;\n\t\t}\n\t\t.wp-block-newspack-blocks-homepage-articles article .entry-meta {\n\t\t\tfont-size: 0.8em;\n\t\t}\n\t\t.wp-block-newspack-blocks-homepage-articles article .avatar {\n\t\t\theight: 25px;\n\t\t\twidth: 25px;\n\t\t}\n\t\t.wp-block-newspack-blocks-homepage-articles .post-thumbnail{\n\t\t\tmargin: 0;\n\t\t\tmargin-bottom: 0.25em;\n\t\t}\n\t\t.wp-block-newspack-blocks-homepage-articles .post-thumbnail img {\n\t\t\theight: auto;\n\t\t\twidth: 100%;\n\t\t}\n\t\t.wp-block-newspack-blocks-homepage-articles .post-thumbnail figcaption {\n\t\t\tmargin-bottom: 0.5em;\n\t\t}\n\t\t.wp-block-newspack-blocks-homepage-articles p {\n\t\t\tmargin: 0.5em 0;\n\t\t}\n\n\t\t.wpnbha.ts-2 .entry-title{font-size: 0.9em}.wpnbha.ts-2 article .newspack-post-subtitle, .wpnbha.ts-2 article .entry-wrapper p, .wpnbha.ts-2 article .entry-wrapper .more-link, .wpnbha.ts-2 article .entry-meta {font-size: 0.8em;}\t<\/style>\n\t\t\t\t<div data-posts data-current-post-id=\"269\">\n\t\t\t\t\t\t\n\t<article data-post-id=\"8846\"\n\t\tclass=\"tag-agnes-reeves-taylor tag-civitas-maxima tag-complaint tag-gjrp tag-uk category-press-release type-post\"\n\t\t\t\t>\n\t\t\t\t\n\t\t<div class=\"entry-wrapper\">\n\t\t\t<h2 class=\"entry-title\"><a href=\"https:\/\/civitas-maxima.org\/fr\/attempt-to-silence-victims-quests-for-justice-agnes-reeves-taylor-sues-civitas-maxima-and-global-justice-and-research-project-in-liberia\/\" rel=\"bookmark\">Tentative de r\u00e9duire au silence les victimes : Agnes Reeves Taylor poursuit en justice Civitas Maxima et le Global Justice and Research Project\u00a0<\/a><\/h2>\t\t\t\t\t\t\t\t\t\t<div class=\"entry-meta\">\n\t\t\t\t\t<time class=\"entry-date published\" datetime=\"2023-03-10T10:33:45+01:00\">10th mars 2023<\/time><time class=\"updated\" datetime=\"2023-07-18T11:36:52+02:00\">18th juillet 2023<\/time>\t\t\t\t<\/div><!-- .entry-meta -->\n\t\t\t\t\t<\/div><!-- .entry-wrapper -->\n\t<\/article>\n\n\t\t\n\t<article data-post-id=\"705\"\n\t\tclass=\"tag-agnes-taylor tag-hassan-bility tag-human-rights-defenders tag-liberia tag-npfl category-press-release type-post\"\n\t\t\t\t>\n\t\t\t\t\n\t\t<div class=\"entry-wrapper\">\n\t\t\t<h2 class=\"entry-title\"><a href=\"https:\/\/civitas-maxima.org\/fr\/protect-human-rights-defenders-in-liberia\/\" rel=\"bookmark\">Protect Human Rights Defenders in Liberia<\/a><\/h2>\t\t\t\t\t\t\t\t\t\t<div class=\"entry-meta\">\n\t\t\t\t\t<time class=\"entry-date published\" datetime=\"2020-08-05T17:44:00+02:00\">5th ao\u00fbt 2020<\/time><time class=\"updated\" datetime=\"2023-07-25T11:54:09+02:00\">25th juillet 2023<\/time>\t\t\t\t<\/div><!-- .entry-meta -->\n\t\t\t\t\t<\/div><!-- .entry-wrapper -->\n\t<\/article>\n\n\t\t\n\t<article data-post-id=\"711\"\n\t\tclass=\"tag-agnes-taylor tag-hassan-bility tag-liberia tag-npfl category-press-release type-post\"\n\t\t\t\t>\n\t\t\t\t\n\t\t<div class=\"entry-wrapper\">\n\t\t\t<h2 class=\"entry-title\"><a href=\"https:\/\/civitas-maxima.org\/fr\/agnes-reeves-taylor-vs-the-truth\/\" rel=\"bookmark\">Agnes Reeves Taylor et la ve\u0301rite\u0301<\/a><\/h2>\t\t\t\t\t\t\t\t\t\t<div class=\"entry-meta\">\n\t\t\t\t\t<time class=\"entry-date published\" datetime=\"2020-07-28T18:08:00+02:00\">28 juillet 2020<\/time><time class=\"updated\" datetime=\"2023-07-25T11:52:40+02:00\">25th juillet 2023<\/time>\t\t\t\t<\/div><!-- .entry-meta -->\n\t\t\t\t\t<\/div><!-- .entry-wrapper -->\n\t<\/article>\n\n\t\t\n\t<article data-post-id=\"803\"\n\t\tclass=\"tag-agnes-taylor tag-npfl tag-torture tag-uk category-press-release type-post\"\n\t\t\t\t>\n\t\t\t\t\n\t\t<div class=\"entry-wrapper\">\n\t\t\t<h2 class=\"entry-title\"><a href=\"https:\/\/civitas-maxima.org\/fr\/historic-torture-case-against-agnes-taylor-dismissed\/\" rel=\"bookmark\">La proce\u0301dure historique a\u0300 l\u2019encontre d\u2019Agnes Taylor pour torture est rejete\u0301e<\/a><\/h2>\t\t\t\t\t\t\t\t\t\t<div class=\"entry-meta\">\n\t\t\t\t\t<time class=\"entry-date published\" datetime=\"2019-12-06T18:14:00+01:00\">6th d\u00e9cembre 2019<\/time><time class=\"updated\" datetime=\"2020-12-04T11:33:00+01:00\">4th d\u00e9cembre 2020<\/time>\t\t\t\t<\/div><!-- .entry-meta -->\n\t\t\t\t\t<\/div><!-- .entry-wrapper -->\n\t<\/article>\n\n\t\t\n\t<article data-post-id=\"1232\"\n\t\tclass=\"tag-agnes-taylor tag-jungle-jabbah tag-musus-diary tag-npfl tag-philadelphia tag-thomas-woewiyu tag-ulimo tag-us tag-weah category-press-release type-post\"\n\t\t\t\t>\n\t\t\t\t\n\t\t<div class=\"entry-wrapper\">\n\t\t\t<h2 class=\"entry-title\"><a href=\"https:\/\/civitas-maxima.org\/fr\/warlord-jungle-jabbahs-sentencing-and-further-trials-for-alleged-liberian-war-criminals-set-for-2018\/\" rel=\"bookmark\">Warlord Jungle Jabbah\u2019s sentencing and further trials for alleged Liberian war criminals set for 2018<\/a><\/h2>\t\t\t\t\t\t\t\t\t\t<div class=\"entry-meta\">\n\t\t\t\t\t<time class=\"entry-date published\" datetime=\"2018-01-30T15:31:00+01:00\">30th janvier 2018<\/time><time class=\"updated\" datetime=\"2020-11-16T23:48:45+01:00\">16 novembre 2020<\/time>\t\t\t\t<\/div><!-- .entry-meta -->\n\t\t\t\t\t<\/div><!-- .entry-wrapper -->\n\t<\/article>\n\n\t\t\n\t<article data-post-id=\"1247\"\n\t\tclass=\"tag-agnes-taylor tag-arrest tag-liberia tag-london tag-npfl tag-torture tag-uk category-press-release type-post\"\n\t\t\t\t>\n\t\t\t\t\n\t\t<div class=\"entry-wrapper\">\n\t\t\t<h2 class=\"entry-title\"><a href=\"https:\/\/civitas-maxima.org\/fr\/ex-wife-of-charles-taylor-charged-with-torture-arrested-in-london\/\" rel=\"bookmark\">L\u2019Ex-femme de Charles Taylor Accus\u00e9e de torture a \u00e9t\u00e9 arr\u00eat\u00e9e \u00e0 Londres<\/a><\/h2>\t\t\t\t\t\t\t\t\t\t<div class=\"entry-meta\">\n\t\t\t\t\t<time class=\"entry-date published\" datetime=\"2017-06-02T17:35:00+02:00\">2nd juin 2017<\/time><time class=\"updated\" datetime=\"2020-11-16T23:59:42+01:00\">16 novembre 2020<\/time>\t\t\t\t<\/div><!-- .entry-meta -->\n\t\t\t\t\t<\/div><!-- .entry-wrapper -->\n\t<\/article>\n\n\t\t\t\t<\/div>\n\t\t\n\t<\/div>\n\t<\/div><\/details><\/div>\n\n\n\n<div class=\"wp-block-coblocks-accordion-item\"><details><summary class=\"wp-block-coblocks-accordion-item__title\">R\u00e9f\u00e9rences externes<\/summary><div class=\"wp-block-coblocks-accordion-item__content\">\n<ul class=\"wp-block-list\" id=\"block-41cecb94-a692-41b3-9b30-dfecfd49c68b\">\n<li>FrontPage Africa (2020) &#8211; <a href=\"https:\/\/frontpageafricaonline.com\/liberia-war-crimes-trial\/liberia-human-rights-defender-hassan-bility-debunks-agnes-reeves-taylors-claims-united-kingdom-court-dismissed-case-over-lack-of-evidence\/\"><strong>Liberia: Human Rights Defender Hassan Bility Debunks Agnes Reeves Taylor\u2019s Claims United Kingdom Court Dismissed Case Over Lack of Evidence<\/strong><\/a><\/li>\n\n\n\n<li>The New York Times (2019) &#8211;<a href=\"https:\/\/www.nytimes.com\/2019\/12\/07\/world\/europe\/liberia-charles-taylor-wife-uk.html\"><strong> U.K. Halts Torture Case Against Ex-Wife of Liberia\u2019s Charles Taylor<\/strong><\/a><\/li>\n\n\n\n<li>BBC (2019) &#8211; <a href=\"https:\/\/www.bbc.com\/pidgin\/tori-53476603\"><strong>Agnes Reeves-Taylor return to Liberia: Who be Charles Taylor wife wey bin dey prison for war crimes<\/strong><\/a><\/li>\n\n\n\n<li>BBC (2019) &#8211;<a href=\"https:\/\/www.bbc.com\/news\/uk-50685426\"><strong> Torture charges against former Liberia leader&#8217;s ex-wife dismissed<\/strong><\/a><\/li>\n\n\n\n<li>The Guardian (2017) &#8211; <a href=\"https:\/\/www.theguardian.com\/world\/2017\/jun\/02\/ex-wife-of-former-liberian-president-charged-with-torture\"><strong>Ex-wife of former Liberian president charged with torture<\/strong><\/a><\/li>\n<\/ul>\n<\/div><\/details><\/div>\n<\/div>","protected":false},"excerpt":{"rendered":"<p>Agnes Reeves Taylor Facts Faction NPFL Nationality Liberian Period of Activity First Liberian Civil War Charges Torture Status Dismissed Q&amp;A In June 2017, the Metropolitan Police Service arrested Agnes Taylor, Charles Taylor\u2019s ex-wife, charged with torture for her alleged involvement with atrocities committed by Charles Taylor\u2019s rebel group, the National Patriotic Front of Liberia (NPFL), [&hellip;]<\/p>\n<p><a class=\"moretag\" href=\"https:\/\/civitas-maxima.org\/fr\/legal-work\/our-cases\/agnes-reeves-taylor\/\">Lire la suite<\/a><\/p>\n","protected":false},"author":179586343,"featured_media":0,"parent":210,"menu_order":0,"comment_status":"closed","ping_status":"closed","template":"","meta":{"_coblocks_attr":"","_coblocks_dimensions":"","_coblocks_responsive_height":"","_coblocks_accordion_ie_support":"","_crdt_document":"","footnotes":""},"class_list":["post-269","page","type-page","status-publish","hentry"],"yoast_head":"<!-- This site is optimized with the Yoast SEO plugin v27.3 - https:\/\/yoast.com\/product\/yoast-seo-wordpress\/ -->\n<title>Agnes Reeves Taylor | Civitas Maxima<\/title>\n<meta name=\"robots\" content=\"index, follow, max-snippet:-1, max-image-preview:large, max-video-preview:-1\" \/>\n<link rel=\"canonical\" href=\"https:\/\/civitas-maxima.org\/fr\/legal-work\/our-cases\/agnes-reeves-taylor\/\" \/>\n<meta property=\"og:locale\" content=\"fr_FR\" \/>\n<meta property=\"og:type\" content=\"article\" \/>\n<meta property=\"og:title\" content=\"Agnes Reeves Taylor | Civitas Maxima\" \/>\n<meta property=\"og:description\" content=\"Agnes Reeves Taylor Facts Faction NPFL Nationality Liberian Period of Activity First Liberian Civil War Charges Torture Status Dismissed Q&amp;A In June 2017, the Metropolitan Police Service arrested Agnes Taylor, Charles Taylor\u2019s ex-wife, charged with torture for her alleged involvement with atrocities committed by Charles Taylor\u2019s rebel group, the National Patriotic Front of Liberia (NPFL), [&hellip;]Lire la suite\" \/>\n<meta property=\"og:url\" content=\"https:\/\/civitas-maxima.org\/fr\/legal-work\/our-cases\/agnes-reeves-taylor\/\" \/>\n<meta property=\"og:site_name\" content=\"Civitas Maxima\" \/>\n<meta property=\"article:publisher\" content=\"https:\/\/www.facebook.com\/civitasmaxima\/?locale=fr_FR\" \/>\n<meta property=\"article:modified_time\" content=\"2024-03-26T10:33:35+00:00\" \/>\n<meta property=\"og:image\" content=\"https:\/\/i0.wp.com\/civitas-maxima.org\/wp-content\/uploads\/2020\/11\/cm-logo.png?fit=470%2C470&ssl=1\" \/>\n\t<meta property=\"og:image:width\" content=\"470\" \/>\n\t<meta property=\"og:image:height\" content=\"470\" \/>\n\t<meta property=\"og:image:type\" content=\"image\/png\" \/>\n<meta name=\"twitter:card\" content=\"summary_large_image\" \/>\n<meta name=\"twitter:site\" content=\"@Civitas_Maxima\" \/>\n<script type=\"application\/ld+json\" class=\"yoast-schema-graph\">{\"@context\":\"https:\\\/\\\/schema.org\",\"@graph\":[{\"@type\":\"WebPage\",\"@id\":\"https:\\\/\\\/civitas-maxima.org\\\/legal-work\\\/our-cases\\\/agnes-reeves-taylor\\\/\",\"url\":\"https:\\\/\\\/civitas-maxima.org\\\/legal-work\\\/our-cases\\\/agnes-reeves-taylor\\\/\",\"name\":\"Agnes Reeves Taylor | Civitas Maxima\",\"isPartOf\":{\"@id\":\"https:\\\/\\\/civitas-maxima.org\\\/#website\"},\"datePublished\":\"2020-10-01T14:49:05+00:00\",\"dateModified\":\"2024-03-26T10:33:35+00:00\",\"breadcrumb\":{\"@id\":\"https:\\\/\\\/civitas-maxima.org\\\/legal-work\\\/our-cases\\\/agnes-reeves-taylor\\\/#breadcrumb\"},\"inLanguage\":\"fr-FR\",\"potentialAction\":[{\"@type\":\"ReadAction\",\"target\":[\"https:\\\/\\\/civitas-maxima.org\\\/legal-work\\\/our-cases\\\/agnes-reeves-taylor\\\/\"]}]},{\"@type\":\"BreadcrumbList\",\"@id\":\"https:\\\/\\\/civitas-maxima.org\\\/legal-work\\\/our-cases\\\/agnes-reeves-taylor\\\/#breadcrumb\",\"itemListElement\":[{\"@type\":\"ListItem\",\"position\":1,\"name\":\"Home\",\"item\":\"https:\\\/\\\/civitas-maxima.org\\\/\"},{\"@type\":\"ListItem\",\"position\":2,\"name\":\"Legal Work\",\"item\":\"https:\\\/\\\/civitas-maxima.org\\\/legal-work\\\/\"},{\"@type\":\"ListItem\",\"position\":3,\"name\":\"Public cases\",\"item\":\"https:\\\/\\\/civitas-maxima.org\\\/legal-work\\\/our-cases\\\/\"},{\"@type\":\"ListItem\",\"position\":4,\"name\":\"Agnes Reeves Taylor\"}]},{\"@type\":\"WebSite\",\"@id\":\"https:\\\/\\\/civitas-maxima.org\\\/#website\",\"url\":\"https:\\\/\\\/civitas-maxima.org\\\/\",\"name\":\"Civitas Maxima\",\"description\":\"Together Against Impunity\",\"publisher\":{\"@id\":\"https:\\\/\\\/civitas-maxima.org\\\/#organization\"},\"potentialAction\":[{\"@type\":\"SearchAction\",\"target\":{\"@type\":\"EntryPoint\",\"urlTemplate\":\"https:\\\/\\\/civitas-maxima.org\\\/?s={search_term_string}\"},\"query-input\":{\"@type\":\"PropertyValueSpecification\",\"valueRequired\":true,\"valueName\":\"search_term_string\"}}],\"inLanguage\":\"fr-FR\"},{\"@type\":\"Organization\",\"@id\":\"https:\\\/\\\/civitas-maxima.org\\\/#organization\",\"name\":\"Civitas Maxima\",\"url\":\"https:\\\/\\\/civitas-maxima.org\\\/\",\"logo\":{\"@type\":\"ImageObject\",\"inLanguage\":\"fr-FR\",\"@id\":\"https:\\\/\\\/civitas-maxima.org\\\/#\\\/schema\\\/logo\\\/image\\\/\",\"url\":\"https:\\\/\\\/i0.wp.com\\\/civitas-maxima.org\\\/wp-content\\\/uploads\\\/2020\\\/09\\\/cm-logo.jpg?fit=212%2C209&ssl=1\",\"contentUrl\":\"https:\\\/\\\/i0.wp.com\\\/civitas-maxima.org\\\/wp-content\\\/uploads\\\/2020\\\/09\\\/cm-logo.jpg?fit=212%2C209&ssl=1\",\"width\":212,\"height\":209,\"caption\":\"Civitas Maxima\"},\"image\":{\"@id\":\"https:\\\/\\\/civitas-maxima.org\\\/#\\\/schema\\\/logo\\\/image\\\/\"},\"sameAs\":[\"https:\\\/\\\/www.facebook.com\\\/civitasmaxima\\\/?locale=fr_FR\",\"https:\\\/\\\/x.com\\\/Civitas_Maxima\",\"https:\\\/\\\/www.linkedin.com\\\/company\\\/civitas-maxima\",\"https:\\\/\\\/www.instagram.com\\\/civitas_maxima\\\/\"]}]}<\/script>\n<!-- \/ Yoast SEO plugin. -->","yoast_head_json":{"title":"Agnes Reeves Taylor | Civitas Maxima","robots":{"index":"index","follow":"follow","max-snippet":"max-snippet:-1","max-image-preview":"max-image-preview:large","max-video-preview":"max-video-preview:-1"},"canonical":"https:\/\/civitas-maxima.org\/fr\/legal-work\/our-cases\/agnes-reeves-taylor\/","og_locale":"fr_FR","og_type":"article","og_title":"Agnes Reeves Taylor | Civitas Maxima","og_description":"Agnes Reeves Taylor Facts Faction NPFL Nationality Liberian Period of Activity First Liberian Civil War Charges Torture Status Dismissed Q&amp;A In June 2017, the Metropolitan Police Service arrested Agnes Taylor, Charles Taylor\u2019s ex-wife, charged with torture for her alleged involvement with atrocities committed by Charles Taylor\u2019s rebel group, the National Patriotic Front of Liberia (NPFL), [&hellip;]Lire la suite","og_url":"https:\/\/civitas-maxima.org\/fr\/legal-work\/our-cases\/agnes-reeves-taylor\/","og_site_name":"Civitas Maxima","article_publisher":"https:\/\/www.facebook.com\/civitasmaxima\/?locale=fr_FR","article_modified_time":"2024-03-26T10:33:35+00:00","og_image":[{"width":470,"height":470,"url":"https:\/\/i0.wp.com\/civitas-maxima.org\/wp-content\/uploads\/2020\/11\/cm-logo.png?fit=470%2C470&ssl=1","type":"image\/png"}],"twitter_card":"summary_large_image","twitter_site":"@Civitas_Maxima","schema":{"@context":"https:\/\/schema.org","@graph":[{"@type":"WebPage","@id":"https:\/\/civitas-maxima.org\/legal-work\/our-cases\/agnes-reeves-taylor\/","url":"https:\/\/civitas-maxima.org\/legal-work\/our-cases\/agnes-reeves-taylor\/","name":"Agnes Reeves Taylor | Civitas Maxima","isPartOf":{"@id":"https:\/\/civitas-maxima.org\/#website"},"datePublished":"2020-10-01T14:49:05+00:00","dateModified":"2024-03-26T10:33:35+00:00","breadcrumb":{"@id":"https:\/\/civitas-maxima.org\/legal-work\/our-cases\/agnes-reeves-taylor\/#breadcrumb"},"inLanguage":"fr-FR","potentialAction":[{"@type":"ReadAction","target":["https:\/\/civitas-maxima.org\/legal-work\/our-cases\/agnes-reeves-taylor\/"]}]},{"@type":"BreadcrumbList","@id":"https:\/\/civitas-maxima.org\/legal-work\/our-cases\/agnes-reeves-taylor\/#breadcrumb","itemListElement":[{"@type":"ListItem","position":1,"name":"Home","item":"https:\/\/civitas-maxima.org\/"},{"@type":"ListItem","position":2,"name":"Legal Work","item":"https:\/\/civitas-maxima.org\/legal-work\/"},{"@type":"ListItem","position":3,"name":"Public cases","item":"https:\/\/civitas-maxima.org\/legal-work\/our-cases\/"},{"@type":"ListItem","position":4,"name":"Agnes Reeves Taylor"}]},{"@type":"WebSite","@id":"https:\/\/civitas-maxima.org\/#website","url":"https:\/\/civitas-maxima.org\/","name":"Civitas Maxima","description":"Together Against Impunity","publisher":{"@id":"https:\/\/civitas-maxima.org\/#organization"},"potentialAction":[{"@type":"SearchAction","target":{"@type":"EntryPoint","urlTemplate":"https:\/\/civitas-maxima.org\/?s={search_term_string}"},"query-input":{"@type":"PropertyValueSpecification","valueRequired":true,"valueName":"search_term_string"}}],"inLanguage":"fr-FR"},{"@type":"Organization","@id":"https:\/\/civitas-maxima.org\/#organization","name":"Civitas Maxima","url":"https:\/\/civitas-maxima.org\/","logo":{"@type":"ImageObject","inLanguage":"fr-FR","@id":"https:\/\/civitas-maxima.org\/#\/schema\/logo\/image\/","url":"https:\/\/i0.wp.com\/civitas-maxima.org\/wp-content\/uploads\/2020\/09\/cm-logo.jpg?fit=212%2C209&ssl=1","contentUrl":"https:\/\/i0.wp.com\/civitas-maxima.org\/wp-content\/uploads\/2020\/09\/cm-logo.jpg?fit=212%2C209&ssl=1","width":212,"height":209,"caption":"Civitas Maxima"},"image":{"@id":"https:\/\/civitas-maxima.org\/#\/schema\/logo\/image\/"},"sameAs":["https:\/\/www.facebook.com\/civitasmaxima\/?locale=fr_FR","https:\/\/x.com\/Civitas_Maxima","https:\/\/www.linkedin.com\/company\/civitas-maxima","https:\/\/www.instagram.com\/civitas_maxima\/"]}]}},"jetpack_sharing_enabled":true,"jetpack_shortlink":"https:\/\/wp.me\/PclLIv-4l","amp_enabled":true,"_links":{"self":[{"href":"https:\/\/civitas-maxima.org\/fr\/wp-json\/wp\/v2\/pages\/269","targetHints":{"allow":["GET"]}}],"collection":[{"href":"https:\/\/civitas-maxima.org\/fr\/wp-json\/wp\/v2\/pages"}],"about":[{"href":"https:\/\/civitas-maxima.org\/fr\/wp-json\/wp\/v2\/types\/page"}],"author":[{"embeddable":true,"href":"https:\/\/civitas-maxima.org\/fr\/wp-json\/wp\/v2\/users\/179586343"}],"replies":[{"embeddable":true,"href":"https:\/\/civitas-maxima.org\/fr\/wp-json\/wp\/v2\/comments?post=269"}],"version-history":[{"count":43,"href":"https:\/\/civitas-maxima.org\/fr\/wp-json\/wp\/v2\/pages\/269\/revisions"}],"predecessor-version":[{"id":12189,"href":"https:\/\/civitas-maxima.org\/fr\/wp-json\/wp\/v2\/pages\/269\/revisions\/12189"}],"up":[{"embeddable":true,"href":"https:\/\/civitas-maxima.org\/fr\/wp-json\/wp\/v2\/pages\/210"}],"wp:attachment":[{"href":"https:\/\/civitas-maxima.org\/fr\/wp-json\/wp\/v2\/media?parent=269"}],"curies":[{"name":"wp","href":"https:\/\/api.w.org\/{rel}","templated":true}]}}