{"id":283,"date":"2020-10-02T11:11:26","date_gmt":"2020-10-02T09:11:26","guid":{"rendered":"https:\/\/civitas-maxima.org\/?page_id=283"},"modified":"2024-03-26T11:43:02","modified_gmt":"2024-03-26T10:43:02","slug":"thomas-woewiyu","status":"publish","type":"page","link":"https:\/\/civitas-maxima.org\/fr\/legal-work\/our-cases\/thomas-woewiyu\/","title":{"rendered":"Thomas Woewiyu"},"content":{"rendered":"<h2 class=\"wp-block-heading has-text-align-center\"><mark style=\"background-color:rgba(0, 0, 0, 0);color:#15788c\" class=\"has-inline-color\">Thomas Woewiyu<\/mark><\/h2>\n\n\n\n<div class=\"wp-block-columns is-layout-flex wp-container-core-columns-is-layout-8f761849 wp-block-columns-is-layout-flex\">\n<div class=\"wp-block-column is-layout-flow wp-block-column-is-layout-flow\">\n<h4 class=\"wp-block-heading has-text-align-center\">\u00c9l\u00e9ments cl\u00e9s<\/h4>\n\n\n\n<figure class=\"wp-block-table is-style-stripes\"><table><tbody><tr><td><strong>Faction<\/strong><\/td><td>NPFL<\/td><\/tr><tr><td><strong>Nationalit\u00e9<\/strong><\/td><td>Lib\u00e9rien<\/td><\/tr><tr><td><strong>P\u00e9riode d'activit\u00e9    <\/strong>     <\/td><td>Premi\u00e8re guerre civile lib\u00e9rienne<\/td><\/tr><tr><td><strong>Chef d'accusation<\/strong><\/td><td>Fraude \u00e0 l'immigration<\/td><\/tr><tr><td><strong>Statut<\/strong><\/td><td>Condamn\u00e9 mais d\u00e9c\u00e9d\u00e9 en attendant le prononc\u00e9 de la peine<\/td><\/tr><\/tbody><\/table><\/figure>\n<\/div>\n\n\n\n<div class=\"wp-block-column is-layout-flow wp-block-column-is-layout-flow\">\n<h4 class=\"wp-block-heading has-text-align-center\">Ressources<\/h4>\n\n\n\n<div class=\"wp-block-coblocks-accordion\">\n<div class=\"wp-block-coblocks-accordion-item\"><details><summary class=\"wp-block-coblocks-accordion-item__title\">Documents importants<\/summary><div class=\"wp-block-coblocks-accordion-item__content\">\n<p class=\"wp-block-paragraph\"><a href=\"https:\/\/75890720.flowpaper.com\/woewiyusentencingmemorandumfiled0\/\" target=\"_blank\" rel=\"noreferrer noopener\">Sentencing Memorandum<\/a><\/p>\n\n\n\n<p class=\"wp-block-paragraph\"><a href=\"https:\/\/75890720.flowpaper.com\/woewiyutrialmem\/\" target=\"_blank\" rel=\"noreferrer noopener\">Trial Memorandum<\/a><\/p>\n<\/div><\/details><\/div>\n\n\n\n<div class=\"wp-block-coblocks-accordion-item\"><details><summary class=\"wp-block-coblocks-accordion-item__title\">Comptes-rendus de proc\u00e8s<\/summary><div class=\"wp-block-coblocks-accordion-item__content\">\n<p class=\"wp-block-paragraph\">Civitas Maxima a suivi le proc\u00e8s et a produit un suivi quotidien du proc\u00e8s. Vous pouvez le trouver <a href=\"https:\/\/civitas-maxima.org\/fr\/trial-monitoring-thomas-woewiyu\/\" target=\"_blank\" rel=\"noreferrer noopener\">ici<\/a>.<\/p>\n<\/div><\/details><\/div>\n\n\n\n<div class=\"wp-block-coblocks-accordion-item\"><details><summary class=\"wp-block-coblocks-accordion-item__title\">Nos vid\u00e9os sur le proc\u00e8s Woewiyu<\/summary><div class=\"wp-block-coblocks-accordion-item__content\">\n<p class=\"wp-block-paragraph\">Les vid\u00e9os ont \u00e9t\u00e9 cr\u00e9\u00e9es en collaboration avec&nbsp;<a rel=\"noreferrer noopener\" href=\"https:\/\/nicolasbc.com\/\" target=\"_blank\">Nicolas Braguinsky Cascini<\/a>.<\/p>\n\n\n\n<figure class=\"wp-block-embed is-type-video is-provider-youtube wp-block-embed-youtube\"><div class=\"wp-block-embed__wrapper\">\n<span class=\"embed-youtube\" style=\"text-align:center; display: block;\"><iframe loading=\"lazy\" class=\"youtube-player\" width=\"640\" height=\"360\" src=\"https:\/\/www.youtube.com\/embed\/r6ORR-andac?version=3&#038;rel=1&#038;showsearch=0&#038;showinfo=1&#038;iv_load_policy=1&#038;fs=1&#038;hl=fr-FR&#038;autohide=2&#038;wmode=transparent\" allowfullscreen=\"true\" style=\"border:0;\" sandbox=\"allow-scripts allow-same-origin allow-popups allow-presentation allow-popups-to-escape-sandbox\"><\/iframe><\/span>\n<\/div><\/figure>\n\n\n\n<figure class=\"wp-block-embed is-type-video is-provider-youtube wp-block-embed-youtube\"><div class=\"wp-block-embed__wrapper\">\n<span class=\"embed-youtube\" style=\"text-align:center; display: block;\"><iframe loading=\"lazy\" class=\"youtube-player\" width=\"640\" height=\"360\" src=\"https:\/\/www.youtube.com\/embed\/g3DeoavcEmk?version=3&#038;rel=1&#038;showsearch=0&#038;showinfo=1&#038;iv_load_policy=1&#038;fs=1&#038;hl=fr-FR&#038;autohide=2&#038;wmode=transparent\" allowfullscreen=\"true\" style=\"border:0;\" sandbox=\"allow-scripts allow-same-origin allow-popups allow-presentation allow-popups-to-escape-sandbox\"><\/iframe><\/span>\n<\/div><\/figure>\n\n\n\n<figure class=\"wp-block-embed is-type-video is-provider-youtube wp-block-embed-youtube\"><div class=\"wp-block-embed__wrapper\">\n<span class=\"embed-youtube\" style=\"text-align:center; display: block;\"><iframe loading=\"lazy\" class=\"youtube-player\" width=\"640\" height=\"360\" src=\"https:\/\/www.youtube.com\/embed\/Gml92RQX1Gg?version=3&#038;rel=1&#038;showsearch=0&#038;showinfo=1&#038;iv_load_policy=1&#038;fs=1&#038;hl=fr-FR&#038;autohide=2&#038;wmode=transparent\" allowfullscreen=\"true\" style=\"border:0;\" sandbox=\"allow-scripts allow-same-origin allow-popups allow-presentation allow-popups-to-escape-sandbox\"><\/iframe><\/span>\n<\/div><\/figure>\n\n\n\n<figure class=\"wp-block-embed is-type-video is-provider-youtube wp-block-embed-youtube\"><div class=\"wp-block-embed__wrapper\">\n<span class=\"embed-youtube\" style=\"text-align:center; display: block;\"><iframe loading=\"lazy\" class=\"youtube-player\" width=\"640\" height=\"360\" src=\"https:\/\/www.youtube.com\/embed\/-dzKtGrmEx8?version=3&#038;rel=1&#038;showsearch=0&#038;showinfo=1&#038;iv_load_policy=1&#038;fs=1&#038;hl=fr-FR&#038;autohide=2&#038;wmode=transparent\" allowfullscreen=\"true\" style=\"border:0;\" sandbox=\"allow-scripts allow-same-origin allow-popups allow-presentation allow-popups-to-escape-sandbox\"><\/iframe><\/span>\n<\/div><\/figure>\n\n\n\n<figure class=\"wp-block-embed is-type-video is-provider-youtube wp-block-embed-youtube\"><div class=\"wp-block-embed__wrapper\">\n<span class=\"embed-youtube\" style=\"text-align:center; display: block;\"><iframe loading=\"lazy\" class=\"youtube-player\" width=\"640\" height=\"360\" src=\"https:\/\/www.youtube.com\/embed\/sA8w0m3bsZw?version=3&#038;rel=1&#038;showsearch=0&#038;showinfo=1&#038;iv_load_policy=1&#038;fs=1&#038;hl=fr-FR&#038;autohide=2&#038;start=1&#038;wmode=transparent\" allowfullscreen=\"true\" style=\"border:0;\" sandbox=\"allow-scripts allow-same-origin allow-popups allow-presentation allow-popups-to-escape-sandbox\"><\/iframe><\/span>\n<\/div><\/figure>\n<\/div><\/details><\/div>\n\n\n\n<div class=\"wp-block-coblocks-accordion-item\"><details><summary class=\"wp-block-coblocks-accordion-item__title\">Communiqu\u00e9s de presse <\/summary><div class=\"wp-block-coblocks-accordion-item__content\">\t<div\n\t\tclass=\"wp-block-newspack-blocks-homepage-articles is-style-borders wpnbha ts-2 is-style-borders has-text-align-left has-text-color\"\n\t\tstyle=\"color: #007489;\"\n\t\t>\n\t\t\t\t\t<style id=\"newspack-blocks-inline-css\" type=\"text\/css\">\t\t.wp-block-newspack-blocks-homepage-articles article .entry-title {\n\t\t\tfont-size: 1.2em;\n\t\t}\n\t\t.wp-block-newspack-blocks-homepage-articles .entry-meta {\n\t\t\tdisplay: flex;\n\t\t\tflex-wrap: wrap;\n\t\t\talign-items: center;\n\t\t\tmargin-top: 0.5em;\n\t\t}\n\t\t.wp-block-newspack-blocks-homepage-articles article .entry-meta {\n\t\t\tfont-size: 0.8em;\n\t\t}\n\t\t.wp-block-newspack-blocks-homepage-articles article .avatar {\n\t\t\theight: 25px;\n\t\t\twidth: 25px;\n\t\t}\n\t\t.wp-block-newspack-blocks-homepage-articles .post-thumbnail{\n\t\t\tmargin: 0;\n\t\t\tmargin-bottom: 0.25em;\n\t\t}\n\t\t.wp-block-newspack-blocks-homepage-articles .post-thumbnail img {\n\t\t\theight: auto;\n\t\t\twidth: 100%;\n\t\t}\n\t\t.wp-block-newspack-blocks-homepage-articles .post-thumbnail figcaption {\n\t\t\tmargin-bottom: 0.5em;\n\t\t}\n\t\t.wp-block-newspack-blocks-homepage-articles p {\n\t\t\tmargin: 0.5em 0;\n\t\t}\n\n\t\t.wpnbha.ts-2 .entry-title{font-size: 0.9em}.wpnbha.ts-2 article .newspack-post-subtitle, .wpnbha.ts-2 article .entry-wrapper p, .wpnbha.ts-2 article .entry-wrapper .more-link, .wpnbha.ts-2 article .entry-meta {font-size: 0.8em;}\t<\/style>\n\t\t\t\t<div data-posts data-current-post-id=\"283\">\n\t\t\t\t\t\t\n\t<article data-post-id=\"725\"\n\t\tclass=\"tag-corona tag-covid-19 tag-npfl tag-philadelphia tag-thomas-woewiyu tag-us category-press-release type-post\"\n\t\t\t\t>\n\t\t\t\t\n\t\t<div class=\"entry-wrapper\">\n\t\t\t<h2 class=\"entry-title\"><a href=\"https:\/\/civitas-maxima.org\/fr\/thomas-woewiyu-dies-of-covid-19-whilst-awaiting-sentencing\/\" rel=\"bookmark\">Thomas Woewiyu dies of COVID-19 whilst awaiting sentencing<\/a><\/h2>\t\t\t\t\t\t\t\t\t\t<div class=\"entry-meta\">\n\t\t\t\t\t<time class=\"entry-date published\" datetime=\"2020-04-13T18:14:00+02:00\">13th avril 2020<\/time><time class=\"updated\" datetime=\"2020-11-16T22:52:48+01:00\">16 novembre 2020<\/time>\t\t\t\t<\/div><!-- .entry-meta -->\n\t\t\t\t\t<\/div><!-- .entry-wrapper -->\n\t<\/article>\n\n\t\t\n\t<article data-post-id=\"1134\"\n\t\tclass=\"tag-guilty tag-npfl tag-philadelphia tag-thomas-woewiyu tag-us tag-verdict category-press-release type-post\"\n\t\t\t\t>\n\t\t\t\t\n\t\t<div class=\"entry-wrapper\">\n\t\t\t<h2 class=\"entry-title\"><a href=\"https:\/\/civitas-maxima.org\/fr\/a-step-for-global-justice\/\" rel=\"bookmark\">Woewiyu\u2019s verdict: a Step for Global Justice<\/a><\/h2>\t\t\t\t\t\t\t\t\t\t<div class=\"entry-meta\">\n\t\t\t\t\t<time class=\"entry-date published\" datetime=\"2018-07-03T16:06:00+02:00\">3 juillet 2018<\/time><time class=\"updated\" datetime=\"2023-07-25T12:28:57+02:00\">25th juillet 2023<\/time>\t\t\t\t<\/div><!-- .entry-meta -->\n\t\t\t\t\t<\/div><!-- .entry-wrapper -->\n\t<\/article>\n\n\t\t\n\t<article data-post-id=\"1142\"\n\t\tclass=\"tag-npfl tag-philadelphia tag-thomas-woewiyu tag-trial tag-us category-press-release type-post\"\n\t\t\t\t>\n\t\t\t\t\n\t\t<div class=\"entry-wrapper\">\n\t\t\t<h2 class=\"entry-title\"><a href=\"https:\/\/civitas-maxima.org\/fr\/woewiyus-trial-beginning-the-momentum-for-justice-in-west-africa\/\" rel=\"bookmark\">L\u2019Afrique de L\u2019Ouest : Un Momentum Pour la Justice<\/a><\/h2>\t\t\t\t\t\t\t\t\t\t<div class=\"entry-meta\">\n\t\t\t\t\t<time class=\"entry-date published\" datetime=\"2018-06-08T16:46:00+02:00\">8 juin 2018<\/time><time class=\"updated\" datetime=\"2023-07-25T13:25:22+02:00\">25th juillet 2023<\/time>\t\t\t\t<\/div><!-- .entry-meta -->\n\t\t\t\t\t<\/div><!-- .entry-wrapper -->\n\t<\/article>\n\n\t\t\n\t<article data-post-id=\"1232\"\n\t\tclass=\"tag-agnes-taylor tag-jungle-jabbah tag-musus-diary tag-npfl tag-philadelphia tag-thomas-woewiyu tag-ulimo tag-us tag-weah category-press-release type-post\"\n\t\t\t\t>\n\t\t\t\t\n\t\t<div class=\"entry-wrapper\">\n\t\t\t<h2 class=\"entry-title\"><a href=\"https:\/\/civitas-maxima.org\/fr\/warlord-jungle-jabbahs-sentencing-and-further-trials-for-alleged-liberian-war-criminals-set-for-2018\/\" rel=\"bookmark\">Warlord Jungle Jabbah\u2019s sentencing and further trials for alleged Liberian war criminals set for 2018<\/a><\/h2>\t\t\t\t\t\t\t\t\t\t<div class=\"entry-meta\">\n\t\t\t\t\t<time class=\"entry-date published\" datetime=\"2018-01-30T15:31:00+01:00\">30th janvier 2018<\/time><time class=\"updated\" datetime=\"2020-11-16T23:48:45+01:00\">16 novembre 2020<\/time>\t\t\t\t<\/div><!-- .entry-meta -->\n\t\t\t\t\t<\/div><!-- .entry-wrapper -->\n\t<\/article>\n\n\t\t\t\t<\/div>\n\t\t\n\t<\/div>\n\t<\/div><\/details><\/div>\n\n\n\n<div class=\"wp-block-coblocks-accordion-item\"><details><summary class=\"wp-block-coblocks-accordion-item__title\">Liens externes<\/summary><div class=\"wp-block-coblocks-accordion-item__content\">\n<ul class=\"wp-block-list\">\n<li>Inquirer (2020) &#8211; <a rel=\"noreferrer noopener\" href=\"https:\/\/www.inquirer.com\/news\/tom-woewiyu-death-sentencing-obituary-liberia-civil-war-philadelphia-collingdale-20200413.html\" data-type=\"URL\" data-id=\"https:\/\/www.inquirer.com\/news\/tom-woewiyu-death-sentencing-obituary-liberia-civil-war-philadelphia-collingdale-20200413.html\" target=\"_blank\">Coronavirus kills Delco man convicted of hiding his role in Liberian war crimes, robbing victims of decades-deferred justice <\/a><\/li>\n\n\n\n<li>The New Republic (2019) &#8211; <a rel=\"noreferrer noopener\" href=\"https:\/\/newrepublic.com\/article\/153416\/us-became-haven-war-criminals\" target=\"_blank\">How the U.S. Became a Haven for War Criminals<\/a><\/li>\n\n\n\n<li>FrontPage Africa (2018) &#8211; <a rel=\"noreferrer noopener\" href=\"https:\/\/frontpageafricaonline.com\/liberia-war-crimes-trial\/thomas-woewiyu-found-guilty-on-11-counts-in-philadelphia\/\" target=\"_blank\">Thomas Woewiyu Found Guilty on 11 Counts in Philadelphia<\/a><\/li>\n\n\n\n<li>NBC Philadelphia (2018) &#8211; <a rel=\"noreferrer noopener\" href=\"https:\/\/www.nbcphiladelphia.com\/news\/local\/liberia-jucontee-thomas-woewiyu-immigration-fraud-trial\/56814\/\" target=\"_blank\">Former Liberian Official With Philadelphia Ties Faces Decades Behind Bars at Immigration Fraud Trial<\/a><\/li>\n<\/ul>\n<\/div><\/details><\/div>\n<\/div>\n<\/div>\n<\/div>\n\n\n\n<p class=\"has-text-align-justify wp-block-paragraph\"><strong><a href=\"https:\/\/civitas-maxima.org\/fr\/trial-monitoring-thomas-woewiyu\/\">Thomas Woewiyu<\/a><\/strong> a fond\u00e9 le NPFL avec Charles Taylor et a occup\u00e9 les fonctions de porte-parole et de ministre de la d\u00e9fense jusqu'\u00e0 ce que des dissonances politiques le conduisent \u00e0 cr\u00e9er et \u00e0 diriger le NPFL-CRC pendant la premi\u00e8re guerre civile du Liberia (1989-1996).<\/p>\n\n\n\n<p class=\"has-text-align-justify wp-block-paragraph\">En mai 2014, Woewiyu a \u00e9t\u00e9 arr\u00eat\u00e9 \u00e0 l'a\u00e9roport international Newark Liberty dans le New Jersey, aux \u00c9tats-Unis, \u00e0 son retour d'un voyage au Liberia. Woewiyu a \u00e9t\u00e9 inculp\u00e9 de deux chefs d'accusation pour tentative d'obtention frauduleuse de la citoyennet\u00e9, de quatre\nquatre chefs d'accusation pour fraude dans les documents d'immigration, de trois chefs d'accusation pour fausses d\u00e9clarations en relation avec la naturalisation et de sept chefs d'accusation pour parjure.&nbsp;<\/p>\n\n\n\n<p class=\"has-text-align-justify wp-block-paragraph\">Le 11 juin 2018 a marqu\u00e9 le d\u00e9but du proc\u00e8s pour fraude \u00e0 l'immigration de Woewiyu. Plus de 35 t\u00e9moins ont t\u00e9moign\u00e9 de son implication directe et indirecte dans des crimes de guerre pendant la guerre civile. Apr\u00e8s 13 jours de proc\u00e8s, le jury a d\u00e9clar\u00e9 Woewiyu coupable de 11 des 16 chefs d'accusation le 3 juillet 2018 ; sa peine maximale possible est de 75 ans de prison. Woewiyu est d\u00e9c\u00e9d\u00e9 le 12 avril 2020 des suites de la maladie COVID-19, \u00e0 Philadelphie, aux \u00c9tats-Unis. Il \u00e9tait toujours en attente de sa condamnation. <\/p>\n\n\n\n<p class=\"has-text-align-justify wp-block-paragraph\">Civitas Maxima et son organisation s\u0153ur lib\u00e9rienne, le Global Justice and Research Project (GJRP), ont assist\u00e9 les autorit\u00e9s am\u00e9ricaines pendant l'enqu\u00eate.&nbsp;<\/p>\n\n\n\n<p class=\"has-text-align-justify wp-block-paragraph\"><strong>Ce proc\u00e8s \u00e9tait la premi\u00e8re fois qu'une personne ayant occup\u00e9 un poste minist\u00e9riel pendant la premi\u00e8re guerre civile lib\u00e9rienne faisait face \u00e0 la justice et la premi\u00e8re fois que les atrocit\u00e9s du NPFL - la faction rebelle la plus violente active de 1989 \u00e0 1996 - \u00e9taient document\u00e9es dans une salle d'audience.&nbsp;<\/strong><\/p>","protected":false},"excerpt":{"rendered":"<p>Thomas Woewiyu Facts Faction NPFL Nationality Liberian Period of Activity First Liberian Civil War Indictment Immigration Fraud Status Convicted but deceased whilst awaiting sentencing Resources Thomas Woewiyu founded the NPFL with Charles Taylor and served as Spokesman and Defence Minister until political dissonance led him to create and lead the NPFL-CRC during Liberia&#8217;s First Civil [&hellip;]<\/p>\n<p><a class=\"moretag\" href=\"https:\/\/civitas-maxima.org\/fr\/legal-work\/our-cases\/thomas-woewiyu\/\">Lire la suite<\/a><\/p>\n","protected":false},"author":179586343,"featured_media":0,"parent":210,"menu_order":0,"comment_status":"closed","ping_status":"closed","template":"","meta":{"_coblocks_attr":"","_coblocks_dimensions":"","_coblocks_responsive_height":"","_coblocks_accordion_ie_support":"","_crdt_document":"","footnotes":""},"class_list":["post-283","page","type-page","status-publish","hentry"],"yoast_head":"<!-- This site is optimized with the Yoast SEO plugin v27.4 - https:\/\/yoast.com\/product\/yoast-seo-wordpress\/ -->\n<title>Thomas Woewiyu | Civitas Maxima<\/title>\n<meta name=\"robots\" content=\"index, follow, max-snippet:-1, max-image-preview:large, max-video-preview:-1\" \/>\n<link rel=\"canonical\" href=\"https:\/\/civitas-maxima.org\/fr\/legal-work\/our-cases\/thomas-woewiyu\/\" \/>\n<meta property=\"og:locale\" content=\"fr_FR\" \/>\n<meta property=\"og:type\" content=\"article\" \/>\n<meta property=\"og:title\" content=\"Thomas Woewiyu | Civitas Maxima\" \/>\n<meta property=\"og:description\" content=\"Thomas Woewiyu Facts Faction NPFL Nationality Liberian Period of Activity First Liberian Civil War Indictment Immigration Fraud Status Convicted but deceased whilst awaiting sentencing Resources Thomas Woewiyu founded the NPFL with Charles Taylor and served as Spokesman and Defence Minister until political dissonance led him to create and lead the NPFL-CRC during Liberia&#8217;s First Civil [&hellip;]Lire la suite\" \/>\n<meta property=\"og:url\" content=\"https:\/\/civitas-maxima.org\/fr\/legal-work\/our-cases\/thomas-woewiyu\/\" \/>\n<meta property=\"og:site_name\" content=\"Civitas Maxima\" \/>\n<meta property=\"article:publisher\" content=\"https:\/\/www.facebook.com\/civitasmaxima\/?locale=fr_FR\" \/>\n<meta property=\"article:modified_time\" content=\"2024-03-26T10:43:02+00:00\" \/>\n<meta property=\"og:image\" content=\"https:\/\/i0.wp.com\/civitas-maxima.org\/wp-content\/uploads\/2020\/11\/cm-logo.png?fit=470%2C470&ssl=1\" \/>\n\t<meta property=\"og:image:width\" content=\"470\" \/>\n\t<meta property=\"og:image:height\" content=\"470\" \/>\n\t<meta property=\"og:image:type\" content=\"image\/png\" \/>\n<meta name=\"twitter:card\" content=\"summary_large_image\" \/>\n<meta name=\"twitter:site\" content=\"@Civitas_Maxima\" \/>\n<script type=\"application\/ld+json\" class=\"yoast-schema-graph\">{\"@context\":\"https:\\\/\\\/schema.org\",\"@graph\":[{\"@type\":\"WebPage\",\"@id\":\"https:\\\/\\\/civitas-maxima.org\\\/legal-work\\\/our-cases\\\/thomas-woewiyu\\\/\",\"url\":\"https:\\\/\\\/civitas-maxima.org\\\/legal-work\\\/our-cases\\\/thomas-woewiyu\\\/\",\"name\":\"Thomas Woewiyu | Civitas Maxima\",\"isPartOf\":{\"@id\":\"https:\\\/\\\/civitas-maxima.org\\\/#website\"},\"datePublished\":\"2020-10-02T09:11:26+00:00\",\"dateModified\":\"2024-03-26T10:43:02+00:00\",\"breadcrumb\":{\"@id\":\"https:\\\/\\\/civitas-maxima.org\\\/legal-work\\\/our-cases\\\/thomas-woewiyu\\\/#breadcrumb\"},\"inLanguage\":\"fr-FR\",\"potentialAction\":[{\"@type\":\"ReadAction\",\"target\":[\"https:\\\/\\\/civitas-maxima.org\\\/legal-work\\\/our-cases\\\/thomas-woewiyu\\\/\"]}]},{\"@type\":\"BreadcrumbList\",\"@id\":\"https:\\\/\\\/civitas-maxima.org\\\/legal-work\\\/our-cases\\\/thomas-woewiyu\\\/#breadcrumb\",\"itemListElement\":[{\"@type\":\"ListItem\",\"position\":1,\"name\":\"Home\",\"item\":\"https:\\\/\\\/civitas-maxima.org\\\/\"},{\"@type\":\"ListItem\",\"position\":2,\"name\":\"Legal Work\",\"item\":\"https:\\\/\\\/civitas-maxima.org\\\/legal-work\\\/\"},{\"@type\":\"ListItem\",\"position\":3,\"name\":\"Public cases\",\"item\":\"https:\\\/\\\/civitas-maxima.org\\\/legal-work\\\/our-cases\\\/\"},{\"@type\":\"ListItem\",\"position\":4,\"name\":\"Thomas Woewiyu\"}]},{\"@type\":\"WebSite\",\"@id\":\"https:\\\/\\\/civitas-maxima.org\\\/#website\",\"url\":\"https:\\\/\\\/civitas-maxima.org\\\/\",\"name\":\"Civitas Maxima\",\"description\":\"Together Against Impunity\",\"publisher\":{\"@id\":\"https:\\\/\\\/civitas-maxima.org\\\/#organization\"},\"potentialAction\":[{\"@type\":\"SearchAction\",\"target\":{\"@type\":\"EntryPoint\",\"urlTemplate\":\"https:\\\/\\\/civitas-maxima.org\\\/?s={search_term_string}\"},\"query-input\":{\"@type\":\"PropertyValueSpecification\",\"valueRequired\":true,\"valueName\":\"search_term_string\"}}],\"inLanguage\":\"fr-FR\"},{\"@type\":\"Organization\",\"@id\":\"https:\\\/\\\/civitas-maxima.org\\\/#organization\",\"name\":\"Civitas Maxima\",\"url\":\"https:\\\/\\\/civitas-maxima.org\\\/\",\"logo\":{\"@type\":\"ImageObject\",\"inLanguage\":\"fr-FR\",\"@id\":\"https:\\\/\\\/civitas-maxima.org\\\/#\\\/schema\\\/logo\\\/image\\\/\",\"url\":\"https:\\\/\\\/i0.wp.com\\\/civitas-maxima.org\\\/wp-content\\\/uploads\\\/2020\\\/09\\\/cm-logo.jpg?fit=212%2C209&ssl=1\",\"contentUrl\":\"https:\\\/\\\/i0.wp.com\\\/civitas-maxima.org\\\/wp-content\\\/uploads\\\/2020\\\/09\\\/cm-logo.jpg?fit=212%2C209&ssl=1\",\"width\":212,\"height\":209,\"caption\":\"Civitas Maxima\"},\"image\":{\"@id\":\"https:\\\/\\\/civitas-maxima.org\\\/#\\\/schema\\\/logo\\\/image\\\/\"},\"sameAs\":[\"https:\\\/\\\/www.facebook.com\\\/civitasmaxima\\\/?locale=fr_FR\",\"https:\\\/\\\/x.com\\\/Civitas_Maxima\",\"https:\\\/\\\/www.linkedin.com\\\/company\\\/civitas-maxima\",\"https:\\\/\\\/www.instagram.com\\\/civitas_maxima\\\/\"]}]}<\/script>\n<!-- \/ Yoast SEO plugin. -->","yoast_head_json":{"title":"Thomas Woewiyu | Civitas Maxima","robots":{"index":"index","follow":"follow","max-snippet":"max-snippet:-1","max-image-preview":"max-image-preview:large","max-video-preview":"max-video-preview:-1"},"canonical":"https:\/\/civitas-maxima.org\/fr\/legal-work\/our-cases\/thomas-woewiyu\/","og_locale":"fr_FR","og_type":"article","og_title":"Thomas Woewiyu | Civitas Maxima","og_description":"Thomas Woewiyu Facts Faction NPFL Nationality Liberian Period of Activity First Liberian Civil War Indictment Immigration Fraud Status Convicted but deceased whilst awaiting sentencing Resources Thomas Woewiyu founded the NPFL with Charles Taylor and served as Spokesman and Defence Minister until political dissonance led him to create and lead the NPFL-CRC during Liberia&#8217;s First Civil [&hellip;]Lire la suite","og_url":"https:\/\/civitas-maxima.org\/fr\/legal-work\/our-cases\/thomas-woewiyu\/","og_site_name":"Civitas Maxima","article_publisher":"https:\/\/www.facebook.com\/civitasmaxima\/?locale=fr_FR","article_modified_time":"2024-03-26T10:43:02+00:00","og_image":[{"width":470,"height":470,"url":"https:\/\/i0.wp.com\/civitas-maxima.org\/wp-content\/uploads\/2020\/11\/cm-logo.png?fit=470%2C470&ssl=1","type":"image\/png"}],"twitter_card":"summary_large_image","twitter_site":"@Civitas_Maxima","schema":{"@context":"https:\/\/schema.org","@graph":[{"@type":"WebPage","@id":"https:\/\/civitas-maxima.org\/legal-work\/our-cases\/thomas-woewiyu\/","url":"https:\/\/civitas-maxima.org\/legal-work\/our-cases\/thomas-woewiyu\/","name":"Thomas Woewiyu | Civitas Maxima","isPartOf":{"@id":"https:\/\/civitas-maxima.org\/#website"},"datePublished":"2020-10-02T09:11:26+00:00","dateModified":"2024-03-26T10:43:02+00:00","breadcrumb":{"@id":"https:\/\/civitas-maxima.org\/legal-work\/our-cases\/thomas-woewiyu\/#breadcrumb"},"inLanguage":"fr-FR","potentialAction":[{"@type":"ReadAction","target":["https:\/\/civitas-maxima.org\/legal-work\/our-cases\/thomas-woewiyu\/"]}]},{"@type":"BreadcrumbList","@id":"https:\/\/civitas-maxima.org\/legal-work\/our-cases\/thomas-woewiyu\/#breadcrumb","itemListElement":[{"@type":"ListItem","position":1,"name":"Home","item":"https:\/\/civitas-maxima.org\/"},{"@type":"ListItem","position":2,"name":"Legal Work","item":"https:\/\/civitas-maxima.org\/legal-work\/"},{"@type":"ListItem","position":3,"name":"Public cases","item":"https:\/\/civitas-maxima.org\/legal-work\/our-cases\/"},{"@type":"ListItem","position":4,"name":"Thomas Woewiyu"}]},{"@type":"WebSite","@id":"https:\/\/civitas-maxima.org\/#website","url":"https:\/\/civitas-maxima.org\/","name":"Civitas Maxima","description":"Together Against Impunity","publisher":{"@id":"https:\/\/civitas-maxima.org\/#organization"},"potentialAction":[{"@type":"SearchAction","target":{"@type":"EntryPoint","urlTemplate":"https:\/\/civitas-maxima.org\/?s={search_term_string}"},"query-input":{"@type":"PropertyValueSpecification","valueRequired":true,"valueName":"search_term_string"}}],"inLanguage":"fr-FR"},{"@type":"Organization","@id":"https:\/\/civitas-maxima.org\/#organization","name":"Civitas Maxima","url":"https:\/\/civitas-maxima.org\/","logo":{"@type":"ImageObject","inLanguage":"fr-FR","@id":"https:\/\/civitas-maxima.org\/#\/schema\/logo\/image\/","url":"https:\/\/i0.wp.com\/civitas-maxima.org\/wp-content\/uploads\/2020\/09\/cm-logo.jpg?fit=212%2C209&ssl=1","contentUrl":"https:\/\/i0.wp.com\/civitas-maxima.org\/wp-content\/uploads\/2020\/09\/cm-logo.jpg?fit=212%2C209&ssl=1","width":212,"height":209,"caption":"Civitas Maxima"},"image":{"@id":"https:\/\/civitas-maxima.org\/#\/schema\/logo\/image\/"},"sameAs":["https:\/\/www.facebook.com\/civitasmaxima\/?locale=fr_FR","https:\/\/x.com\/Civitas_Maxima","https:\/\/www.linkedin.com\/company\/civitas-maxima","https:\/\/www.instagram.com\/civitas_maxima\/"]}]}},"jetpack_sharing_enabled":true,"jetpack_shortlink":"https:\/\/wp.me\/PclLIv-4z","amp_enabled":true,"_links":{"self":[{"href":"https:\/\/civitas-maxima.org\/fr\/wp-json\/wp\/v2\/pages\/283","targetHints":{"allow":["GET"]}}],"collection":[{"href":"https:\/\/civitas-maxima.org\/fr\/wp-json\/wp\/v2\/pages"}],"about":[{"href":"https:\/\/civitas-maxima.org\/fr\/wp-json\/wp\/v2\/types\/page"}],"author":[{"embeddable":true,"href":"https:\/\/civitas-maxima.org\/fr\/wp-json\/wp\/v2\/users\/179586343"}],"replies":[{"embeddable":true,"href":"https:\/\/civitas-maxima.org\/fr\/wp-json\/wp\/v2\/comments?post=283"}],"version-history":[{"count":30,"href":"https:\/\/civitas-maxima.org\/fr\/wp-json\/wp\/v2\/pages\/283\/revisions"}],"predecessor-version":[{"id":12192,"href":"https:\/\/civitas-maxima.org\/fr\/wp-json\/wp\/v2\/pages\/283\/revisions\/12192"}],"up":[{"embeddable":true,"href":"https:\/\/civitas-maxima.org\/fr\/wp-json\/wp\/v2\/pages\/210"}],"wp:attachment":[{"href":"https:\/\/civitas-maxima.org\/fr\/wp-json\/wp\/v2\/media?parent=283"}],"curies":[{"name":"wp","href":"https:\/\/api.w.org\/{rel}","templated":true}]}}