{"id":285,"date":"2020-10-02T12:39:32","date_gmt":"2020-10-02T10:39:32","guid":{"rendered":"https:\/\/civitas-maxima.org\/?page_id=285"},"modified":"2024-03-26T11:44:46","modified_gmt":"2024-03-26T10:44:46","slug":"michel-desaedeleer","status":"publish","type":"page","link":"https:\/\/civitas-maxima.org\/fr\/legal-work\/our-cases\/michel-desaedeleer\/","title":{"rendered":"Michel Desaedeleer"},"content":{"rendered":"<div class=\"wp-block-columns is-layout-flex wp-container-core-columns-is-layout-8f761849 wp-block-columns-is-layout-flex\">\n<div class=\"wp-block-column is-layout-flow wp-block-column-is-layout-flow\"><\/div>\n\n\n\n<div class=\"wp-block-column is-layout-flow wp-block-column-is-layout-flow\"><\/div>\n<\/div>\n\n\n\n<h2 class=\"wp-block-heading has-text-align-center\"><mark style=\"background-color:rgba(0, 0, 0, 0);color:#15788c\" class=\"has-inline-color\">Michel Desaedeleer <\/mark><\/h2>\n\n\n\n<div class=\"wp-block-columns is-layout-flex wp-container-core-columns-is-layout-8f761849 wp-block-columns-is-layout-flex\">\n<div class=\"wp-block-column is-layout-flow wp-block-column-is-layout-flow\">\n<h4 class=\"wp-block-heading has-text-align-center\">\u00c9l\u00e9ments cl\u00e9s<\/h4>\n\n\n\n<figure class=\"wp-block-table is-style-stripes\"><table><tbody><tr><td><strong>R\u00f4le<\/strong><\/td><td>Homme d'affaires impliqu\u00e9 dans le commerce des diamants de sang avec le RUF<\/td><\/tr><tr><td><strong>Nationalit\u00e9<\/strong><\/td><td>\u00c9tats-Unis et Belgique<\/td><\/tr><tr><td><strong>P\u00e9riode d'activit\u00e9    <\/strong>     <\/td><td>Guerre civile sierral\u00e9onaise<\/td><\/tr><tr><td><strong>Chefs d\u2019accusation<\/strong><\/td><td>Crimes de guerre et crimes contre l'humanit\u00e9 <\/td><\/tr><tr><td><strong>Statut<\/strong><\/td><td>D\u00e9c\u00e9d\u00e9 en d\u00e9tention dans l'attente de son proc\u00e8s<\/td><\/tr><\/tbody><\/table><\/figure>\n<\/div>\n\n\n\n<div class=\"wp-block-column is-layout-flow wp-block-column-is-layout-flow\">\n<h4 class=\"wp-block-heading has-text-align-center\">Ressources<\/h4>\n\n\n\n<div class=\"wp-block-coblocks-accordion\">\n<div class=\"wp-block-coblocks-accordion-item\"><details><summary class=\"wp-block-coblocks-accordion-item__title\">Communiqu\u00e9s de presse<\/summary><div class=\"wp-block-coblocks-accordion-item__content\">\n<p class=\"wp-block-paragraph\"><\/p>\n\n\n\t<div\n\t\tclass=\"wp-block-newspack-blocks-homepage-articles is-style-borders wpnbha ts-2 is-style-borders has-text-align-left has-text-color\"\n\t\tstyle=\"color: #007489;\"\n\t\t>\n\t\t\t\t\t<style id=\"newspack-blocks-inline-css\" type=\"text\/css\">\t\t.wp-block-newspack-blocks-homepage-articles article .entry-title {\n\t\t\tfont-size: 1.2em;\n\t\t}\n\t\t.wp-block-newspack-blocks-homepage-articles .entry-meta {\n\t\t\tdisplay: flex;\n\t\t\tflex-wrap: wrap;\n\t\t\talign-items: center;\n\t\t\tmargin-top: 0.5em;\n\t\t}\n\t\t.wp-block-newspack-blocks-homepage-articles article .entry-meta {\n\t\t\tfont-size: 0.8em;\n\t\t}\n\t\t.wp-block-newspack-blocks-homepage-articles article .avatar {\n\t\t\theight: 25px;\n\t\t\twidth: 25px;\n\t\t}\n\t\t.wp-block-newspack-blocks-homepage-articles .post-thumbnail{\n\t\t\tmargin: 0;\n\t\t\tmargin-bottom: 0.25em;\n\t\t}\n\t\t.wp-block-newspack-blocks-homepage-articles .post-thumbnail img {\n\t\t\theight: auto;\n\t\t\twidth: 100%;\n\t\t}\n\t\t.wp-block-newspack-blocks-homepage-articles .post-thumbnail figcaption {\n\t\t\tmargin-bottom: 0.5em;\n\t\t}\n\t\t.wp-block-newspack-blocks-homepage-articles p {\n\t\t\tmargin: 0.5em 0;\n\t\t}\n\n\t\t.wpnbha.ts-2 .entry-title{font-size: 0.9em}.wpnbha.ts-2 article .newspack-post-subtitle, .wpnbha.ts-2 article .entry-wrapper p, .wpnbha.ts-2 article .entry-wrapper .more-link, .wpnbha.ts-2 article .entry-meta {font-size: 0.8em;}\t<\/style>\n\t\t\t\t<div data-posts data-current-post-id=\"285\">\n\t\t\t\t\t\t\n\t<article data-post-id=\"1253\"\n\t\tclass=\"tag-blood-diamonds tag-carl tag-michel-desaedeleer tag-sierra-leone category-press-release type-post\"\n\t\t\t\t>\n\t\t\t\t\n\t\t<div class=\"entry-wrapper\">\n\t\t\t<h2 class=\"entry-title\"><a href=\"https:\/\/civitas-maxima.org\/fr\/michel-desaedeleer-dies-in-custody-in-belgium\/\" rel=\"bookmark\">Michel Desaedeleer est mort en d\u00e9tention en Belgique<\/a><\/h2>\t\t\t\t\t\t\t\t\t\t<div class=\"entry-meta\">\n\t\t\t\t\t<time class=\"entry-date published\" datetime=\"2016-09-29T14:34:00+02:00\">29th septembre 2016<\/time><time class=\"updated\" datetime=\"2023-07-25T13:04:11+02:00\">25th juillet 2023<\/time>\t\t\t\t<\/div><!-- .entry-meta -->\n\t\t\t\t\t<\/div><!-- .entry-wrapper -->\n\t<\/article>\n\n\t\t\n\t<article data-post-id=\"1261\"\n\t\tclass=\"tag-arrest tag-blood-diamonds tag-michel-desaedeleer tag-sierra-leone category-press-release type-post\"\n\t\t\t\t>\n\t\t\t\t\n\t\t<div class=\"entry-wrapper\">\n\t\t\t<h2 class=\"entry-title\"><a href=\"https:\/\/civitas-maxima.org\/fr\/u-s-belgian-citizen-arrested-for-his-alleged-participation-in-the-trade-of-blood-diamonds-during-sierra-leones-civil-war\/\" rel=\"bookmark\">U.S.\/Belgian citizen arrested for his alleged participation in the trade of \u201cblood diamonds\u201d during Sierra Leone&#8217;s civil war.<\/a><\/h2>\t\t\t\t\t\t\t\t\t\t<div class=\"entry-meta\">\n\t\t\t\t\t<time class=\"entry-date published\" datetime=\"2015-08-30T12:01:00+02:00\">30th ao\u00fbt 2015<\/time><time class=\"updated\" datetime=\"2023-07-25T13:04:11+02:00\">25th juillet 2023<\/time>\t\t\t\t<\/div><!-- .entry-meta -->\n\t\t\t\t\t<\/div><!-- .entry-wrapper -->\n\t<\/article>\n\n\t\t\t\t<\/div>\n\t\t\n\t<\/div>\n\t<\/div><\/details><\/div>\n\n\n\n<div class=\"wp-block-coblocks-accordion-item\"><details><summary class=\"wp-block-coblocks-accordion-item__title\">Liens externes<\/summary><div class=\"wp-block-coblocks-accordion-item__content\">\n<ul class=\"wp-block-list\">\n<li>International Justice Monitor (2016) &#8211; <a rel=\"noreferrer noopener\" href=\"https:\/\/www.ijmonitor.org\/2016\/10\/death-of-a-middleman-thwarts-blood-diamonds-case\/\" data-type=\"URL\" data-id=\"https:\/\/www.ijmonitor.org\/2016\/10\/death-of-a-middleman-thwarts-blood-diamonds-case\/\" target=\"_blank\">Death of a Middleman Thwarts Blood Diamonds Case<\/a><\/li>\n\n\n\n<li>GNN Liberia (2016)  &#8211; <a rel=\"noreferrer noopener\" href=\"http:\/\/gnnliberia.com\/2016\/09\/29\/michel-desaedeleer-engaged-trade-charles-taylor-dies-custody-belgium\/\" target=\"_blank\">Michel Desaedeleer who engaged in trade with Charles Taylor dies in custody in Belgium<\/a><\/li>\n\n\n\n<li>JusticeInfo.Net (2016) &#8211; <a href=\"https:\/\/www.justiceinfo.net\/en\/tribunals\/national-tribunals\/30506-no-giving-up-says-swiss-ngo-after-blood-diamonds-trial-setback.html\" target=\"_blank\" rel=\"noreferrer noopener\">NO GIVING UP, SAYS SWISS NGO, AFTER BLOOD DIAMONDS TRIAL SETBACK<\/a><\/li>\n<\/ul>\n\n\n\n<p class=\"wp-block-paragraph\"><\/p>\n<\/div><\/details><\/div>\n<\/div>\n<\/div>\n<\/div>\n\n\n\n<p class=\"has-text-align-justify wp-block-paragraph\"><mark style=\"background-color:rgba(0, 0, 0, 0);color:#15788c\" class=\"has-inline-color\"><strong>Michel Deseadeleer<\/strong><\/mark>, citoyen am\u00e9ricain et belge, a \u00e9t\u00e9 arr\u00eat\u00e9 en septembre 2015 \u00e0 Malaga, en Espagne, suite \u00e0 l'\u00e9mission d'un mandat d'arr\u00eat europ\u00e9en \u00e0 son encontre. Il a ensuite \u00e9t\u00e9 transf\u00e9r\u00e9 en Belgique o\u00f9 il a \u00e9t\u00e9 inculp\u00e9 pour crimes de guerre et crimes contre l'humanit\u00e9, \u00e9tant accus\u00e9 d'avoir particip\u00e9 avec Charles Taylor et les rebelles du RUF en Sierra Leone au commerce des diamants dits \"de sang\".<\/p>\n\n\n\n<p class=\"has-text-align-justify wp-block-paragraph\">Quatre ans plus t\u00f4t, en janvier 2011, une plainte p\u00e9nale avait \u00e9t\u00e9 d\u00e9pos\u00e9e contre M. Desaedeleer, qui r\u00e9sidait alors aux \u00c9tats-Unis, par plusieurs citoyens de la Sierra Leone r\u00e9duits en esclavage pendant la guerre civile. Ils \u00e9taient repr\u00e9sent\u00e9s par l'avocat belge Luc Walleyn. C\u2019est cette plainte qui a men\u00e9 \u00e0 l\u2019arrestation de M.Desaedeleer. <\/p>\n\n\n\n<p class=\"has-text-align-justify wp-block-paragraph\"><strong>C'est la toute premi\u00e8re fois qu'une personne est arr\u00eat\u00e9e et inculp\u00e9e pour participation au commerce des diamants du sang, qualifi\u00e9 de crime de guerre - pillage - et de crime contre l'humanit\u00e9 - travail forc\u00e9.<\/strong><\/p>\n\n\n\n<p class=\"has-text-align-justify wp-block-paragraph\">Desaedeleer est d\u00e9c\u00e9d\u00e9 en d\u00e9tention belge le 28 septembre 2016, quelques mois avant le d\u00e9but de son proc\u00e8s.<\/p>\n\n\n\n<p class=\"has-text-align-justify wp-block-paragraph\">Civitas Maxima et le&nbsp;<a href=\"http:\/\/www.carl-sl.org\/\" target=\"_blank\" rel=\"noreferrer noopener\">Center for Accountability and Rule of Law<\/a>&nbsp;(CARL) \u00e0 Freetown ont travaill\u00e9 en partenariat et ont document\u00e9 pendant plusieurs ann\u00e9es les r\u00e9cits de personnes r\u00e9duites en esclavage par le Front r\u00e9volutionnaire uni (RUF) dans les mines de diamants de Kono (province orientale du Sierra Leone). Ces crimes avaient lieu dans le cadre du tristement c\u00e9l\u00e8bre commerce des \"diamants du sang\". <\/p>","protected":false},"excerpt":{"rendered":"<p>Michel Desaedeleer Facts Role Businessman involved in the blood diamond trade with the RUF Nationality US and Belgian Period of Activity Sierra Leonian Civil War Charges War Crimes and Crimes Against Humanity Status Deceased in custody whilst awaiting trial Resources Michel Deseadeleer, US and Belgian citizen, was arrested in September 2015 in Malaga, Spain, following [&hellip;]<\/p>\n<p><a class=\"moretag\" href=\"https:\/\/civitas-maxima.org\/fr\/legal-work\/our-cases\/michel-desaedeleer\/\">Lire la suite<\/a><\/p>\n","protected":false},"author":179586343,"featured_media":0,"parent":210,"menu_order":0,"comment_status":"closed","ping_status":"closed","template":"","meta":{"_coblocks_attr":"","_coblocks_dimensions":"","_coblocks_responsive_height":"","_coblocks_accordion_ie_support":"","_crdt_document":"","footnotes":""},"class_list":["post-285","page","type-page","status-publish","hentry"],"yoast_head":"<!-- This site is optimized with the Yoast SEO plugin v27.4 - https:\/\/yoast.com\/product\/yoast-seo-wordpress\/ -->\n<title>Michel Desaedeleer | Civitas Maxima<\/title>\n<meta name=\"robots\" content=\"index, follow, max-snippet:-1, max-image-preview:large, max-video-preview:-1\" \/>\n<link rel=\"canonical\" href=\"https:\/\/civitas-maxima.org\/fr\/legal-work\/our-cases\/michel-desaedeleer\/\" \/>\n<meta property=\"og:locale\" content=\"fr_FR\" \/>\n<meta property=\"og:type\" content=\"article\" \/>\n<meta property=\"og:title\" content=\"Michel Desaedeleer | Civitas Maxima\" \/>\n<meta property=\"og:description\" content=\"Michel Desaedeleer Facts Role Businessman involved in the blood diamond trade with the RUF Nationality US and Belgian Period of Activity Sierra Leonian Civil War Charges War Crimes and Crimes Against Humanity Status Deceased in custody whilst awaiting trial Resources Michel Deseadeleer, US and Belgian citizen, was arrested in September 2015 in Malaga, Spain, following [&hellip;]Lire la suite\" \/>\n<meta property=\"og:url\" content=\"https:\/\/civitas-maxima.org\/fr\/legal-work\/our-cases\/michel-desaedeleer\/\" \/>\n<meta property=\"og:site_name\" content=\"Civitas Maxima\" \/>\n<meta property=\"article:publisher\" content=\"https:\/\/www.facebook.com\/civitasmaxima\/?locale=fr_FR\" \/>\n<meta property=\"article:modified_time\" content=\"2024-03-26T10:44:46+00:00\" \/>\n<meta property=\"og:image\" content=\"https:\/\/i0.wp.com\/civitas-maxima.org\/wp-content\/uploads\/2020\/11\/cm-logo.png?fit=470%2C470&ssl=1\" \/>\n\t<meta property=\"og:image:width\" content=\"470\" \/>\n\t<meta property=\"og:image:height\" content=\"470\" \/>\n\t<meta property=\"og:image:type\" content=\"image\/png\" \/>\n<meta name=\"twitter:card\" content=\"summary_large_image\" \/>\n<meta name=\"twitter:site\" content=\"@Civitas_Maxima\" \/>\n<script type=\"application\/ld+json\" class=\"yoast-schema-graph\">{\"@context\":\"https:\\\/\\\/schema.org\",\"@graph\":[{\"@type\":\"WebPage\",\"@id\":\"https:\\\/\\\/civitas-maxima.org\\\/legal-work\\\/our-cases\\\/michel-desaedeleer\\\/\",\"url\":\"https:\\\/\\\/civitas-maxima.org\\\/legal-work\\\/our-cases\\\/michel-desaedeleer\\\/\",\"name\":\"Michel Desaedeleer | Civitas Maxima\",\"isPartOf\":{\"@id\":\"https:\\\/\\\/civitas-maxima.org\\\/#website\"},\"datePublished\":\"2020-10-02T10:39:32+00:00\",\"dateModified\":\"2024-03-26T10:44:46+00:00\",\"breadcrumb\":{\"@id\":\"https:\\\/\\\/civitas-maxima.org\\\/legal-work\\\/our-cases\\\/michel-desaedeleer\\\/#breadcrumb\"},\"inLanguage\":\"fr-FR\",\"potentialAction\":[{\"@type\":\"ReadAction\",\"target\":[\"https:\\\/\\\/civitas-maxima.org\\\/legal-work\\\/our-cases\\\/michel-desaedeleer\\\/\"]}]},{\"@type\":\"BreadcrumbList\",\"@id\":\"https:\\\/\\\/civitas-maxima.org\\\/legal-work\\\/our-cases\\\/michel-desaedeleer\\\/#breadcrumb\",\"itemListElement\":[{\"@type\":\"ListItem\",\"position\":1,\"name\":\"Home\",\"item\":\"https:\\\/\\\/civitas-maxima.org\\\/\"},{\"@type\":\"ListItem\",\"position\":2,\"name\":\"Legal Work\",\"item\":\"https:\\\/\\\/civitas-maxima.org\\\/legal-work\\\/\"},{\"@type\":\"ListItem\",\"position\":3,\"name\":\"Public cases\",\"item\":\"https:\\\/\\\/civitas-maxima.org\\\/legal-work\\\/our-cases\\\/\"},{\"@type\":\"ListItem\",\"position\":4,\"name\":\"Michel Desaedeleer\"}]},{\"@type\":\"WebSite\",\"@id\":\"https:\\\/\\\/civitas-maxima.org\\\/#website\",\"url\":\"https:\\\/\\\/civitas-maxima.org\\\/\",\"name\":\"Civitas Maxima\",\"description\":\"Together Against Impunity\",\"publisher\":{\"@id\":\"https:\\\/\\\/civitas-maxima.org\\\/#organization\"},\"potentialAction\":[{\"@type\":\"SearchAction\",\"target\":{\"@type\":\"EntryPoint\",\"urlTemplate\":\"https:\\\/\\\/civitas-maxima.org\\\/?s={search_term_string}\"},\"query-input\":{\"@type\":\"PropertyValueSpecification\",\"valueRequired\":true,\"valueName\":\"search_term_string\"}}],\"inLanguage\":\"fr-FR\"},{\"@type\":\"Organization\",\"@id\":\"https:\\\/\\\/civitas-maxima.org\\\/#organization\",\"name\":\"Civitas Maxima\",\"url\":\"https:\\\/\\\/civitas-maxima.org\\\/\",\"logo\":{\"@type\":\"ImageObject\",\"inLanguage\":\"fr-FR\",\"@id\":\"https:\\\/\\\/civitas-maxima.org\\\/#\\\/schema\\\/logo\\\/image\\\/\",\"url\":\"https:\\\/\\\/i0.wp.com\\\/civitas-maxima.org\\\/wp-content\\\/uploads\\\/2020\\\/09\\\/cm-logo.jpg?fit=212%2C209&ssl=1\",\"contentUrl\":\"https:\\\/\\\/i0.wp.com\\\/civitas-maxima.org\\\/wp-content\\\/uploads\\\/2020\\\/09\\\/cm-logo.jpg?fit=212%2C209&ssl=1\",\"width\":212,\"height\":209,\"caption\":\"Civitas Maxima\"},\"image\":{\"@id\":\"https:\\\/\\\/civitas-maxima.org\\\/#\\\/schema\\\/logo\\\/image\\\/\"},\"sameAs\":[\"https:\\\/\\\/www.facebook.com\\\/civitasmaxima\\\/?locale=fr_FR\",\"https:\\\/\\\/x.com\\\/Civitas_Maxima\",\"https:\\\/\\\/www.linkedin.com\\\/company\\\/civitas-maxima\",\"https:\\\/\\\/www.instagram.com\\\/civitas_maxima\\\/\"]}]}<\/script>\n<!-- \/ Yoast SEO plugin. -->","yoast_head_json":{"title":"Michel Desaedeleer | Civitas Maxima","robots":{"index":"index","follow":"follow","max-snippet":"max-snippet:-1","max-image-preview":"max-image-preview:large","max-video-preview":"max-video-preview:-1"},"canonical":"https:\/\/civitas-maxima.org\/fr\/legal-work\/our-cases\/michel-desaedeleer\/","og_locale":"fr_FR","og_type":"article","og_title":"Michel Desaedeleer | Civitas Maxima","og_description":"Michel Desaedeleer Facts Role Businessman involved in the blood diamond trade with the RUF Nationality US and Belgian Period of Activity Sierra Leonian Civil War Charges War Crimes and Crimes Against Humanity Status Deceased in custody whilst awaiting trial Resources Michel Deseadeleer, US and Belgian citizen, was arrested in September 2015 in Malaga, Spain, following [&hellip;]Lire la suite","og_url":"https:\/\/civitas-maxima.org\/fr\/legal-work\/our-cases\/michel-desaedeleer\/","og_site_name":"Civitas Maxima","article_publisher":"https:\/\/www.facebook.com\/civitasmaxima\/?locale=fr_FR","article_modified_time":"2024-03-26T10:44:46+00:00","og_image":[{"width":470,"height":470,"url":"https:\/\/i0.wp.com\/civitas-maxima.org\/wp-content\/uploads\/2020\/11\/cm-logo.png?fit=470%2C470&ssl=1","type":"image\/png"}],"twitter_card":"summary_large_image","twitter_site":"@Civitas_Maxima","schema":{"@context":"https:\/\/schema.org","@graph":[{"@type":"WebPage","@id":"https:\/\/civitas-maxima.org\/legal-work\/our-cases\/michel-desaedeleer\/","url":"https:\/\/civitas-maxima.org\/legal-work\/our-cases\/michel-desaedeleer\/","name":"Michel Desaedeleer | Civitas Maxima","isPartOf":{"@id":"https:\/\/civitas-maxima.org\/#website"},"datePublished":"2020-10-02T10:39:32+00:00","dateModified":"2024-03-26T10:44:46+00:00","breadcrumb":{"@id":"https:\/\/civitas-maxima.org\/legal-work\/our-cases\/michel-desaedeleer\/#breadcrumb"},"inLanguage":"fr-FR","potentialAction":[{"@type":"ReadAction","target":["https:\/\/civitas-maxima.org\/legal-work\/our-cases\/michel-desaedeleer\/"]}]},{"@type":"BreadcrumbList","@id":"https:\/\/civitas-maxima.org\/legal-work\/our-cases\/michel-desaedeleer\/#breadcrumb","itemListElement":[{"@type":"ListItem","position":1,"name":"Home","item":"https:\/\/civitas-maxima.org\/"},{"@type":"ListItem","position":2,"name":"Legal Work","item":"https:\/\/civitas-maxima.org\/legal-work\/"},{"@type":"ListItem","position":3,"name":"Public cases","item":"https:\/\/civitas-maxima.org\/legal-work\/our-cases\/"},{"@type":"ListItem","position":4,"name":"Michel Desaedeleer"}]},{"@type":"WebSite","@id":"https:\/\/civitas-maxima.org\/#website","url":"https:\/\/civitas-maxima.org\/","name":"Civitas Maxima","description":"Together Against Impunity","publisher":{"@id":"https:\/\/civitas-maxima.org\/#organization"},"potentialAction":[{"@type":"SearchAction","target":{"@type":"EntryPoint","urlTemplate":"https:\/\/civitas-maxima.org\/?s={search_term_string}"},"query-input":{"@type":"PropertyValueSpecification","valueRequired":true,"valueName":"search_term_string"}}],"inLanguage":"fr-FR"},{"@type":"Organization","@id":"https:\/\/civitas-maxima.org\/#organization","name":"Civitas Maxima","url":"https:\/\/civitas-maxima.org\/","logo":{"@type":"ImageObject","inLanguage":"fr-FR","@id":"https:\/\/civitas-maxima.org\/#\/schema\/logo\/image\/","url":"https:\/\/i0.wp.com\/civitas-maxima.org\/wp-content\/uploads\/2020\/09\/cm-logo.jpg?fit=212%2C209&ssl=1","contentUrl":"https:\/\/i0.wp.com\/civitas-maxima.org\/wp-content\/uploads\/2020\/09\/cm-logo.jpg?fit=212%2C209&ssl=1","width":212,"height":209,"caption":"Civitas Maxima"},"image":{"@id":"https:\/\/civitas-maxima.org\/#\/schema\/logo\/image\/"},"sameAs":["https:\/\/www.facebook.com\/civitasmaxima\/?locale=fr_FR","https:\/\/x.com\/Civitas_Maxima","https:\/\/www.linkedin.com\/company\/civitas-maxima","https:\/\/www.instagram.com\/civitas_maxima\/"]}]}},"jetpack_sharing_enabled":true,"jetpack_shortlink":"https:\/\/wp.me\/PclLIv-4B","amp_enabled":true,"_links":{"self":[{"href":"https:\/\/civitas-maxima.org\/fr\/wp-json\/wp\/v2\/pages\/285","targetHints":{"allow":["GET"]}}],"collection":[{"href":"https:\/\/civitas-maxima.org\/fr\/wp-json\/wp\/v2\/pages"}],"about":[{"href":"https:\/\/civitas-maxima.org\/fr\/wp-json\/wp\/v2\/types\/page"}],"author":[{"embeddable":true,"href":"https:\/\/civitas-maxima.org\/fr\/wp-json\/wp\/v2\/users\/179586343"}],"replies":[{"embeddable":true,"href":"https:\/\/civitas-maxima.org\/fr\/wp-json\/wp\/v2\/comments?post=285"}],"version-history":[{"count":27,"href":"https:\/\/civitas-maxima.org\/fr\/wp-json\/wp\/v2\/pages\/285\/revisions"}],"predecessor-version":[{"id":12194,"href":"https:\/\/civitas-maxima.org\/fr\/wp-json\/wp\/v2\/pages\/285\/revisions\/12194"}],"up":[{"embeddable":true,"href":"https:\/\/civitas-maxima.org\/fr\/wp-json\/wp\/v2\/pages\/210"}],"wp:attachment":[{"href":"https:\/\/civitas-maxima.org\/fr\/wp-json\/wp\/v2\/media?parent=285"}],"curies":[{"name":"wp","href":"https:\/\/api.w.org\/{rel}","templated":true}]}}