{"id":431,"date":"2020-10-16T12:38:50","date_gmt":"2020-10-16T10:38:50","guid":{"rendered":"https:\/\/civitas-maxima.org\/?page_id=431"},"modified":"2024-03-26T11:50:02","modified_gmt":"2024-03-26T10:50:02","slug":"martina-johnson","status":"publish","type":"page","link":"https:\/\/civitas-maxima.org\/fr\/legal-work\/our-cases\/martina-johnson\/","title":{"rendered":"Martina Johnson"},"content":{"rendered":"<h2 class=\"wp-block-heading has-text-align-center\"><mark style=\"background-color:rgba(0, 0, 0, 0);color:#15788c\" class=\"has-inline-color\">Martina Johnson<\/mark><\/h2>\n\n\n\n<div class=\"wp-block-columns is-layout-flex wp-container-core-columns-is-layout-8f761849 wp-block-columns-is-layout-flex\">\n<div class=\"wp-block-column is-layout-flow wp-block-column-is-layout-flow\">\n<h4 class=\"wp-block-heading has-text-align-center\">\u00c9l\u00e9ments cl\u00e9s<\/h4>\n\n\n\n<figure class=\"wp-block-table is-style-stripes\"><table><tbody><tr><td><strong>Faction<\/strong><\/td><td>NPFL<\/td><\/tr><tr><td><strong>Nationalit\u00e9<\/strong><\/td><td>Lib\u00e9rien<\/td><\/tr><tr><td><strong>P\u00e9riode d'activit\u00e9    <\/strong>     <\/td><td>Premi\u00e8re guerre civile lib\u00e9rienne<\/td><\/tr><tr><td><strong>Chefs d\u2019accusation<\/strong><\/td><td>Crimes de guerre et crimes contre l'humanit\u00e9 <\/td><\/tr><tr><td><strong>Statut<\/strong><\/td><td>Lib\u00e9ration sous condition<\/td><\/tr><\/tbody><\/table><\/figure>\n<\/div>\n\n\n\n<div class=\"wp-block-column is-layout-flow wp-block-column-is-layout-flow\">\n<h4 class=\"wp-block-heading has-text-align-center\">Ressources<\/h4>\n\n\n\n<div class=\"wp-block-coblocks-accordion\">\n<div class=\"wp-block-coblocks-accordion-item\"><details><summary class=\"wp-block-coblocks-accordion-item__title\">Communiqu\u00e9s de presse<\/summary><div class=\"wp-block-coblocks-accordion-item__content\">\t<div\n\t\tclass=\"wp-block-newspack-blocks-homepage-articles is-style-borders wpnbha ts-2 is-style-borders has-text-align-left has-text-color\"\n\t\tstyle=\"color: #007489;\"\n\t\t>\n\t\t\t\t\t<style id=\"newspack-blocks-inline-css\" type=\"text\/css\">\t\t.wp-block-newspack-blocks-homepage-articles article .entry-title {\n\t\t\tfont-size: 1.2em;\n\t\t}\n\t\t.wp-block-newspack-blocks-homepage-articles .entry-meta {\n\t\t\tdisplay: flex;\n\t\t\tflex-wrap: wrap;\n\t\t\talign-items: center;\n\t\t\tmargin-top: 0.5em;\n\t\t}\n\t\t.wp-block-newspack-blocks-homepage-articles article .entry-meta {\n\t\t\tfont-size: 0.8em;\n\t\t}\n\t\t.wp-block-newspack-blocks-homepage-articles article .avatar {\n\t\t\theight: 25px;\n\t\t\twidth: 25px;\n\t\t}\n\t\t.wp-block-newspack-blocks-homepage-articles .post-thumbnail{\n\t\t\tmargin: 0;\n\t\t\tmargin-bottom: 0.25em;\n\t\t}\n\t\t.wp-block-newspack-blocks-homepage-articles .post-thumbnail img {\n\t\t\theight: auto;\n\t\t\twidth: 100%;\n\t\t}\n\t\t.wp-block-newspack-blocks-homepage-articles .post-thumbnail figcaption {\n\t\t\tmargin-bottom: 0.5em;\n\t\t}\n\t\t.wp-block-newspack-blocks-homepage-articles p {\n\t\t\tmargin: 0.5em 0;\n\t\t}\n\n\t\t.wpnbha.ts-2 .entry-title{font-size: 0.9em}.wpnbha.ts-2 article .newspack-post-subtitle, .wpnbha.ts-2 article .entry-wrapper p, .wpnbha.ts-2 article .entry-wrapper .more-link, .wpnbha.ts-2 article .entry-meta {font-size: 0.8em;}\t<\/style>\n\t\t\t\t<div data-posts data-current-post-id=\"431\">\n\t\t\t\t\t\t\n\t<article data-post-id=\"18389\"\n\t\tclass=\"tag-belgium tag-liberia tag-martina-johnson tag-npfl category-press-release type-post\"\n\t\t\t\t>\n\t\t\t\t\n\t\t<div class=\"entry-wrapper\">\n\t\t\t<h2 class=\"entry-title\"><a href=\"https:\/\/civitas-maxima.org\/fr\/martina-johnson-will-appear-before-the-belgian-cour-dassises-to-face-charges-of-international-crimes\/\" rel=\"bookmark\">Martina Johnson compara\u00eetra devant une cour d\u2019assises en Belgique pour r\u00e9pondre de crimes internationaux<\/a><\/h2>\t\t\t\t\t\t\t\t\t\t<div class=\"entry-meta\">\n\t\t\t\t\t<time class=\"entry-date published\" datetime=\"2026-03-12T14:07:05+01:00\">12th mars 2026<\/time><time class=\"updated\" datetime=\"2026-04-07T14:46:47+02:00\">7th avril 2026<\/time>\t\t\t\t<\/div><!-- .entry-meta -->\n\t\t\t\t\t<\/div><!-- .entry-wrapper -->\n\t<\/article>\n\n\t\t\n\t<article data-post-id=\"17485\"\n\t\tclass=\"tag-belgium tag-liberia tag-martina-johnson tag-npfl category-press-release type-post\"\n\t\t\t\t>\n\t\t\t\t\n\t\t<div class=\"entry-wrapper\">\n\t\t\t<h2 class=\"entry-title\"><a href=\"https:\/\/civitas-maxima.org\/fr\/after-over-10-years-the-investigation-phase-of-the-case-against-martina-johnson-is-closed\/\" rel=\"bookmark\">Apr\u00e8s plus de dix ans, la phase d\u2019instruction dans l\u2019affaire contre Martina Johnson est cl\u00f4tur\u00e9e.<\/a><\/h2>\t\t\t\t\t\t\t\t\t\t<div class=\"entry-meta\">\n\t\t\t\t\t<time class=\"entry-date published\" datetime=\"2025-10-14T12:45:54+02:00\">14th octobre 2025<\/time><time class=\"updated\" datetime=\"2025-10-14T12:45:56+02:00\">14th octobre 2025<\/time>\t\t\t\t<\/div><!-- .entry-meta -->\n\t\t\t\t\t<\/div><!-- .entry-wrapper -->\n\t<\/article>\n\n\t\t\n\t<article data-post-id=\"1272\"\n\t\tclass=\"tag-arrest tag-belgium tag-liberia tag-martina-johnson tag-npfl category-press-release type-post\"\n\t\t\t\t>\n\t\t\t\t\n\t\t<div class=\"entry-wrapper\">\n\t\t\t<h2 class=\"entry-title\"><a href=\"https:\/\/civitas-maxima.org\/fr\/martina-johnson-former-liberian-npfl-rebel-commander-arrested-and-indicted-in-belgium-for-alleged-war-crimes-and-crimes-against-humanity\/\" rel=\"bookmark\">Martina Johnson, ancienne commandante\nlibe\u0301rienne du NPFL, arre\u0302te\u0301e et inculpe\u0301e en Belgique pour crimes de guerre et crimes contre l\u2019humanite\u0301<\/a><\/h2>\t\t\t\t\t\t\t\t\t\t<div class=\"entry-meta\">\n\t\t\t\t\t<time class=\"entry-date published\" datetime=\"2014-09-18T13:44:00+02:00\">18 septembre 2014<\/time><time class=\"updated\" datetime=\"2020-11-17T00:01:47+01:00\">17th novembre 2020<\/time>\t\t\t\t<\/div><!-- .entry-meta -->\n\t\t\t\t\t<\/div><!-- .entry-wrapper -->\n\t<\/article>\n\n\t\t\t\t<\/div>\n\t\t\n\t<\/div>\n\t<\/div><\/details><\/div>\n\n\n\n<div class=\"wp-block-coblocks-accordion-item\"><details><summary class=\"wp-block-coblocks-accordion-item__title\">Liens externes<\/summary><div class=\"wp-block-coblocks-accordion-item__content\">\n<ul class=\"wp-block-list\">\n<li>JusticeInfo.Net (2020) &#8211; <a rel=\"noreferrer noopener\" href=\"https:\/\/www.justiceinfo.net\/en\/tribunals\/national-tribunals\/44069-liberia-war-crimes-belgian-investigators-drag-feet-on-martina-johnson.html\" target=\"_blank\">LIBERIA WAR CRIMES: BELGIAN INVESTIGATORS DRAG FEET ON MARTINA JOHNSON<\/a><\/li>\n\n\n\n<li>The Guardian (2014) &#8211; <a rel=\"noreferrer noopener\" href=\"https:\/\/www.theguardian.com\/global-development\/2014\/oct\/07\/martina-johnson-liberia-war-crimes-trial\" data-type=\"URL\" data-id=\"https:\/\/www.theguardian.com\/global-development\/2014\/oct\/07\/martina-johnson-liberia-war-crimes-trial\" target=\"_blank\">Martina Johnson\u2019s Liberian war crimes trial is a milestone in quest for justice<\/a><\/li>\n\n\n\n<li>APNews (2014) &#8211; <a rel=\"noreferrer noopener\" href=\"https:\/\/apnews.com\/article\/748abb0ce6044fa0a722ae880ab776c0\" target=\"_blank\">Belgium arrests Liberian ex-rebel commander<\/a><\/li>\n\n\n\n<li>Armed Groups and International Law Blog  (2014) &#8211; <a rel=\"noreferrer noopener\" href=\"https:\/\/armedgroups-internationallaw.org\/2014\/10\/07\/interview-with-luc-walleyn-victims-representative-in-the-case-against-martina-johnson\/\" data-type=\"URL\" data-id=\"https:\/\/armedgroups-internationallaw.org\/2014\/10\/07\/interview-with-luc-walleyn-victims-representative-in-the-case-against-martina-johnson\/\" target=\"_blank\">Interview with Luc Walleyn, victims\u2019 representative in the case against Martina Johnson<\/a><br><\/li>\n<\/ul>\n<\/div><\/details><\/div>\n<\/div>\n<\/div>\n<\/div>\n\n\n\n<p class=\"has-text-align-justify wp-block-paragraph\"><strong><mark style=\"background-color:rgba(0, 0, 0, 0);color:#15788c\" class=\"has-inline-color\">Martina Johnson<\/mark><\/strong> est un ancien commandant d\u2019artillerie du National Patriotic Front of Liberia (NPFL). Accus\u00e9e d\u2019avoir commis des crimes de guerre et des crimes contre l'humanit\u00e9 pendant la premi\u00e8re guerre civile lib\u00e9rienne, elle a \u00e9t\u00e9 arr\u00eat\u00e9e en 2014. Son arrestation a eu lieu en Belgique, pays o\u00f9 elle r\u00e9sidait depuis 2003.<\/p>\n\n\n\n<p class=\"has-text-align-justify wp-block-paragraph\">C'\u00e9tait la toute premi\u00e8re fois qu'un auteur pr\u00e9sum\u00e9 de crimes de guerre lib\u00e9rien est inculp\u00e9 pour des crimes de droit international commis au Lib\u00e9ria pendant la premi\u00e8re guerre civile.<\/p>\n\n\n\n<p class=\"has-text-align-justify wp-block-paragraph\">Les victimes lib\u00e9riennes accusent Martina Johnson d'avoir particip\u00e9 directement \u00e0 des mutilations et \u00e0 des massacres \u00e0 la fin de 1992. Ces crimes auraient \u00e9t\u00e9 commis pendant l'\"Op\u00e9ration Octopus\", une tristement c\u00e9l\u00e8bre offensive militaire du NPFL pour prendre la capitale, Monrovia.<\/p>\n\n\n\n<p class=\"has-text-align-justify wp-block-paragraph\">Elle a \u00e9t\u00e9 mise en libert\u00e9 conditionnelle peu apr\u00e8s son arrestation. Les autorit\u00e9s belges doivent encore enqu\u00eater sur le terrain. <\/p>","protected":false},"excerpt":{"rendered":"<p>Martina Johnson Facts Faction NPFL Nationality Liberian Period of Activity First Liberian Civil War Charges War Crimes and Crimes against Humanity Status Conditional release Resources Martina Johnson is a former front line commander of the National Patriotic Front of Liberia (NPFL). She was arrested in 2014 on suspicion of war crimes and crimes against humanity [&hellip;]<\/p>\n<p><a class=\"moretag\" href=\"https:\/\/civitas-maxima.org\/fr\/legal-work\/our-cases\/martina-johnson\/\">Lire la suite<\/a><\/p>\n","protected":false},"author":179586343,"featured_media":0,"parent":210,"menu_order":0,"comment_status":"closed","ping_status":"closed","template":"","meta":{"_coblocks_attr":"","_coblocks_dimensions":"","_coblocks_responsive_height":"","_coblocks_accordion_ie_support":"","_crdt_document":"","footnotes":""},"class_list":["post-431","page","type-page","status-publish","hentry"],"yoast_head":"<!-- This site is optimized with the Yoast SEO plugin v27.5 - https:\/\/yoast.com\/product\/yoast-seo-wordpress\/ -->\n<title>Martina Johnson | Civitas Maxima<\/title>\n<meta name=\"robots\" content=\"index, follow, max-snippet:-1, max-image-preview:large, max-video-preview:-1\" \/>\n<link rel=\"canonical\" href=\"https:\/\/civitas-maxima.org\/fr\/legal-work\/our-cases\/martina-johnson\/\" \/>\n<meta property=\"og:locale\" content=\"fr_FR\" \/>\n<meta property=\"og:type\" content=\"article\" \/>\n<meta property=\"og:title\" content=\"Martina Johnson | Civitas Maxima\" \/>\n<meta property=\"og:description\" content=\"Martina Johnson Facts Faction NPFL Nationality Liberian Period of Activity First Liberian Civil War Charges War Crimes and Crimes against Humanity Status Conditional release Resources Martina Johnson is a former front line commander of the National Patriotic Front of Liberia (NPFL). She was arrested in 2014 on suspicion of war crimes and crimes against humanity [&hellip;]Lire la suite\" \/>\n<meta property=\"og:url\" content=\"https:\/\/civitas-maxima.org\/fr\/legal-work\/our-cases\/martina-johnson\/\" \/>\n<meta property=\"og:site_name\" content=\"Civitas Maxima\" \/>\n<meta property=\"article:publisher\" content=\"https:\/\/www.facebook.com\/civitasmaxima\/?locale=fr_FR\" \/>\n<meta property=\"article:modified_time\" content=\"2024-03-26T10:50:02+00:00\" \/>\n<meta property=\"og:image\" content=\"https:\/\/i0.wp.com\/civitas-maxima.org\/wp-content\/uploads\/2020\/11\/cm-logo.png?fit=470%2C470&ssl=1\" \/>\n\t<meta property=\"og:image:width\" content=\"470\" \/>\n\t<meta property=\"og:image:height\" content=\"470\" \/>\n\t<meta property=\"og:image:type\" content=\"image\/png\" \/>\n<meta name=\"twitter:card\" content=\"summary_large_image\" \/>\n<meta name=\"twitter:site\" content=\"@Civitas_Maxima\" \/>\n<script type=\"application\/ld+json\" class=\"yoast-schema-graph\">{\"@context\":\"https:\\\/\\\/schema.org\",\"@graph\":[{\"@type\":\"WebPage\",\"@id\":\"https:\\\/\\\/civitas-maxima.org\\\/legal-work\\\/our-cases\\\/martina-johnson\\\/\",\"url\":\"https:\\\/\\\/civitas-maxima.org\\\/legal-work\\\/our-cases\\\/martina-johnson\\\/\",\"name\":\"Martina Johnson | Civitas Maxima\",\"isPartOf\":{\"@id\":\"https:\\\/\\\/civitas-maxima.org\\\/#website\"},\"datePublished\":\"2020-10-16T10:38:50+00:00\",\"dateModified\":\"2024-03-26T10:50:02+00:00\",\"breadcrumb\":{\"@id\":\"https:\\\/\\\/civitas-maxima.org\\\/legal-work\\\/our-cases\\\/martina-johnson\\\/#breadcrumb\"},\"inLanguage\":\"fr-FR\",\"potentialAction\":[{\"@type\":\"ReadAction\",\"target\":[\"https:\\\/\\\/civitas-maxima.org\\\/legal-work\\\/our-cases\\\/martina-johnson\\\/\"]}]},{\"@type\":\"BreadcrumbList\",\"@id\":\"https:\\\/\\\/civitas-maxima.org\\\/legal-work\\\/our-cases\\\/martina-johnson\\\/#breadcrumb\",\"itemListElement\":[{\"@type\":\"ListItem\",\"position\":1,\"name\":\"Home\",\"item\":\"https:\\\/\\\/civitas-maxima.org\\\/\"},{\"@type\":\"ListItem\",\"position\":2,\"name\":\"Legal Work\",\"item\":\"https:\\\/\\\/civitas-maxima.org\\\/legal-work\\\/\"},{\"@type\":\"ListItem\",\"position\":3,\"name\":\"Public cases\",\"item\":\"https:\\\/\\\/civitas-maxima.org\\\/legal-work\\\/our-cases\\\/\"},{\"@type\":\"ListItem\",\"position\":4,\"name\":\"Martina Johnson\"}]},{\"@type\":\"WebSite\",\"@id\":\"https:\\\/\\\/civitas-maxima.org\\\/#website\",\"url\":\"https:\\\/\\\/civitas-maxima.org\\\/\",\"name\":\"Civitas Maxima\",\"description\":\"Together Against Impunity\",\"publisher\":{\"@id\":\"https:\\\/\\\/civitas-maxima.org\\\/#organization\"},\"potentialAction\":[{\"@type\":\"SearchAction\",\"target\":{\"@type\":\"EntryPoint\",\"urlTemplate\":\"https:\\\/\\\/civitas-maxima.org\\\/?s={search_term_string}\"},\"query-input\":{\"@type\":\"PropertyValueSpecification\",\"valueRequired\":true,\"valueName\":\"search_term_string\"}}],\"inLanguage\":\"fr-FR\"},{\"@type\":\"Organization\",\"@id\":\"https:\\\/\\\/civitas-maxima.org\\\/#organization\",\"name\":\"Civitas Maxima\",\"url\":\"https:\\\/\\\/civitas-maxima.org\\\/\",\"logo\":{\"@type\":\"ImageObject\",\"inLanguage\":\"fr-FR\",\"@id\":\"https:\\\/\\\/civitas-maxima.org\\\/#\\\/schema\\\/logo\\\/image\\\/\",\"url\":\"https:\\\/\\\/i0.wp.com\\\/civitas-maxima.org\\\/wp-content\\\/uploads\\\/2020\\\/09\\\/cm-logo.jpg?fit=212%2C209&ssl=1\",\"contentUrl\":\"https:\\\/\\\/i0.wp.com\\\/civitas-maxima.org\\\/wp-content\\\/uploads\\\/2020\\\/09\\\/cm-logo.jpg?fit=212%2C209&ssl=1\",\"width\":212,\"height\":209,\"caption\":\"Civitas Maxima\"},\"image\":{\"@id\":\"https:\\\/\\\/civitas-maxima.org\\\/#\\\/schema\\\/logo\\\/image\\\/\"},\"sameAs\":[\"https:\\\/\\\/www.facebook.com\\\/civitasmaxima\\\/?locale=fr_FR\",\"https:\\\/\\\/x.com\\\/Civitas_Maxima\",\"https:\\\/\\\/www.linkedin.com\\\/company\\\/civitas-maxima\",\"https:\\\/\\\/www.instagram.com\\\/civitas_maxima\\\/\"]}]}<\/script>\n<!-- \/ Yoast SEO plugin. -->","yoast_head_json":{"title":"Martina Johnson | Civitas Maxima","robots":{"index":"index","follow":"follow","max-snippet":"max-snippet:-1","max-image-preview":"max-image-preview:large","max-video-preview":"max-video-preview:-1"},"canonical":"https:\/\/civitas-maxima.org\/fr\/legal-work\/our-cases\/martina-johnson\/","og_locale":"fr_FR","og_type":"article","og_title":"Martina Johnson | Civitas Maxima","og_description":"Martina Johnson Facts Faction NPFL Nationality Liberian Period of Activity First Liberian Civil War Charges War Crimes and Crimes against Humanity Status Conditional release Resources Martina Johnson is a former front line commander of the National Patriotic Front of Liberia (NPFL). She was arrested in 2014 on suspicion of war crimes and crimes against humanity [&hellip;]Lire la suite","og_url":"https:\/\/civitas-maxima.org\/fr\/legal-work\/our-cases\/martina-johnson\/","og_site_name":"Civitas Maxima","article_publisher":"https:\/\/www.facebook.com\/civitasmaxima\/?locale=fr_FR","article_modified_time":"2024-03-26T10:50:02+00:00","og_image":[{"width":470,"height":470,"url":"https:\/\/i0.wp.com\/civitas-maxima.org\/wp-content\/uploads\/2020\/11\/cm-logo.png?fit=470%2C470&ssl=1","type":"image\/png"}],"twitter_card":"summary_large_image","twitter_site":"@Civitas_Maxima","schema":{"@context":"https:\/\/schema.org","@graph":[{"@type":"WebPage","@id":"https:\/\/civitas-maxima.org\/legal-work\/our-cases\/martina-johnson\/","url":"https:\/\/civitas-maxima.org\/legal-work\/our-cases\/martina-johnson\/","name":"Martina Johnson | Civitas Maxima","isPartOf":{"@id":"https:\/\/civitas-maxima.org\/#website"},"datePublished":"2020-10-16T10:38:50+00:00","dateModified":"2024-03-26T10:50:02+00:00","breadcrumb":{"@id":"https:\/\/civitas-maxima.org\/legal-work\/our-cases\/martina-johnson\/#breadcrumb"},"inLanguage":"fr-FR","potentialAction":[{"@type":"ReadAction","target":["https:\/\/civitas-maxima.org\/legal-work\/our-cases\/martina-johnson\/"]}]},{"@type":"BreadcrumbList","@id":"https:\/\/civitas-maxima.org\/legal-work\/our-cases\/martina-johnson\/#breadcrumb","itemListElement":[{"@type":"ListItem","position":1,"name":"Home","item":"https:\/\/civitas-maxima.org\/"},{"@type":"ListItem","position":2,"name":"Legal Work","item":"https:\/\/civitas-maxima.org\/legal-work\/"},{"@type":"ListItem","position":3,"name":"Public cases","item":"https:\/\/civitas-maxima.org\/legal-work\/our-cases\/"},{"@type":"ListItem","position":4,"name":"Martina Johnson"}]},{"@type":"WebSite","@id":"https:\/\/civitas-maxima.org\/#website","url":"https:\/\/civitas-maxima.org\/","name":"Civitas Maxima","description":"Together Against Impunity","publisher":{"@id":"https:\/\/civitas-maxima.org\/#organization"},"potentialAction":[{"@type":"SearchAction","target":{"@type":"EntryPoint","urlTemplate":"https:\/\/civitas-maxima.org\/?s={search_term_string}"},"query-input":{"@type":"PropertyValueSpecification","valueRequired":true,"valueName":"search_term_string"}}],"inLanguage":"fr-FR"},{"@type":"Organization","@id":"https:\/\/civitas-maxima.org\/#organization","name":"Civitas Maxima","url":"https:\/\/civitas-maxima.org\/","logo":{"@type":"ImageObject","inLanguage":"fr-FR","@id":"https:\/\/civitas-maxima.org\/#\/schema\/logo\/image\/","url":"https:\/\/i0.wp.com\/civitas-maxima.org\/wp-content\/uploads\/2020\/09\/cm-logo.jpg?fit=212%2C209&ssl=1","contentUrl":"https:\/\/i0.wp.com\/civitas-maxima.org\/wp-content\/uploads\/2020\/09\/cm-logo.jpg?fit=212%2C209&ssl=1","width":212,"height":209,"caption":"Civitas Maxima"},"image":{"@id":"https:\/\/civitas-maxima.org\/#\/schema\/logo\/image\/"},"sameAs":["https:\/\/www.facebook.com\/civitasmaxima\/?locale=fr_FR","https:\/\/x.com\/Civitas_Maxima","https:\/\/www.linkedin.com\/company\/civitas-maxima","https:\/\/www.instagram.com\/civitas_maxima\/"]}]}},"jetpack_sharing_enabled":true,"jetpack_shortlink":"https:\/\/wp.me\/PclLIv-6X","amp_enabled":true,"_links":{"self":[{"href":"https:\/\/civitas-maxima.org\/fr\/wp-json\/wp\/v2\/pages\/431","targetHints":{"allow":["GET"]}}],"collection":[{"href":"https:\/\/civitas-maxima.org\/fr\/wp-json\/wp\/v2\/pages"}],"about":[{"href":"https:\/\/civitas-maxima.org\/fr\/wp-json\/wp\/v2\/types\/page"}],"author":[{"embeddable":true,"href":"https:\/\/civitas-maxima.org\/fr\/wp-json\/wp\/v2\/users\/179586343"}],"replies":[{"embeddable":true,"href":"https:\/\/civitas-maxima.org\/fr\/wp-json\/wp\/v2\/comments?post=431"}],"version-history":[{"count":18,"href":"https:\/\/civitas-maxima.org\/fr\/wp-json\/wp\/v2\/pages\/431\/revisions"}],"predecessor-version":[{"id":12198,"href":"https:\/\/civitas-maxima.org\/fr\/wp-json\/wp\/v2\/pages\/431\/revisions\/12198"}],"up":[{"embeddable":true,"href":"https:\/\/civitas-maxima.org\/fr\/wp-json\/wp\/v2\/pages\/210"}],"wp:attachment":[{"href":"https:\/\/civitas-maxima.org\/fr\/wp-json\/wp\/v2\/media?parent=431"}],"curies":[{"name":"wp","href":"https:\/\/api.w.org\/{rel}","templated":true}]}}