{"id":434,"date":"2020-10-16T12:57:32","date_gmt":"2020-10-16T10:57:32","guid":{"rendered":"https:\/\/civitas-maxima.org\/?page_id=434"},"modified":"2023-07-25T12:49:01","modified_gmt":"2023-07-25T10:49:01","slug":"theatre-justice-in-action","status":"publish","type":"page","link":"https:\/\/civitas-maxima.org\/fr\/outreach\/theatre-justice-in-action\/","title":{"rendered":"Theatre: Justice in Action"},"content":{"rendered":"<h3 class=\"wp-block-heading has-text-align-center has-text-color\" style=\"color:#15788c\">Combiner le th\u00e9\u00e2tre avec la sensibilisation aux proc\u00e9dures judiciaires contre des criminels de guerre lib\u00e9riens pr\u00e9sum\u00e9s<\/h3>\n\n\n\n<figure class=\"wp-block-embed is-type-video is-provider-youtube wp-block-embed-youtube\"><div class=\"wp-block-embed__wrapper\">\n<span class=\"embed-youtube\" style=\"text-align:center; display: block;\"><iframe loading=\"lazy\" class=\"youtube-player\" width=\"640\" height=\"360\" src=\"https:\/\/www.youtube.com\/embed\/RecxHVS1zrk?version=3&#038;rel=1&#038;showsearch=0&#038;showinfo=1&#038;iv_load_policy=1&#038;fs=1&#038;hl=fr-FR&#038;autohide=2&#038;wmode=transparent\" allowfullscreen=\"true\" style=\"border:0;\" sandbox=\"allow-scripts allow-same-origin allow-popups allow-presentation allow-popups-to-escape-sandbox\"><\/iframe><\/span>\n<\/div><figcaption class=\"wp-element-caption\"><strong><span class=\"has-inline-color has-black-color\">Le r\u00e9alisateur <a rel=\"noreferrer noopener\" href=\"https:\/\/nicolasbc.com\/\" target=\"_blank\">Nicol\u00e1s Braguinsky Cascini<\/a> a suivi l'\u00e9quipe et produit un court documentaire pr\u00e9sentant le projet. Le documentaire comporte de rares t\u00e9moignages de chefs traditionnels, des interviews avec les acteurs de la troupe Flomo et des plans incroyables de ce pays magnifique qu\u2019est le Lib\u00e9ria.<\/span><\/strong><\/figcaption><\/figure>\n\n\n\n<p class=\"has-text-align-justify wp-block-paragraph\">Civitas Maxima s'est toujours distingu\u00e9e par des projets artistiques originaux que nous cofinan\u00e7ons et sur lesquels nous travaillons en partenariat avec des organisations locales. Ces projets impliquent les populations locales dans des d\u00e9bats sur l\u2019impunit\u00e9 et la justice. Dans le cadre de la campagne<strong>Justice in Action<\/strong>\".<\/p>\n\n\n\n<p class=\"has-text-align-justify wp-block-paragraph\">\"Justice in Action\" \u00e9tait un projet de th\u00e9\u00e2tre participatif, entrepris en partenariat avec <a rel=\"noreferrer noopener\" href=\"https:\/\/flomotheaterliberia.weebly.com\/history.html\" target=\"_blank\">Flomo Theatre Inc<\/a>\"Justice in Action\" \u00e9tait un projet de th\u00e9\u00e2tre participatif, entrepris en partenariat avec Flomo Theatre Inc., bas\u00e9 sur un spectacle itin\u00e9rant, des lectures publiques et la mise en sc\u00e8ne de proc\u00e8s simul\u00e9s jou\u00e9s par des acteurs du Flomo Theatre avec la participation d\u2019\u00e9tudiants de Monrovia. Le projet a d\u00e9but\u00e9 en 2017 et s'est poursuivi pendant trois ans. En 2019, les acteurs du Th\u00e9\u00e2tre Flomo, accompagn\u00e9s de membres de l\u2019\u00e9quipe de Civitas Maxima et d'autres partenaires locaux, se sont lanc\u00e9s dans une tourn\u00e9e \u00e0 travers le Liberia rural pour partager la nouvelle du proc\u00e8s de <a href=\"..\/Mohammed-Jabbateh\" target=\"_blank\" rel=\"noreferrer noopener\">Mohammed Jabbateh<\/a>alias \u00ab Jungle Jabbah \u00bb, un ancien commandant de l\u2019ULIMO (une faction rebelle de la premi\u00e8re guerre civile lib\u00e9rienne). Jabbateh a \u00e9t\u00e9 condamn\u00e9 aux \u00c9tats-Unis pour fraude en mati\u00e8re d\u2019immigration : il avait cach\u00e9 aux autorit\u00e9s am\u00e9ricaines son implication dans le conflit.<\/p>\n\n\n\n<div class=\"wp-block-jetpack-slideshow aligncenter\" data-effect=\"slide\"><div class=\"wp-block-jetpack-slideshow_container swiper-container\"><ul class=\"wp-block-jetpack-slideshow_swiper-wrapper swiper-wrapper\"><li class=\"wp-block-jetpack-slideshow_slide swiper-slide\"><figure><img data-recalc-dims=\"1\" loading=\"lazy\" decoding=\"async\" width=\"640\" height=\"427\" alt=\"\" class=\"wp-block-jetpack-slideshow_image wp-image-436\" data-id=\"436\" src=\"https:\/\/i0.wp.com\/civitas-maxima.org\/wp-content\/uploads\/2020\/10\/justice-in-action3.jpg?resize=640%2C427&#038;ssl=1\" srcset=\"https:\/\/i0.wp.com\/civitas-maxima.org\/wp-content\/uploads\/2020\/10\/justice-in-action3.jpg?w=5616&amp;ssl=1 5616w, https:\/\/i0.wp.com\/civitas-maxima.org\/wp-content\/uploads\/2020\/10\/justice-in-action3.jpg?resize=300%2C200&amp;ssl=1 300w, https:\/\/i0.wp.com\/civitas-maxima.org\/wp-content\/uploads\/2020\/10\/justice-in-action3.jpg?resize=1024%2C683&amp;ssl=1 1024w, https:\/\/i0.wp.com\/civitas-maxima.org\/wp-content\/uploads\/2020\/10\/justice-in-action3.jpg?resize=768%2C512&amp;ssl=1 768w, https:\/\/i0.wp.com\/civitas-maxima.org\/wp-content\/uploads\/2020\/10\/justice-in-action3.jpg?resize=1536%2C1024&amp;ssl=1 1536w, https:\/\/i0.wp.com\/civitas-maxima.org\/wp-content\/uploads\/2020\/10\/justice-in-action3.jpg?resize=2048%2C1365&amp;ssl=1 2048w, https:\/\/i0.wp.com\/civitas-maxima.org\/wp-content\/uploads\/2020\/10\/justice-in-action3.jpg?resize=18%2C12&amp;ssl=1 18w, https:\/\/i0.wp.com\/civitas-maxima.org\/wp-content\/uploads\/2020\/10\/justice-in-action3.jpg?resize=1200%2C800&amp;ssl=1 1200w, https:\/\/i0.wp.com\/civitas-maxima.org\/wp-content\/uploads\/2020\/10\/justice-in-action3.jpg?resize=1280%2C853&amp;ssl=1 1280w, https:\/\/i0.wp.com\/civitas-maxima.org\/wp-content\/uploads\/2020\/10\/justice-in-action3.jpg?resize=735%2C490&amp;ssl=1 735w, https:\/\/i0.wp.com\/civitas-maxima.org\/wp-content\/uploads\/2020\/10\/justice-in-action3.jpg?w=1920&amp;ssl=1 1920w\" sizes=\"(max-width: 640px) 100vw, 640px\" \/><\/figure><\/li><li class=\"wp-block-jetpack-slideshow_slide swiper-slide\"><figure><img data-recalc-dims=\"1\" loading=\"lazy\" decoding=\"async\" width=\"640\" height=\"427\" alt=\"\" class=\"wp-block-jetpack-slideshow_image wp-image-437\" data-id=\"437\" src=\"https:\/\/i0.wp.com\/civitas-maxima.org\/wp-content\/uploads\/2020\/10\/justice-in-action2.jpg?resize=640%2C427&#038;ssl=1\" srcset=\"https:\/\/i0.wp.com\/civitas-maxima.org\/wp-content\/uploads\/2020\/10\/justice-in-action2.jpg?w=5616&amp;ssl=1 5616w, https:\/\/i0.wp.com\/civitas-maxima.org\/wp-content\/uploads\/2020\/10\/justice-in-action2.jpg?resize=300%2C200&amp;ssl=1 300w, https:\/\/i0.wp.com\/civitas-maxima.org\/wp-content\/uploads\/2020\/10\/justice-in-action2.jpg?resize=1024%2C683&amp;ssl=1 1024w, https:\/\/i0.wp.com\/civitas-maxima.org\/wp-content\/uploads\/2020\/10\/justice-in-action2.jpg?resize=768%2C512&amp;ssl=1 768w, https:\/\/i0.wp.com\/civitas-maxima.org\/wp-content\/uploads\/2020\/10\/justice-in-action2.jpg?resize=1536%2C1024&amp;ssl=1 1536w, https:\/\/i0.wp.com\/civitas-maxima.org\/wp-content\/uploads\/2020\/10\/justice-in-action2.jpg?resize=2048%2C1365&amp;ssl=1 2048w, https:\/\/i0.wp.com\/civitas-maxima.org\/wp-content\/uploads\/2020\/10\/justice-in-action2.jpg?resize=18%2C12&amp;ssl=1 18w, https:\/\/i0.wp.com\/civitas-maxima.org\/wp-content\/uploads\/2020\/10\/justice-in-action2.jpg?resize=1200%2C800&amp;ssl=1 1200w, https:\/\/i0.wp.com\/civitas-maxima.org\/wp-content\/uploads\/2020\/10\/justice-in-action2.jpg?resize=1280%2C853&amp;ssl=1 1280w, https:\/\/i0.wp.com\/civitas-maxima.org\/wp-content\/uploads\/2020\/10\/justice-in-action2.jpg?resize=735%2C490&amp;ssl=1 735w, https:\/\/i0.wp.com\/civitas-maxima.org\/wp-content\/uploads\/2020\/10\/justice-in-action2.jpg?w=1920&amp;ssl=1 1920w\" sizes=\"(max-width: 640px) 100vw, 640px\" \/><\/figure><\/li><li class=\"wp-block-jetpack-slideshow_slide swiper-slide\"><figure><img data-recalc-dims=\"1\" loading=\"lazy\" decoding=\"async\" width=\"640\" height=\"427\" alt=\"\" class=\"wp-block-jetpack-slideshow_image wp-image-438\" data-id=\"438\" src=\"https:\/\/i0.wp.com\/civitas-maxima.org\/wp-content\/uploads\/2020\/10\/justice-in-action.jpg?resize=640%2C427&#038;ssl=1\" srcset=\"https:\/\/i0.wp.com\/civitas-maxima.org\/wp-content\/uploads\/2020\/10\/justice-in-action.jpg?w=5616&amp;ssl=1 5616w, https:\/\/i0.wp.com\/civitas-maxima.org\/wp-content\/uploads\/2020\/10\/justice-in-action.jpg?resize=300%2C200&amp;ssl=1 300w, https:\/\/i0.wp.com\/civitas-maxima.org\/wp-content\/uploads\/2020\/10\/justice-in-action.jpg?resize=1024%2C683&amp;ssl=1 1024w, https:\/\/i0.wp.com\/civitas-maxima.org\/wp-content\/uploads\/2020\/10\/justice-in-action.jpg?resize=768%2C512&amp;ssl=1 768w, https:\/\/i0.wp.com\/civitas-maxima.org\/wp-content\/uploads\/2020\/10\/justice-in-action.jpg?resize=1536%2C1024&amp;ssl=1 1536w, https:\/\/i0.wp.com\/civitas-maxima.org\/wp-content\/uploads\/2020\/10\/justice-in-action.jpg?resize=2048%2C1365&amp;ssl=1 2048w, https:\/\/i0.wp.com\/civitas-maxima.org\/wp-content\/uploads\/2020\/10\/justice-in-action.jpg?resize=18%2C12&amp;ssl=1 18w, https:\/\/i0.wp.com\/civitas-maxima.org\/wp-content\/uploads\/2020\/10\/justice-in-action.jpg?resize=1200%2C800&amp;ssl=1 1200w, https:\/\/i0.wp.com\/civitas-maxima.org\/wp-content\/uploads\/2020\/10\/justice-in-action.jpg?resize=1280%2C853&amp;ssl=1 1280w, https:\/\/i0.wp.com\/civitas-maxima.org\/wp-content\/uploads\/2020\/10\/justice-in-action.jpg?resize=735%2C490&amp;ssl=1 735w, https:\/\/i0.wp.com\/civitas-maxima.org\/wp-content\/uploads\/2020\/10\/justice-in-action.jpg?w=1920&amp;ssl=1 1920w\" sizes=\"(max-width: 640px) 100vw, 640px\" \/><\/figure><\/li><\/ul><a class=\"wp-block-jetpack-slideshow_button-prev swiper-button-prev swiper-button-white\" role=\"button\"><\/a><a class=\"wp-block-jetpack-slideshow_button-next swiper-button-next swiper-button-white\" role=\"button\"><\/a><a aria-label=\"Pause Slideshow\" class=\"wp-block-jetpack-slideshow_button-pause\" role=\"button\"><\/a><div class=\"wp-block-jetpack-slideshow_pagination swiper-pagination swiper-pagination-white\"><\/div><\/div><\/div>\n\n\n\n<p class=\"has-text-align-justify wp-block-paragraph\">Le projet \"Justice en action\" n'avait pas seulement pour but de faire la lumi\u00e8re sur les poursuites p\u00e9nales engag\u00e9es \u00e0 l'\u00e9tranger : il impliquait \u00e9galement le personnel de Civitas Maxima et nos partenaires locaux, qui ont particip\u00e9 \u00e0 la tourn\u00e9e afin d\u2019\u00e9couter, de comprendre et d\u2019impliquer les communaut\u00e9s rurales de l\u2019int\u00e9rieur du Lib\u00e9ria. Avec ce projet, <strong>Civitas Maxima visait bien plus que la simple diffusion d'informations sur le proc\u00e8s de Jungle Jabbah : nous voulions inclure les Lib\u00e9riens des communaut\u00e9s recul\u00e9es et loin de la capitale dans une discussion plus large sur la justice, l'impunit\u00e9 et le traitement du pass\u00e9.<\/strong><\/p>\n\n\n\n<p class=\"has-text-align-justify wp-block-paragraph\">\u00c0 ce jour, les responsables des atrocit\u00e9s commises pendant les guerres civiles n'ont pas \u00e9t\u00e9 tenus responsables au Lib\u00e9ria. Pourtant, la Commission de V\u00e9rit\u00e9 et R\u00e9conciliation (TRC) lib\u00e9rienne a explicitement demand\u00e9 au gouvernement d'\u00e9tablir un tribunal pour juger les crimes de guerre quand elle a rendu son rapport final en 2009. Des auteurs pr\u00e9sum\u00e9s de crimes de guerre occupent toujours des postes importants dans le pays, et de nombreuses fausses informations - souvent fallacieuses - entourent le d\u00e9bat sur la question d'un potentiel tribunal pour juger les crimes de guerre au Lib\u00e9ria. Il est donc primordial de fournir des informations fiables et un espace de dialogue honn\u00eate sur l'impunit\u00e9, la justice et la responsabilit\u00e9.<\/p>\n\n\n\n<p class=\"has-text-align-justify wp-block-paragraph\">Au total, 15 villes dans six comt\u00e9s diff\u00e9rents ont \u00e9t\u00e9 visit\u00e9es pour cette tourn\u00e9e. Toutes ces villes avaient \u00e9t\u00e9 la sc\u00e8ne d\u2019\u00e9pisodes de violence extr\u00eame perp\u00e9tr\u00e9s par des groupes arm\u00e9s de toutes les factions, qui ont pill\u00e9 et d\u00e9vast\u00e9 ces communaut\u00e9s pendant les guerres civiles.<\/p>\n\n\n<div class=\"wp-block-image\">\n<figure class=\"aligncenter size-full is-resized\"><img data-recalc-dims=\"1\" loading=\"lazy\" decoding=\"async\" data-attachment-id=\"768\" data-permalink=\"https:\/\/civitas-maxima.org\/fr\/theatre-justice-in-action\/justice-in-action-map\/\" data-orig-file=\"https:\/\/i0.wp.com\/civitas-maxima.org\/wp-content\/uploads\/2020\/10\/justice-in-action-map.png?fit=936%2C892&amp;ssl=1\" data-orig-size=\"936,892\" data-comments-opened=\"1\" data-image-meta=\"{&quot;aperture&quot;:&quot;0&quot;,&quot;credit&quot;:&quot;&quot;,&quot;camera&quot;:&quot;&quot;,&quot;caption&quot;:&quot;&quot;,&quot;created_timestamp&quot;:&quot;0&quot;,&quot;copyright&quot;:&quot;&quot;,&quot;focal_length&quot;:&quot;0&quot;,&quot;iso&quot;:&quot;0&quot;,&quot;shutter_speed&quot;:&quot;0&quot;,&quot;title&quot;:&quot;&quot;,&quot;orientation&quot;:&quot;0&quot;}\" data-image-title=\"Justice in action map\" data-image-description=\"\" data-image-caption=\"\" data-large-file=\"https:\/\/i0.wp.com\/civitas-maxima.org\/wp-content\/uploads\/2020\/10\/justice-in-action-map.png?fit=640%2C610&amp;ssl=1\" src=\"https:\/\/i0.wp.com\/civitas-maxima.org\/wp-content\/uploads\/2020\/10\/justice-in-action-map.png?resize=637%2C637&#038;ssl=1\" alt=\"\" class=\"wp-image-768\" style=\"width:637px;height:637px\" width=\"637\" height=\"637\" srcset=\"https:\/\/i0.wp.com\/civitas-maxima.org\/wp-content\/uploads\/2020\/10\/justice-in-action-map.png?resize=150%2C150&amp;ssl=1 150w, https:\/\/i0.wp.com\/civitas-maxima.org\/wp-content\/uploads\/2020\/10\/justice-in-action-map.png?resize=800%2C800&amp;ssl=1 800w, https:\/\/i0.wp.com\/civitas-maxima.org\/wp-content\/uploads\/2020\/10\/justice-in-action-map.png?resize=400%2C400&amp;ssl=1 400w, https:\/\/i0.wp.com\/civitas-maxima.org\/wp-content\/uploads\/2020\/10\/justice-in-action-map.png?resize=200%2C200&amp;ssl=1 200w, https:\/\/i0.wp.com\/civitas-maxima.org\/wp-content\/uploads\/2020\/10\/justice-in-action-map.png?resize=50%2C50&amp;ssl=1 50w\" sizes=\"auto, (max-width: 637px) 100vw, 637px\" \/><figcaption class=\"wp-element-caption\"><strong><span class=\"has-inline-color has-black-color\">Les villes visit\u00e9es par l\u2019\u00e9quipe<\/span><\/strong><\/figcaption><\/figure>\n<\/div>\n\n\n<p class=\"wp-block-paragraph\"> <\/p>\n\n\n\n<p class=\"wp-block-paragraph\"><\/p>","protected":false},"excerpt":{"rendered":"<p>Combining Theater with Knowledge &amp; Awareness of Court Cases Against Alleged Liberian War Criminals Civitas Maxima has always distinguished itself with the original and artistic projects we co-fund and partner with local organisations on, and which involve local populations in debates about accountability and justice. In this spirit, within the Liberian Quest for Justice campaign, [&hellip;]<\/p>\n<p><a class=\"moretag\" href=\"https:\/\/civitas-maxima.org\/fr\/outreach\/theatre-justice-in-action\/\">Lire la suite<\/a><\/p>\n","protected":false},"author":179586343,"featured_media":0,"parent":89,"menu_order":0,"comment_status":"closed","ping_status":"closed","template":"","meta":{"_coblocks_attr":"","_coblocks_dimensions":"","_coblocks_responsive_height":"","_coblocks_accordion_ie_support":"","_crdt_document":"","footnotes":""},"class_list":["post-434","page","type-page","status-publish","hentry"],"yoast_head":"<!-- This site is optimized with the Yoast SEO plugin v27.4 - https:\/\/yoast.com\/product\/yoast-seo-wordpress\/ -->\n<title>Theatre: Justice in Action | Civitas Maxima<\/title>\n<meta name=\"robots\" content=\"index, follow, max-snippet:-1, max-image-preview:large, max-video-preview:-1\" \/>\n<link rel=\"canonical\" href=\"https:\/\/civitas-maxima.org\/fr\/outreach\/theatre-justice-in-action\/\" \/>\n<meta property=\"og:locale\" content=\"fr_FR\" \/>\n<meta property=\"og:type\" content=\"article\" \/>\n<meta property=\"og:title\" content=\"Theatre: Justice in Action | Civitas Maxima\" \/>\n<meta property=\"og:description\" content=\"Combining Theater with Knowledge &amp; Awareness of Court Cases Against Alleged Liberian War Criminals Civitas Maxima has always distinguished itself with the original and artistic projects we co-fund and partner with local organisations on, and which involve local populations in debates about accountability and justice. In this spirit, within the Liberian Quest for Justice campaign, [&hellip;]Lire la suite\" \/>\n<meta property=\"og:url\" content=\"https:\/\/civitas-maxima.org\/fr\/outreach\/theatre-justice-in-action\/\" \/>\n<meta property=\"og:site_name\" content=\"Civitas Maxima\" \/>\n<meta property=\"article:publisher\" content=\"https:\/\/www.facebook.com\/civitasmaxima\/?locale=fr_FR\" \/>\n<meta property=\"article:modified_time\" content=\"2023-07-25T10:49:01+00:00\" \/>\n<meta property=\"og:image\" content=\"https:\/\/civitas-maxima.org\/wp-content\/uploads\/2020\/10\/justice-in-action3.jpg\" \/>\n<meta name=\"twitter:card\" content=\"summary_large_image\" \/>\n<meta name=\"twitter:site\" content=\"@Civitas_Maxima\" \/>\n<script type=\"application\/ld+json\" class=\"yoast-schema-graph\">{\"@context\":\"https:\\\/\\\/schema.org\",\"@graph\":[{\"@type\":\"WebPage\",\"@id\":\"https:\\\/\\\/civitas-maxima.org\\\/outreach\\\/theatre-justice-in-action\\\/\",\"url\":\"https:\\\/\\\/civitas-maxima.org\\\/outreach\\\/theatre-justice-in-action\\\/\",\"name\":\"Theatre: Justice in Action | Civitas Maxima\",\"isPartOf\":{\"@id\":\"https:\\\/\\\/civitas-maxima.org\\\/#website\"},\"primaryImageOfPage\":{\"@id\":\"https:\\\/\\\/civitas-maxima.org\\\/outreach\\\/theatre-justice-in-action\\\/#primaryimage\"},\"image\":{\"@id\":\"https:\\\/\\\/civitas-maxima.org\\\/outreach\\\/theatre-justice-in-action\\\/#primaryimage\"},\"thumbnailUrl\":\"https:\\\/\\\/civitas-maxima.org\\\/wp-content\\\/uploads\\\/2020\\\/10\\\/justice-in-action3.jpg\",\"datePublished\":\"2020-10-16T10:57:32+00:00\",\"dateModified\":\"2023-07-25T10:49:01+00:00\",\"breadcrumb\":{\"@id\":\"https:\\\/\\\/civitas-maxima.org\\\/outreach\\\/theatre-justice-in-action\\\/#breadcrumb\"},\"inLanguage\":\"fr-FR\",\"potentialAction\":[{\"@type\":\"ReadAction\",\"target\":[\"https:\\\/\\\/civitas-maxima.org\\\/outreach\\\/theatre-justice-in-action\\\/\"]}]},{\"@type\":\"ImageObject\",\"inLanguage\":\"fr-FR\",\"@id\":\"https:\\\/\\\/civitas-maxima.org\\\/outreach\\\/theatre-justice-in-action\\\/#primaryimage\",\"url\":\"https:\\\/\\\/civitas-maxima.org\\\/wp-content\\\/uploads\\\/2020\\\/10\\\/justice-in-action3.jpg\",\"contentUrl\":\"https:\\\/\\\/civitas-maxima.org\\\/wp-content\\\/uploads\\\/2020\\\/10\\\/justice-in-action3.jpg\"},{\"@type\":\"BreadcrumbList\",\"@id\":\"https:\\\/\\\/civitas-maxima.org\\\/outreach\\\/theatre-justice-in-action\\\/#breadcrumb\",\"itemListElement\":[{\"@type\":\"ListItem\",\"position\":1,\"name\":\"Home\",\"item\":\"https:\\\/\\\/civitas-maxima.org\\\/\"},{\"@type\":\"ListItem\",\"position\":2,\"name\":\"Outreach\",\"item\":\"https:\\\/\\\/civitas-maxima.org\\\/outreach\\\/\"},{\"@type\":\"ListItem\",\"position\":3,\"name\":\"Theatre: Justice in Action\"}]},{\"@type\":\"WebSite\",\"@id\":\"https:\\\/\\\/civitas-maxima.org\\\/#website\",\"url\":\"https:\\\/\\\/civitas-maxima.org\\\/\",\"name\":\"Civitas Maxima\",\"description\":\"Together Against Impunity\",\"publisher\":{\"@id\":\"https:\\\/\\\/civitas-maxima.org\\\/#organization\"},\"potentialAction\":[{\"@type\":\"SearchAction\",\"target\":{\"@type\":\"EntryPoint\",\"urlTemplate\":\"https:\\\/\\\/civitas-maxima.org\\\/?s={search_term_string}\"},\"query-input\":{\"@type\":\"PropertyValueSpecification\",\"valueRequired\":true,\"valueName\":\"search_term_string\"}}],\"inLanguage\":\"fr-FR\"},{\"@type\":\"Organization\",\"@id\":\"https:\\\/\\\/civitas-maxima.org\\\/#organization\",\"name\":\"Civitas Maxima\",\"url\":\"https:\\\/\\\/civitas-maxima.org\\\/\",\"logo\":{\"@type\":\"ImageObject\",\"inLanguage\":\"fr-FR\",\"@id\":\"https:\\\/\\\/civitas-maxima.org\\\/#\\\/schema\\\/logo\\\/image\\\/\",\"url\":\"https:\\\/\\\/i0.wp.com\\\/civitas-maxima.org\\\/wp-content\\\/uploads\\\/2020\\\/09\\\/cm-logo.jpg?fit=212%2C209&ssl=1\",\"contentUrl\":\"https:\\\/\\\/i0.wp.com\\\/civitas-maxima.org\\\/wp-content\\\/uploads\\\/2020\\\/09\\\/cm-logo.jpg?fit=212%2C209&ssl=1\",\"width\":212,\"height\":209,\"caption\":\"Civitas Maxima\"},\"image\":{\"@id\":\"https:\\\/\\\/civitas-maxima.org\\\/#\\\/schema\\\/logo\\\/image\\\/\"},\"sameAs\":[\"https:\\\/\\\/www.facebook.com\\\/civitasmaxima\\\/?locale=fr_FR\",\"https:\\\/\\\/x.com\\\/Civitas_Maxima\",\"https:\\\/\\\/www.linkedin.com\\\/company\\\/civitas-maxima\",\"https:\\\/\\\/www.instagram.com\\\/civitas_maxima\\\/\"]}]}<\/script>\n<!-- \/ Yoast SEO plugin. -->","yoast_head_json":{"title":"Theatre: Justice in Action | Civitas Maxima","robots":{"index":"index","follow":"follow","max-snippet":"max-snippet:-1","max-image-preview":"max-image-preview:large","max-video-preview":"max-video-preview:-1"},"canonical":"https:\/\/civitas-maxima.org\/fr\/outreach\/theatre-justice-in-action\/","og_locale":"fr_FR","og_type":"article","og_title":"Theatre: Justice in Action | Civitas Maxima","og_description":"Combining Theater with Knowledge &amp; Awareness of Court Cases Against Alleged Liberian War Criminals Civitas Maxima has always distinguished itself with the original and artistic projects we co-fund and partner with local organisations on, and which involve local populations in debates about accountability and justice. In this spirit, within the Liberian Quest for Justice campaign, [&hellip;]Lire la suite","og_url":"https:\/\/civitas-maxima.org\/fr\/outreach\/theatre-justice-in-action\/","og_site_name":"Civitas Maxima","article_publisher":"https:\/\/www.facebook.com\/civitasmaxima\/?locale=fr_FR","article_modified_time":"2023-07-25T10:49:01+00:00","og_image":[{"url":"https:\/\/civitas-maxima.org\/wp-content\/uploads\/2020\/10\/justice-in-action3.jpg","type":"","width":"","height":""}],"twitter_card":"summary_large_image","twitter_site":"@Civitas_Maxima","schema":{"@context":"https:\/\/schema.org","@graph":[{"@type":"WebPage","@id":"https:\/\/civitas-maxima.org\/outreach\/theatre-justice-in-action\/","url":"https:\/\/civitas-maxima.org\/outreach\/theatre-justice-in-action\/","name":"Theatre: Justice in Action | Civitas Maxima","isPartOf":{"@id":"https:\/\/civitas-maxima.org\/#website"},"primaryImageOfPage":{"@id":"https:\/\/civitas-maxima.org\/outreach\/theatre-justice-in-action\/#primaryimage"},"image":{"@id":"https:\/\/civitas-maxima.org\/outreach\/theatre-justice-in-action\/#primaryimage"},"thumbnailUrl":"https:\/\/civitas-maxima.org\/wp-content\/uploads\/2020\/10\/justice-in-action3.jpg","datePublished":"2020-10-16T10:57:32+00:00","dateModified":"2023-07-25T10:49:01+00:00","breadcrumb":{"@id":"https:\/\/civitas-maxima.org\/outreach\/theatre-justice-in-action\/#breadcrumb"},"inLanguage":"fr-FR","potentialAction":[{"@type":"ReadAction","target":["https:\/\/civitas-maxima.org\/outreach\/theatre-justice-in-action\/"]}]},{"@type":"ImageObject","inLanguage":"fr-FR","@id":"https:\/\/civitas-maxima.org\/outreach\/theatre-justice-in-action\/#primaryimage","url":"https:\/\/civitas-maxima.org\/wp-content\/uploads\/2020\/10\/justice-in-action3.jpg","contentUrl":"https:\/\/civitas-maxima.org\/wp-content\/uploads\/2020\/10\/justice-in-action3.jpg"},{"@type":"BreadcrumbList","@id":"https:\/\/civitas-maxima.org\/outreach\/theatre-justice-in-action\/#breadcrumb","itemListElement":[{"@type":"ListItem","position":1,"name":"Home","item":"https:\/\/civitas-maxima.org\/"},{"@type":"ListItem","position":2,"name":"Outreach","item":"https:\/\/civitas-maxima.org\/outreach\/"},{"@type":"ListItem","position":3,"name":"Theatre: Justice in Action"}]},{"@type":"WebSite","@id":"https:\/\/civitas-maxima.org\/#website","url":"https:\/\/civitas-maxima.org\/","name":"Civitas Maxima","description":"Together Against Impunity","publisher":{"@id":"https:\/\/civitas-maxima.org\/#organization"},"potentialAction":[{"@type":"SearchAction","target":{"@type":"EntryPoint","urlTemplate":"https:\/\/civitas-maxima.org\/?s={search_term_string}"},"query-input":{"@type":"PropertyValueSpecification","valueRequired":true,"valueName":"search_term_string"}}],"inLanguage":"fr-FR"},{"@type":"Organization","@id":"https:\/\/civitas-maxima.org\/#organization","name":"Civitas Maxima","url":"https:\/\/civitas-maxima.org\/","logo":{"@type":"ImageObject","inLanguage":"fr-FR","@id":"https:\/\/civitas-maxima.org\/#\/schema\/logo\/image\/","url":"https:\/\/i0.wp.com\/civitas-maxima.org\/wp-content\/uploads\/2020\/09\/cm-logo.jpg?fit=212%2C209&ssl=1","contentUrl":"https:\/\/i0.wp.com\/civitas-maxima.org\/wp-content\/uploads\/2020\/09\/cm-logo.jpg?fit=212%2C209&ssl=1","width":212,"height":209,"caption":"Civitas Maxima"},"image":{"@id":"https:\/\/civitas-maxima.org\/#\/schema\/logo\/image\/"},"sameAs":["https:\/\/www.facebook.com\/civitasmaxima\/?locale=fr_FR","https:\/\/x.com\/Civitas_Maxima","https:\/\/www.linkedin.com\/company\/civitas-maxima","https:\/\/www.instagram.com\/civitas_maxima\/"]}]}},"jetpack_sharing_enabled":true,"jetpack_shortlink":"https:\/\/wp.me\/PclLIv-70","amp_enabled":true,"_links":{"self":[{"href":"https:\/\/civitas-maxima.org\/fr\/wp-json\/wp\/v2\/pages\/434","targetHints":{"allow":["GET"]}}],"collection":[{"href":"https:\/\/civitas-maxima.org\/fr\/wp-json\/wp\/v2\/pages"}],"about":[{"href":"https:\/\/civitas-maxima.org\/fr\/wp-json\/wp\/v2\/types\/page"}],"author":[{"embeddable":true,"href":"https:\/\/civitas-maxima.org\/fr\/wp-json\/wp\/v2\/users\/179586343"}],"replies":[{"embeddable":true,"href":"https:\/\/civitas-maxima.org\/fr\/wp-json\/wp\/v2\/comments?post=434"}],"version-history":[{"count":24,"href":"https:\/\/civitas-maxima.org\/fr\/wp-json\/wp\/v2\/pages\/434\/revisions"}],"predecessor-version":[{"id":9796,"href":"https:\/\/civitas-maxima.org\/fr\/wp-json\/wp\/v2\/pages\/434\/revisions\/9796"}],"up":[{"embeddable":true,"href":"https:\/\/civitas-maxima.org\/fr\/wp-json\/wp\/v2\/pages\/89"}],"wp:attachment":[{"href":"https:\/\/civitas-maxima.org\/fr\/wp-json\/wp\/v2\/media?parent=434"}],"curies":[{"name":"wp","href":"https:\/\/api.w.org\/{rel}","templated":true}]}}