{"id":6,"date":"2020-09-06T16:59:53","date_gmt":"2020-09-06T15:59:53","guid":{"rendered":"https:\/\/civitas-maxima.org\/?page_id=6"},"modified":"2023-09-04T16:58:17","modified_gmt":"2023-09-04T14:58:17","slug":"news","status":"publish","type":"page","link":"https:\/\/civitas-maxima.org\/fr\/news\/","title":{"rendered":"Actualit\u00e9s"},"content":{"rendered":"<h2 class=\"wp-block-heading has-text-align-center has-text-color\" style=\"color:#15788c\">Actualit\u00e9s<\/h2>\n\n\n\n<p class=\"has-text-align-center wp-block-paragraph\"><em>Restez \u00e0 jour avec Civitas Maxima. Lisez nos derniers articles, suivez-nous sur nos r\u00e9seaux sociaux et abonnez-vous \u00e0 notre newsletter !<\/em> <\/p>\n\n\n\n<hr class=\"wp-block-coblocks-dynamic-separator is-style-line\" style=\"height:50px\"\/>\n\n\n\n<div class=\"wp-block-columns is-layout-flex wp-container-core-columns-is-layout-8f761849 wp-block-columns-is-layout-flex\">\n<div class=\"wp-block-column is-layout-flow wp-block-column-is-layout-flow\">\n<h4 class=\"wp-block-heading has-text-align-center\"><a href=\"https:\/\/civitas-maxima.org\/fr\/press-releases\/\" target=\"_blank\" rel=\"noreferrer noopener\"><span style=\"color:#15788c\" class=\"has-inline-color\">Communiqu\u00e9s de presse<\/span><\/a><\/h4>\n\n\n\n<hr class=\"wp-block-separator has-css-opacity\"\/>\n\n\n\n<h4 class=\"wp-block-heading has-text-align-center\"><a href=\"https:\/\/civitas-maxima.org\/fr\/annual-reports\/\" target=\"_blank\" rel=\"noreferrer noopener\"><span style=\"color:#15788c\" class=\"has-inline-color\">Rapports annuels<\/span><\/a><\/h4>\n<\/div>\n\n\n\n<div class=\"wp-block-column is-layout-flow wp-block-column-is-layout-flow\">\n<h4 class=\"wp-block-heading has-text-align-center\"><a href=\"https:\/\/civitas-maxima.org\/fr\/newsletters\/\" target=\"_blank\" rel=\"noreferrer noopener\"><span style=\"color:#15788c\" class=\"has-inline-color\">Lettres d'information<\/span><\/a><\/h4>\n\n\n\n<hr class=\"wp-block-separator has-css-opacity\"\/>\n\n\n\n<h4 class=\"wp-block-heading has-text-align-center\"><a href=\"https:\/\/civitas-maxima.org\/fr\/civitas-maxima-in-the-press\/\" target=\"_blank\" rel=\"noreferrer noopener\"><span style=\"color:#15788c\" class=\"has-inline-color\">CM dans la presse<\/span><\/a><\/h4>\n<\/div>\n\n\n\n<div class=\"wp-block-column is-layout-flow wp-block-column-is-layout-flow\">\n<h4 class=\"wp-block-heading has-text-align-center\"><a href=\"https:\/\/civitas-maxima.org\/fr\/blog\/\" target=\"_blank\" rel=\"noreferrer noopener\"><span style=\"color:#15788c\" class=\"has-inline-color\">Blog<\/span><\/a><\/h4>\n<\/div>\n<\/div>\n\n\n\n<hr class=\"wp-block-coblocks-dynamic-separator is-style-line\" style=\"height:50px\"\/>\n\n\n\n<div class=\"wp-block-columns is-layout-flex wp-container-core-columns-is-layout-8f761849 wp-block-columns-is-layout-flex\">\n<div class=\"wp-block-column is-layout-flow wp-block-column-is-layout-flow\">\n<h4 class=\"wp-block-heading has-text-align-center\"><strong><span class=\"has-inline-color has-black-color\">Social<\/span><\/strong><\/h4>\n\n\n<div class=\"wp-block-coblocks-social wp-block-coblocks-social-profiles is-style-circular has-text-align-center has-colors has-button-size-med\"><ul><li><a href=\"https:\/\/www.facebook.com\/civitasmaxima\" title=\"Facebook\" class=\"wp-block-button__link wp-block-coblocks-social__button wp-block-coblocks-social__button--facebook has-padding\" style=\"padding:16px;border-radius:40px\"><span class=\"wp-block-coblocks-social__icon\" style=\"height:22px;width:22px\"><\/span><span class=\"wp-block-coblocks-social__text\">Facebook<\/span><\/a><\/li><li><a href=\"https:\/\/twitter.com\/home?lang=en\" title=\"Twitter\" class=\"wp-block-button__link wp-block-coblocks-social__button wp-block-coblocks-social__button--twitter has-padding\" style=\"padding:16px;border-radius:40px\"><span class=\"wp-block-coblocks-social__icon\" style=\"height:22px;width:22px\"><\/span><span class=\"wp-block-coblocks-social__text\">Twitter<\/span><\/a><\/li><li><a href=\"https:\/\/www.instagram.com\/civitas_maxima\/\" title=\"Instagram\" class=\"wp-block-button__link wp-block-coblocks-social__button wp-block-coblocks-social__button--instagram has-padding\" style=\"padding:16px;border-radius:40px\"><span class=\"wp-block-coblocks-social__icon\" style=\"height:22px;width:22px\"><\/span><span class=\"wp-block-coblocks-social__text\">Instagram<\/span><\/a><\/li><li><a href=\"https:\/\/www.linkedin.com\/company\/civitas-maxima\" title=\"LinkedIn\" class=\"wp-block-button__link wp-block-coblocks-social__button wp-block-coblocks-social__button--linkedin has-padding\" style=\"padding:16px;border-radius:40px\"><span class=\"wp-block-coblocks-social__icon\" style=\"height:22px;width:22px\"><\/span><span class=\"wp-block-coblocks-social__text\">LinkedIn<\/span><\/a><\/li><li><a href=\"https:\/\/www.youtube.com\/channel\/UCwyLdhPCPB2OG4xCQENHazA\" title=\"YouTube\" class=\"wp-block-button__link wp-block-coblocks-social__button wp-block-coblocks-social__button--youtube has-padding\" style=\"padding:16px;border-radius:40px\"><span class=\"wp-block-coblocks-social__icon\" style=\"height:22px;width:22px\"><\/span><span class=\"wp-block-coblocks-social__text\">YouTube<\/span><\/a><\/li><\/ul><\/div><\/div>\n\n\n\n<div class=\"wp-block-column is-layout-flow wp-block-column-is-layout-flow\">\n<h4 class=\"wp-block-heading has-text-align-center\"><strong><span style=\"background-color:rgba(0, 0, 0, 0)\" class=\"has-inline-color has-black-color\">S'inscrire \u00e0 notre liste de diffusion<\/span><\/strong><\/h4>\n\n\n\n<div class=\"wp-block-coblocks-accordion\">\n<div class=\"wp-block-coblocks-accordion-item\"><\/div>\n<\/div>\n\n\n\n\t<div class=\"wp-block-jetpack-mailchimp\" data-blog-id=\"182504347\">\n\t\t<form\n\t\t\taria-describedby=\"wp-block-jetpack-mailchimp_consent-text\" action=\"\"\n\t\t\t\t\t>\n\t\t\t<p>\n\t\t\t\t<input\n\t\t\t\t\taria-label=\"Entrer votre adresse e-mail\"\n\t\t\t\t\tplaceholder=\"Entrer votre adresse e-mail\"\n\t\t\t\t\trequired\n\t\t\t\t\ttitle=\"Entrer votre adresse e-mail\"\n\t\t\t\t\ttype=\"email\"\n\t\t\t\t\tname=\"email\"\n\t\t\t\t\/>\n\t\t\t<\/p>\n\t\t\t\t\t\t\t\t\t\n<div class=\"wp-block-jetpack-button aligncenter is-style-fill wp-block-button\" style=\"\"><button class=\"wp-block-button__link is-style-fill has-background\" style=\"background-color: #15788c; border-radius: 32px;\" data-id-attr=\"mailchimp-button-block-1\" id=\"mailchimp-button-block-1\" type=\"submit\" data-wp-class--is-submitting=\"state.isSubmitting\" data-wp-bind--aria-disabled=\"state.isAriaDisabled\">S'abonner<span class=\"spinner\" aria-hidden=\"true\"><svg width=\"24\" height=\"24\" viewbox=\"0 0 24 24\" xmlns=\"http:\/\/www.w3.org\/2000\/svg\"><path d=\"M12,1A11,11,0,1,0,23,12,11,11,0,0,0,12,1Zm0,19a8,8,0,1,1,8-8A8,8,0,0,1,12,20Z\" opacity=\".25\"\/><path d=\"M10.14,1.16a11,11,0,0,0-9,8.92A1.59,1.59,0,0,0,2.46,12,1.52,1.52,0,0,0,4.11,10.7a8,8,0,0,1,6.66-6.61A1.42,1.42,0,0,0,12,2.69h0A1.57,1.57,0,0,0,10.14,1.16Z\"><animatetransform attributename=\"transform\" type=\"rotate\" dur=\"0.75s\" values=\"0 12 12;360 12 12\" repeatcount=\"indefinite\"\/><\/path><\/svg><span class=\"is-visually-hidden\">Envoi du formulaire<\/span><\/span><\/button><\/div>\n\t\t\t<p id=\"wp-block-jetpack-mailchimp_consent-text\">\n\t\t\t\t\t\t\t<\/p>\n\n\t\t\t\n\t\t<input type=\"hidden\" name=\"trp-form-language\" value=\"fr\"\/><\/form>\n\t\t\n\t\t\t<div class=\"wp-block-jetpack-mailchimp_notification wp-block-jetpack-mailchimp_processing\" role=\"status\">\n\t\t\t\tTraitement en cours\u2026\t\t\t<\/div>\n\t\t\t<div class=\"wp-block-jetpack-mailchimp_notification wp-block-jetpack-mailchimp_success\" role=\"status\">\n\t\t\t\tTermin\u00e9\u00a0! Vous figurez dans la liste.\t\t\t<\/div>\n\t\t\t<div class=\"wp-block-jetpack-mailchimp_notification wp-block-jetpack-mailchimp_error\" role=\"alert\">\n\t\t\t\tOups\u00a0! Une erreur s\u2019est produite. Nous n\u2019avons pas pu traiter votre abonnement. Rechargez la page et r\u00e9essayez.\t\t\t<\/div>\n\n\t\t\t<\/div>\n\t<\/div>\n<\/div>\n\n\n\n<hr class=\"wp-block-separator has-css-opacity is-style-wide\"\/>\n\n\n\n<hr class=\"wp-block-coblocks-dynamic-separator is-style-line\" style=\"height:50px\"\/>\n\n\n\n<h4 class=\"wp-block-heading has-text-align-center\"><strong><span style=\"color:#15788c\" class=\"has-inline-color\">Tag Cloud<\/span><\/strong><\/h4>\n\n\n<p class=\"aligncenter wp-block-tag-cloud\"><a href=\"https:\/\/civitas-maxima.org\/fr\/tag\/alieu-kosiah\/\" class=\"tag-cloud-link tag-link-1366 tag-link-position-1\" style=\"font-size: 18.333333333333pt;\" aria-label=\"Alieu Kosiah (24 \u00e9l\u00e9ments)\">Alieu Kosiah<\/a>\n<a href=\"https:\/\/civitas-maxima.org\/fr\/tag\/alieu-kosiah-trial-monitoring\/\" class=\"tag-cloud-link tag-link-1747 tag-link-position-2\" style=\"font-size: 10pt;\" aria-label=\"Alieu Kosiah Trial Monitoring (7 \u00e9l\u00e9ments)\">Alieu Kosiah Trial Monitoring<\/a>\n<a href=\"https:\/\/civitas-maxima.org\/fr\/tag\/appeal\/\" class=\"tag-cloud-link tag-link-1689 tag-link-position-3\" style=\"font-size: 8pt;\" aria-label=\"Appeal (5 \u00e9l\u00e9ments)\">Appel<\/a>\n<a href=\"https:\/\/civitas-maxima.org\/fr\/tag\/argentina\/\" class=\"tag-cloud-link tag-link-1722 tag-link-position-4\" style=\"font-size: 9.1666666666667pt;\" aria-label=\"Argentina (6 \u00e9l\u00e9ments)\">Argentina<\/a>\n<a href=\"https:\/\/civitas-maxima.org\/fr\/tag\/bellinzona\/\" class=\"tag-cloud-link tag-link-1385 tag-link-position-5\" style=\"font-size: 9.1666666666667pt;\" aria-label=\"Bellinzona (6 \u00e9l\u00e9ments)\">Bellinzona<\/a>\n<a href=\"https:\/\/civitas-maxima.org\/fr\/tag\/car\/\" class=\"tag-cloud-link tag-link-1680 tag-link-position-6\" style=\"font-size: 9.1666666666667pt;\" aria-label=\"car (6 \u00e9l\u00e9ments)\">car<\/a>\n<a href=\"https:\/\/civitas-maxima.org\/fr\/tag\/colombia\/\" class=\"tag-cloud-link tag-link-1783 tag-link-position-7\" style=\"font-size: 8pt;\" aria-label=\"Colombia (5 \u00e9l\u00e9ments)\">Colombia<\/a>\n<a href=\"https:\/\/civitas-maxima.org\/fr\/tag\/crimes-against-humanity\/\" class=\"tag-cloud-link tag-link-1511 tag-link-position-8\" style=\"font-size: 14.666666666667pt;\" aria-label=\"Crimes Against Humanity (14 \u00e9l\u00e9ments)\">Crimes Against Humanity<\/a>\n<a href=\"https:\/\/civitas-maxima.org\/fr\/tag\/finland\/\" class=\"tag-cloud-link tag-link-1375 tag-link-position-9\" style=\"font-size: 12.333333333333pt;\" aria-label=\"Finland (10 \u00e9l\u00e9ments)\">Finland<\/a>\n<a href=\"https:\/\/civitas-maxima.org\/fr\/tag\/france\/\" class=\"tag-cloud-link tag-link-1379 tag-link-position-10\" style=\"font-size: 16pt;\" aria-label=\"France (17 \u00e9l\u00e9ments)\">France<\/a>\n<a href=\"https:\/\/civitas-maxima.org\/fr\/tag\/gambia\/\" class=\"tag-cloud-link tag-link-1714 tag-link-position-11\" style=\"font-size: 10.833333333333pt;\" aria-label=\"Gambia (8 \u00e9l\u00e9ments)\">Gambia<\/a>\n<a href=\"https:\/\/civitas-maxima.org\/fr\/tag\/gaza\/\" class=\"tag-cloud-link tag-link-1782 tag-link-position-12\" style=\"font-size: 12.333333333333pt;\" aria-label=\"Gaza (10 \u00e9l\u00e9ments)\">Gaza<\/a>\n<a href=\"https:\/\/civitas-maxima.org\/fr\/tag\/gibril-massaquoi\/\" class=\"tag-cloud-link tag-link-1513 tag-link-position-13\" style=\"font-size: 10pt;\" aria-label=\"Gibril Massaquoi (7 \u00e9l\u00e9ments)\">Gibril Massaquoi<\/a>\n<a href=\"https:\/\/civitas-maxima.org\/fr\/tag\/icc\/\" class=\"tag-cloud-link tag-link-1519 tag-link-position-14\" style=\"font-size: 19.166666666667pt;\" aria-label=\"ICC (27 \u00e9l\u00e9ments)\">ICC<\/a>\n<a href=\"https:\/\/civitas-maxima.org\/fr\/tag\/icj\/\" class=\"tag-cloud-link tag-link-1778 tag-link-position-15\" style=\"font-size: 9.1666666666667pt;\" aria-label=\"ICJ (6 \u00e9l\u00e9ments)\">ICJ<\/a>\n<a href=\"https:\/\/civitas-maxima.org\/fr\/tag\/international-crimes\/\" class=\"tag-cloud-link tag-link-1703 tag-link-position-16\" style=\"font-size: 13pt;\" aria-label=\"international crimes (11 \u00e9l\u00e9ments)\">international crimes<\/a>\n<a href=\"https:\/\/civitas-maxima.org\/fr\/tag\/iran\/\" class=\"tag-cloud-link tag-link-1676 tag-link-position-17\" style=\"font-size: 10pt;\" aria-label=\"iran (7 \u00e9l\u00e9ments)\">iran<\/a>\n<a href=\"https:\/\/civitas-maxima.org\/fr\/tag\/israel-2\/\" class=\"tag-cloud-link tag-link-1780 tag-link-position-18\" style=\"font-size: 14.166666666667pt;\" aria-label=\"Israel (13 \u00e9l\u00e9ments)\">Israel<\/a>\n<a href=\"https:\/\/civitas-maxima.org\/fr\/tag\/jungle-jabbah\/\" class=\"tag-cloud-link tag-link-1406 tag-link-position-19\" style=\"font-size: 8pt;\" aria-label=\"Jungle Jabbah (5 \u00e9l\u00e9ments)\">Jungle Jabbah<\/a>\n<a href=\"https:\/\/civitas-maxima.org\/fr\/tag\/karim-khan\/\" class=\"tag-cloud-link tag-link-1662 tag-link-position-20\" style=\"font-size: 9.1666666666667pt;\" aria-label=\"Karim Khan (6 \u00e9l\u00e9ments)\">Karim Khan<\/a>\n<a href=\"https:\/\/civitas-maxima.org\/fr\/tag\/kunti-k\/\" class=\"tag-cloud-link tag-link-1378 tag-link-position-21\" style=\"font-size: 17.666666666667pt;\" aria-label=\"Kunti K (22 \u00e9l\u00e9ments)\">Kunti K<\/a>\n<a href=\"https:\/\/civitas-maxima.org\/fr\/tag\/kunti-kamara\/\" class=\"tag-cloud-link tag-link-1704 tag-link-position-22\" style=\"font-size: 12.333333333333pt;\" aria-label=\"Kunti Kamara (10 \u00e9l\u00e9ments)\">Kunti Kamara<\/a>\n<a href=\"https:\/\/civitas-maxima.org\/fr\/tag\/liberia\/\" class=\"tag-cloud-link tag-link-1423 tag-link-position-23\" style=\"font-size: 22pt;\" aria-label=\"Liberia (41 \u00e9l\u00e9ments)\">Liberia<\/a>\n<a href=\"https:\/\/civitas-maxima.org\/fr\/tag\/martina-johnson\/\" class=\"tag-cloud-link tag-link-1429 tag-link-position-24\" style=\"font-size: 9.1666666666667pt;\" aria-label=\"Martina Johnson (6 \u00e9l\u00e9ments)\">Martina Johnson<\/a>\n<a href=\"https:\/\/civitas-maxima.org\/fr\/tag\/massaquoi\/\" class=\"tag-cloud-link tag-link-1374 tag-link-position-25\" style=\"font-size: 10.833333333333pt;\" aria-label=\"Massaquoi (8 \u00e9l\u00e9ments)\">Massaquoi<\/a>\n<a href=\"https:\/\/civitas-maxima.org\/fr\/tag\/npfl\/\" class=\"tag-cloud-link tag-link-1384 tag-link-position-26\" style=\"font-size: 13.5pt;\" aria-label=\"NPFL (12 \u00e9l\u00e9ments)\">NPFL<\/a>\n<a href=\"https:\/\/civitas-maxima.org\/fr\/tag\/palestine\/\" class=\"tag-cloud-link tag-link-1776 tag-link-position-27\" style=\"font-size: 14.666666666667pt;\" aria-label=\"Palestine (14 \u00e9l\u00e9ments)\">Palestine<\/a>\n<a href=\"https:\/\/civitas-maxima.org\/fr\/tag\/philadelphia\/\" class=\"tag-cloud-link tag-link-1412 tag-link-position-28\" style=\"font-size: 11.666666666667pt;\" aria-label=\"Philadelphia (9 \u00e9l\u00e9ments)\">Philadelphia<\/a>\n<a href=\"https:\/\/civitas-maxima.org\/fr\/tag\/ruf\/\" class=\"tag-cloud-link tag-link-1377 tag-link-position-29\" style=\"font-size: 10pt;\" aria-label=\"RUF (7 \u00e9l\u00e9ments)\">RUF<\/a>\n<a href=\"https:\/\/civitas-maxima.org\/fr\/tag\/russia\/\" class=\"tag-cloud-link tag-link-1628 tag-link-position-30\" style=\"font-size: 16pt;\" aria-label=\"Russia (17 \u00e9l\u00e9ments)\">Russia<\/a>\n<a href=\"https:\/\/civitas-maxima.org\/fr\/tag\/rwanda\/\" class=\"tag-cloud-link tag-link-1677 tag-link-position-31\" style=\"font-size: 10.833333333333pt;\" aria-label=\"rwanda (8 \u00e9l\u00e9ments)\">rwanda<\/a>\n<a href=\"https:\/\/civitas-maxima.org\/fr\/tag\/sierra-leone\/\" class=\"tag-cloud-link tag-link-1376 tag-link-position-32\" style=\"font-size: 13pt;\" aria-label=\"Sierra Leone (11 \u00e9l\u00e9ments)\">Sierra Leone<\/a>\n<a href=\"https:\/\/civitas-maxima.org\/fr\/tag\/switzerland\/\" class=\"tag-cloud-link tag-link-1372 tag-link-position-33\" style=\"font-size: 18pt;\" aria-label=\"Switzerland (23 \u00e9l\u00e9ments)\">Suisse<\/a>\n<a href=\"https:\/\/civitas-maxima.org\/fr\/tag\/syria\/\" class=\"tag-cloud-link tag-link-1696 tag-link-position-34\" style=\"font-size: 16.666666666667pt;\" aria-label=\"Syria (19 \u00e9l\u00e9ments)\">Syria<\/a>\n<a href=\"https:\/\/civitas-maxima.org\/fr\/tag\/torture\/\" class=\"tag-cloud-link tag-link-1383 tag-link-position-35\" style=\"font-size: 8pt;\" aria-label=\"Torture (5 \u00e9l\u00e9ments)\">Torture<\/a>\n<a href=\"https:\/\/civitas-maxima.org\/fr\/tag\/tpf\/\" class=\"tag-cloud-link tag-link-1386 tag-link-position-36\" style=\"font-size: 8pt;\" aria-label=\"TPF (5 \u00e9l\u00e9ments)\">TPF<\/a>\n<a href=\"https:\/\/civitas-maxima.org\/fr\/tag\/trial\/\" class=\"tag-cloud-link tag-link-1367 tag-link-position-37\" style=\"font-size: 15pt;\" aria-label=\"Trial (15 \u00e9l\u00e9ments)\">Trial<\/a>\n<a href=\"https:\/\/civitas-maxima.org\/fr\/tag\/uk\/\" class=\"tag-cloud-link tag-link-1382 tag-link-position-38\" style=\"font-size: 12.333333333333pt;\" aria-label=\"UK (10 \u00e9l\u00e9ments)\">UK<\/a>\n<a href=\"https:\/\/civitas-maxima.org\/fr\/tag\/ukraine\/\" class=\"tag-cloud-link tag-link-1627 tag-link-position-39\" style=\"font-size: 18.333333333333pt;\" aria-label=\"Ukraine (24 \u00e9l\u00e9ments)\">Ukraine<\/a>\n<a href=\"https:\/\/civitas-maxima.org\/fr\/tag\/ulimo\/\" class=\"tag-cloud-link tag-link-1387 tag-link-position-40\" style=\"font-size: 22pt;\" aria-label=\"ULIMO (41 \u00e9l\u00e9ments)\">ULIMO<\/a>\n<a href=\"https:\/\/civitas-maxima.org\/fr\/tag\/universal-jurisdiction\/\" class=\"tag-cloud-link tag-link-1518 tag-link-position-41\" style=\"font-size: 10pt;\" aria-label=\"Universal Jurisdiction (7 \u00e9l\u00e9ments)\">Universal Jurisdiction<\/a>\n<a href=\"https:\/\/civitas-maxima.org\/fr\/tag\/us\/\" class=\"tag-cloud-link tag-link-1408 tag-link-position-42\" style=\"font-size: 17.333333333333pt;\" aria-label=\"US (21 \u00e9l\u00e9ments)\">US<\/a>\n<a href=\"https:\/\/civitas-maxima.org\/fr\/tag\/verdict\/\" class=\"tag-cloud-link tag-link-1419 tag-link-position-43\" style=\"font-size: 9.1666666666667pt;\" aria-label=\"verdict (6 \u00e9l\u00e9ments)\">verdict<\/a>\n<a href=\"https:\/\/civitas-maxima.org\/fr\/tag\/war-crimes\/\" class=\"tag-cloud-link tag-link-1509 tag-link-position-44\" style=\"font-size: 14.166666666667pt;\" aria-label=\"war crimes (13 \u00e9l\u00e9ments)\">war crimes<\/a>\n<a href=\"https:\/\/civitas-maxima.org\/fr\/tag\/war-crimes-court\/\" class=\"tag-cloud-link tag-link-1391 tag-link-position-45\" style=\"font-size: 8pt;\" aria-label=\"war crimes court (5 \u00e9l\u00e9ments)\">war crimes court<\/a><\/p>","protected":false},"excerpt":{"rendered":"<p>News Keep up to date with Civitas Maxima. Read our latest news, follow us on social media, and subscribe to our newsletter! Press Releases Annual Reports Newsletters CM in the press Blog Social Subscribe to our mailing list Tag Cloud<\/p>\n<p><a class=\"moretag\" href=\"https:\/\/civitas-maxima.org\/fr\/news\/\">Lire la suite<\/a><\/p>","protected":false},"author":179586343,"featured_media":0,"parent":0,"menu_order":0,"comment_status":"closed","ping_status":"closed","template":"","meta":{"_coblocks_attr":"","_coblocks_dimensions":"","_coblocks_responsive_height":"","_coblocks_accordion_ie_support":"","_crdt_document":"","footnotes":""},"class_list":["post-6","page","type-page","status-publish","hentry"],"yoast_head":"<!-- This site is optimized with the Yoast SEO plugin v27.3 - https:\/\/yoast.com\/product\/yoast-seo-wordpress\/ -->\n<title>News | Civitas Maxima<\/title>\n<meta name=\"robots\" content=\"index, follow, max-snippet:-1, max-image-preview:large, max-video-preview:-1\" \/>\n<link rel=\"canonical\" href=\"https:\/\/civitas-maxima.org\/fr\/news\/\" \/>\n<meta property=\"og:locale\" content=\"fr_FR\" \/>\n<meta property=\"og:type\" content=\"article\" \/>\n<meta property=\"og:title\" content=\"News | Civitas Maxima\" \/>\n<meta property=\"og:description\" content=\"News Keep up to date with Civitas Maxima. Read our latest news, follow us on social media, and subscribe to our newsletter! Press Releases Annual Reports Newsletters CM in the press Blog Social Subscribe to our mailing list Tag CloudLire la suite\" \/>\n<meta property=\"og:url\" content=\"https:\/\/civitas-maxima.org\/fr\/news\/\" \/>\n<meta property=\"og:site_name\" content=\"Civitas Maxima\" \/>\n<meta property=\"article:publisher\" content=\"https:\/\/www.facebook.com\/civitasmaxima\/?locale=fr_FR\" \/>\n<meta property=\"article:modified_time\" content=\"2023-09-04T14:58:17+00:00\" \/>\n<meta property=\"og:image\" content=\"https:\/\/i0.wp.com\/civitas-maxima.org\/wp-content\/uploads\/2020\/11\/cm-logo.png?fit=470%2C470&ssl=1\" \/>\n\t<meta property=\"og:image:width\" content=\"470\" \/>\n\t<meta property=\"og:image:height\" content=\"470\" \/>\n\t<meta property=\"og:image:type\" content=\"image\/png\" \/>\n<meta name=\"twitter:card\" content=\"summary_large_image\" \/>\n<meta name=\"twitter:site\" content=\"@Civitas_Maxima\" \/>\n<script type=\"application\/ld+json\" class=\"yoast-schema-graph\">{\"@context\":\"https:\\\/\\\/schema.org\",\"@graph\":[{\"@type\":\"WebPage\",\"@id\":\"https:\\\/\\\/civitas-maxima.org\\\/news\\\/\",\"url\":\"https:\\\/\\\/civitas-maxima.org\\\/news\\\/\",\"name\":\"News | Civitas Maxima\",\"isPartOf\":{\"@id\":\"https:\\\/\\\/civitas-maxima.org\\\/#website\"},\"datePublished\":\"2020-09-06T15:59:53+00:00\",\"dateModified\":\"2023-09-04T14:58:17+00:00\",\"breadcrumb\":{\"@id\":\"https:\\\/\\\/civitas-maxima.org\\\/news\\\/#breadcrumb\"},\"inLanguage\":\"fr-FR\",\"potentialAction\":[{\"@type\":\"ReadAction\",\"target\":[\"https:\\\/\\\/civitas-maxima.org\\\/news\\\/\"]}]},{\"@type\":\"BreadcrumbList\",\"@id\":\"https:\\\/\\\/civitas-maxima.org\\\/news\\\/#breadcrumb\",\"itemListElement\":[{\"@type\":\"ListItem\",\"position\":1,\"name\":\"Home\",\"item\":\"https:\\\/\\\/civitas-maxima.org\\\/\"},{\"@type\":\"ListItem\",\"position\":2,\"name\":\"News\"}]},{\"@type\":\"WebSite\",\"@id\":\"https:\\\/\\\/civitas-maxima.org\\\/#website\",\"url\":\"https:\\\/\\\/civitas-maxima.org\\\/\",\"name\":\"Civitas Maxima\",\"description\":\"Together Against Impunity\",\"publisher\":{\"@id\":\"https:\\\/\\\/civitas-maxima.org\\\/#organization\"},\"potentialAction\":[{\"@type\":\"SearchAction\",\"target\":{\"@type\":\"EntryPoint\",\"urlTemplate\":\"https:\\\/\\\/civitas-maxima.org\\\/?s={search_term_string}\"},\"query-input\":{\"@type\":\"PropertyValueSpecification\",\"valueRequired\":true,\"valueName\":\"search_term_string\"}}],\"inLanguage\":\"fr-FR\"},{\"@type\":\"Organization\",\"@id\":\"https:\\\/\\\/civitas-maxima.org\\\/#organization\",\"name\":\"Civitas Maxima\",\"url\":\"https:\\\/\\\/civitas-maxima.org\\\/\",\"logo\":{\"@type\":\"ImageObject\",\"inLanguage\":\"fr-FR\",\"@id\":\"https:\\\/\\\/civitas-maxima.org\\\/#\\\/schema\\\/logo\\\/image\\\/\",\"url\":\"https:\\\/\\\/i0.wp.com\\\/civitas-maxima.org\\\/wp-content\\\/uploads\\\/2020\\\/09\\\/cm-logo.jpg?fit=212%2C209&ssl=1\",\"contentUrl\":\"https:\\\/\\\/i0.wp.com\\\/civitas-maxima.org\\\/wp-content\\\/uploads\\\/2020\\\/09\\\/cm-logo.jpg?fit=212%2C209&ssl=1\",\"width\":212,\"height\":209,\"caption\":\"Civitas Maxima\"},\"image\":{\"@id\":\"https:\\\/\\\/civitas-maxima.org\\\/#\\\/schema\\\/logo\\\/image\\\/\"},\"sameAs\":[\"https:\\\/\\\/www.facebook.com\\\/civitasmaxima\\\/?locale=fr_FR\",\"https:\\\/\\\/x.com\\\/Civitas_Maxima\",\"https:\\\/\\\/www.linkedin.com\\\/company\\\/civitas-maxima\",\"https:\\\/\\\/www.instagram.com\\\/civitas_maxima\\\/\"]}]}<\/script>\n<!-- \/ Yoast SEO plugin. -->","yoast_head_json":{"title":"News | Civitas Maxima","robots":{"index":"index","follow":"follow","max-snippet":"max-snippet:-1","max-image-preview":"max-image-preview:large","max-video-preview":"max-video-preview:-1"},"canonical":"https:\/\/civitas-maxima.org\/fr\/news\/","og_locale":"fr_FR","og_type":"article","og_title":"News | Civitas Maxima","og_description":"News Keep up to date with Civitas Maxima. Read our latest news, follow us on social media, and subscribe to our newsletter! Press Releases Annual Reports Newsletters CM in the press Blog Social Subscribe to our mailing list Tag CloudLire la suite","og_url":"https:\/\/civitas-maxima.org\/fr\/news\/","og_site_name":"Civitas Maxima","article_publisher":"https:\/\/www.facebook.com\/civitasmaxima\/?locale=fr_FR","article_modified_time":"2023-09-04T14:58:17+00:00","og_image":[{"width":470,"height":470,"url":"https:\/\/i0.wp.com\/civitas-maxima.org\/wp-content\/uploads\/2020\/11\/cm-logo.png?fit=470%2C470&ssl=1","type":"image\/png"}],"twitter_card":"summary_large_image","twitter_site":"@Civitas_Maxima","schema":{"@context":"https:\/\/schema.org","@graph":[{"@type":"WebPage","@id":"https:\/\/civitas-maxima.org\/news\/","url":"https:\/\/civitas-maxima.org\/news\/","name":"News | Civitas Maxima","isPartOf":{"@id":"https:\/\/civitas-maxima.org\/#website"},"datePublished":"2020-09-06T15:59:53+00:00","dateModified":"2023-09-04T14:58:17+00:00","breadcrumb":{"@id":"https:\/\/civitas-maxima.org\/news\/#breadcrumb"},"inLanguage":"fr-FR","potentialAction":[{"@type":"ReadAction","target":["https:\/\/civitas-maxima.org\/news\/"]}]},{"@type":"BreadcrumbList","@id":"https:\/\/civitas-maxima.org\/news\/#breadcrumb","itemListElement":[{"@type":"ListItem","position":1,"name":"Home","item":"https:\/\/civitas-maxima.org\/"},{"@type":"ListItem","position":2,"name":"News"}]},{"@type":"WebSite","@id":"https:\/\/civitas-maxima.org\/#website","url":"https:\/\/civitas-maxima.org\/","name":"Civitas Maxima","description":"Together Against Impunity","publisher":{"@id":"https:\/\/civitas-maxima.org\/#organization"},"potentialAction":[{"@type":"SearchAction","target":{"@type":"EntryPoint","urlTemplate":"https:\/\/civitas-maxima.org\/?s={search_term_string}"},"query-input":{"@type":"PropertyValueSpecification","valueRequired":true,"valueName":"search_term_string"}}],"inLanguage":"fr-FR"},{"@type":"Organization","@id":"https:\/\/civitas-maxima.org\/#organization","name":"Civitas Maxima","url":"https:\/\/civitas-maxima.org\/","logo":{"@type":"ImageObject","inLanguage":"fr-FR","@id":"https:\/\/civitas-maxima.org\/#\/schema\/logo\/image\/","url":"https:\/\/i0.wp.com\/civitas-maxima.org\/wp-content\/uploads\/2020\/09\/cm-logo.jpg?fit=212%2C209&ssl=1","contentUrl":"https:\/\/i0.wp.com\/civitas-maxima.org\/wp-content\/uploads\/2020\/09\/cm-logo.jpg?fit=212%2C209&ssl=1","width":212,"height":209,"caption":"Civitas Maxima"},"image":{"@id":"https:\/\/civitas-maxima.org\/#\/schema\/logo\/image\/"},"sameAs":["https:\/\/www.facebook.com\/civitasmaxima\/?locale=fr_FR","https:\/\/x.com\/Civitas_Maxima","https:\/\/www.linkedin.com\/company\/civitas-maxima","https:\/\/www.instagram.com\/civitas_maxima\/"]}]}},"jetpack_sharing_enabled":false,"jetpack_shortlink":"https:\/\/wp.me\/PclLIv-6","amp_enabled":true,"_links":{"self":[{"href":"https:\/\/civitas-maxima.org\/fr\/wp-json\/wp\/v2\/pages\/6","targetHints":{"allow":["GET"]}}],"collection":[{"href":"https:\/\/civitas-maxima.org\/fr\/wp-json\/wp\/v2\/pages"}],"about":[{"href":"https:\/\/civitas-maxima.org\/fr\/wp-json\/wp\/v2\/types\/page"}],"author":[{"embeddable":true,"href":"https:\/\/civitas-maxima.org\/fr\/wp-json\/wp\/v2\/users\/179586343"}],"replies":[{"embeddable":true,"href":"https:\/\/civitas-maxima.org\/fr\/wp-json\/wp\/v2\/comments?post=6"}],"version-history":[{"count":69,"href":"https:\/\/civitas-maxima.org\/fr\/wp-json\/wp\/v2\/pages\/6\/revisions"}],"predecessor-version":[{"id":10043,"href":"https:\/\/civitas-maxima.org\/fr\/wp-json\/wp\/v2\/pages\/6\/revisions\/10043"}],"wp:attachment":[{"href":"https:\/\/civitas-maxima.org\/fr\/wp-json\/wp\/v2\/media?parent=6"}],"curies":[{"name":"wp","href":"https:\/\/api.w.org\/{rel}","templated":true}]}}