{"id":6580,"date":"2022-07-26T10:47:41","date_gmt":"2022-07-26T08:47:41","guid":{"rendered":"https:\/\/civitas-maxima.org\/?page_id=6580"},"modified":"2024-10-10T15:27:26","modified_gmt":"2024-10-10T13:27:26","slug":"knowledge-and-training-center-ktc","status":"publish","type":"page","link":"https:\/\/civitas-maxima.org\/fr\/knowledge-and-training-center-ktc\/","title":{"rendered":"Centre de formation"},"content":{"rendered":"<div class=\"wp-block-columns alignwide is-layout-flex wp-container-core-columns-is-layout-8f761849 wp-block-columns-is-layout-flex\">\n<div class=\"wp-block-column is-layout-flow wp-block-column-is-layout-flow\">\n<h2 class=\"wp-block-heading has-text-align-center has-text-color\" style=\"color:#15788c\">Centre de formation<\/h2>\n\n\n\n<div class=\"wp-block-media-text has-media-on-the-right is-stacked-on-mobile is-style-default\"><div class=\"wp-block-media-text__content\">\n<p class=\"has-text-align-justify wp-block-paragraph\">Depuis plus de 10 ans, Civitas Maxima a su d\u00e9velopper avec succ\u00e8s un mod\u00e8le de travail unique, qui a g\u00e9n\u00e9r\u00e9 des r\u00e9sultats concrets. Nous pensons qu'il existe un r\u00e9el int\u00e9r\u00eat \u00e0 partager notre m\u00e9thodologie, les le\u00e7ons apprises ainsi que nos exp\u00e9riences avec les organisations de la soci\u00e9t\u00e9 civile bas\u00e9es dans diff\u00e9rents pays ou continents. <\/p>\n\n\n\n<p class=\"has-text-align-justify wp-block-paragraph\">For this purpose, we have set up a Knowledge and Training Center (KTC) within our Legal Unit.<\/p>\n<\/div><figure class=\"wp-block-media-text__media\"><img data-recalc-dims=\"1\" loading=\"lazy\" decoding=\"async\" width=\"640\" height=\"480\" data-attachment-id=\"6850\" data-permalink=\"https:\/\/civitas-maxima.org\/fr\/knowledge-and-training-center-ktc\/ktc-workshop\/\" data-orig-file=\"https:\/\/i0.wp.com\/civitas-maxima.org\/wp-content\/uploads\/2022\/08\/ktc-workshop.jpeg?fit=1280%2C960&amp;ssl=1\" data-orig-size=\"1280,960\" data-comments-opened=\"1\" data-image-meta=\"{&quot;aperture&quot;:&quot;0&quot;,&quot;credit&quot;:&quot;&quot;,&quot;camera&quot;:&quot;&quot;,&quot;caption&quot;:&quot;&quot;,&quot;created_timestamp&quot;:&quot;0&quot;,&quot;copyright&quot;:&quot;&quot;,&quot;focal_length&quot;:&quot;0&quot;,&quot;iso&quot;:&quot;0&quot;,&quot;shutter_speed&quot;:&quot;0&quot;,&quot;title&quot;:&quot;&quot;,&quot;orientation&quot;:&quot;0&quot;}\" data-image-title=\"KTC workshop\" data-image-description=\"\" data-image-caption=\"\" data-large-file=\"https:\/\/i0.wp.com\/civitas-maxima.org\/wp-content\/uploads\/2022\/08\/ktc-workshop.jpeg?fit=640%2C480&amp;ssl=1\" src=\"https:\/\/i0.wp.com\/civitas-maxima.org\/wp-content\/uploads\/2022\/08\/ktc-workshop.jpeg?resize=640%2C480&#038;ssl=1\" alt=\"\" class=\"wp-image-6850 size-full\" srcset=\"https:\/\/i0.wp.com\/civitas-maxima.org\/wp-content\/uploads\/2022\/08\/ktc-workshop.jpeg?resize=1024%2C768&amp;ssl=1 1024w, https:\/\/i0.wp.com\/civitas-maxima.org\/wp-content\/uploads\/2022\/08\/ktc-workshop.jpeg?resize=300%2C225&amp;ssl=1 300w, https:\/\/i0.wp.com\/civitas-maxima.org\/wp-content\/uploads\/2022\/08\/ktc-workshop.jpeg?resize=768%2C576&amp;ssl=1 768w, https:\/\/i0.wp.com\/civitas-maxima.org\/wp-content\/uploads\/2022\/08\/ktc-workshop.jpeg?resize=16%2C12&amp;ssl=1 16w, https:\/\/i0.wp.com\/civitas-maxima.org\/wp-content\/uploads\/2022\/08\/ktc-workshop.jpeg?resize=1200%2C900&amp;ssl=1 1200w, https:\/\/i0.wp.com\/civitas-maxima.org\/wp-content\/uploads\/2022\/08\/ktc-workshop.jpeg?resize=800%2C600&amp;ssl=1 800w, https:\/\/i0.wp.com\/civitas-maxima.org\/wp-content\/uploads\/2022\/08\/ktc-workshop.jpeg?resize=400%2C300&amp;ssl=1 400w, https:\/\/i0.wp.com\/civitas-maxima.org\/wp-content\/uploads\/2022\/08\/ktc-workshop.jpeg?resize=200%2C150&amp;ssl=1 200w, https:\/\/i0.wp.com\/civitas-maxima.org\/wp-content\/uploads\/2022\/08\/ktc-workshop.jpeg?resize=735%2C551&amp;ssl=1 735w, https:\/\/i0.wp.com\/civitas-maxima.org\/wp-content\/uploads\/2022\/08\/ktc-workshop.jpeg?w=1280&amp;ssl=1 1280w\" sizes=\"auto, (max-width: 640px) 100vw, 640px\" \/><\/figure><\/div>\n<\/div>\n<\/div>\n\n\n\n<hr class=\"wp-block-separator has-alpha-channel-opacity\"\/>\n\n\n\n<h3 class=\"wp-block-heading has-text-align-center margin-top-half has-text-color\" style=\"color:#15788c\">Notre objectif est de :<\/h3>\n\n\n\n<ul class=\"wp-block-list\">\n<li>Prodiguer des formations \u00e0 destination d'avocats\/juristes et d'enqu\u00eateurs au sein de diff\u00e9rentes juridictions afin de leur donner les outils pour enqu\u00eater et documenter les crimes internationaux, ou encore pour porter des affaires extraterritoriales devant les tribunaux nationaux. Nous proposons des formations personnalis\u00e9es, bas\u00e9es sur notre mod\u00e8le de travail, \u00e0 une s\u00e9lection de groupes locaux et d'associations de soutien aux victimes\u202f; et<\/li>\n\n\n\n<li>Mettre \u00e0 disposition un savoir-faire adapt\u00e9 en mati\u00e8re de contentieux strat\u00e9giques (par exemple, o\u00f9 et comment initier, soutenir ou participer \u00e0 des affaires portant sur des crimes internationaux dans divers syst\u00e8mes juridiques nationaux \u00e9trangers).<\/li>\n<\/ul>\n\n\n\n<hr class=\"wp-block-separator has-alpha-channel-opacity\"\/>\n\n\n\n<h3 class=\"wp-block-heading has-text-align-center has-text-color\" style=\"color:#15788c\">Pourquoi le KTC ?<\/h3>\n\n\n\n<div class=\"wp-block-columns alignwide is-layout-flex wp-container-core-columns-is-layout-8f761849 wp-block-columns-is-layout-flex\">\n<div class=\"wp-block-column is-layout-flow wp-block-column-is-layout-flow\">\n<h4 class=\"wp-block-heading has-text-align-center\">Impact <\/h4>\n\n\n\n<p class=\"has-text-align-center has-small-font-size wp-block-paragraph\">Nous visons \u00e0 accro\u00eetre l'impact de CM par le biais de formations et de publications mises \u00e0 la disposition d'organisations bas\u00e9es ailleurs qu'en Afrique de l'Ouest. Nous avons organis\u00e9 plusieurs formations et modules portant sur la construction de dossiers extraterritoriaux, les voies de recours en mati\u00e8re de responsabilit\u00e9 \u00e0 l\u2019international et les contentieux strat\u00e9giques, avec des partenaires soigneusement s\u00e9lectionn\u00e9s.<\/p>\n\n\n<div class=\"wp-block-image\">\n<figure class=\"aligncenter is-resized coblocks-animate\" data-coblocks-animation=\"slideInLeft\"><img data-recalc-dims=\"1\" loading=\"lazy\" decoding=\"async\" width=\"378\" height=\"392\" data-attachment-id=\"6767\" data-permalink=\"https:\/\/civitas-maxima.org\/fr\/knowledge-and-training-center-ktc\/impact\/\" data-orig-file=\"https:\/\/i0.wp.com\/civitas-maxima.org\/wp-content\/uploads\/2022\/07\/impact-icon.png?fit=378%2C392&amp;ssl=1\" data-orig-size=\"378,392\" data-comments-opened=\"1\" data-image-meta=\"{&quot;aperture&quot;:&quot;0&quot;,&quot;credit&quot;:&quot;&quot;,&quot;camera&quot;:&quot;&quot;,&quot;caption&quot;:&quot;&quot;,&quot;created_timestamp&quot;:&quot;0&quot;,&quot;copyright&quot;:&quot;&quot;,&quot;focal_length&quot;:&quot;0&quot;,&quot;iso&quot;:&quot;0&quot;,&quot;shutter_speed&quot;:&quot;0&quot;,&quot;title&quot;:&quot;&quot;,&quot;orientation&quot;:&quot;0&quot;}\" data-image-title=\"Impact\" data-image-description=\"\" data-image-caption=\"\" data-large-file=\"https:\/\/i0.wp.com\/civitas-maxima.org\/wp-content\/uploads\/2022\/07\/impact-icon.png?fit=378%2C392&amp;ssl=1\" src=\"https:\/\/i0.wp.com\/civitas-maxima.org\/wp-content\/uploads\/2022\/07\/impact-icon.png?resize=378%2C392&#038;ssl=1\" alt=\"\" class=\"wp-image-6767\" style=\"width:115px;height:119px\" srcset=\"https:\/\/i0.wp.com\/civitas-maxima.org\/wp-content\/uploads\/2022\/07\/impact-icon.png?w=378&amp;ssl=1 378w, https:\/\/i0.wp.com\/civitas-maxima.org\/wp-content\/uploads\/2022\/07\/impact-icon.png?resize=289%2C300&amp;ssl=1 289w, https:\/\/i0.wp.com\/civitas-maxima.org\/wp-content\/uploads\/2022\/07\/impact-icon.png?resize=12%2C12&amp;ssl=1 12w\" sizes=\"auto, (max-width: 378px) 100vw, 378px\" \/><\/figure>\n<\/div><\/div>\n\n\n\n<div class=\"wp-block-column is-layout-flow wp-block-column-is-layout-flow\">\n<h4 class=\"wp-block-heading has-text-align-center\">Personnalisation<\/h4>\n\n\n\n<p class=\"has-text-align-center has-small-font-size wp-block-paragraph\">CM propose des formations personnalis\u00e9es afin de mieux s'adapter aux besoins des participants et \u00e0 la r\u00e9alit\u00e9 de l'emploi. Durant ces formations, nous partageons des connaissances pertinentes sur des cas de contentieux strat\u00e9giques. Les sujets abord\u00e9s dans nos formations comprennent \u00e9galement des questions relatives \u00e0 la documentation, l'archivage, la gestion de l'information, la cartographie des juridictions\/voies l\u00e9gales, et autres aspects proc\u00e9duraux.<\/p>\n\n\n<div class=\"wp-block-image\">\n<figure class=\"aligncenter size-full is-resized coblocks-animate\" data-coblocks-animation=\"slideInLeft\"><img data-recalc-dims=\"1\" loading=\"lazy\" decoding=\"async\" width=\"392\" height=\"322\" data-attachment-id=\"6769\" data-permalink=\"https:\/\/civitas-maxima.org\/fr\/knowledge-and-training-center-ktc\/personalization\/\" data-orig-file=\"https:\/\/i0.wp.com\/civitas-maxima.org\/wp-content\/uploads\/2022\/07\/personalization-icon.png?fit=392%2C322&amp;ssl=1\" data-orig-size=\"392,322\" data-comments-opened=\"1\" data-image-meta=\"{&quot;aperture&quot;:&quot;0&quot;,&quot;credit&quot;:&quot;&quot;,&quot;camera&quot;:&quot;&quot;,&quot;caption&quot;:&quot;&quot;,&quot;created_timestamp&quot;:&quot;0&quot;,&quot;copyright&quot;:&quot;&quot;,&quot;focal_length&quot;:&quot;0&quot;,&quot;iso&quot;:&quot;0&quot;,&quot;shutter_speed&quot;:&quot;0&quot;,&quot;title&quot;:&quot;&quot;,&quot;orientation&quot;:&quot;0&quot;}\" data-image-title=\"Personalization\" data-image-description=\"\" data-image-caption=\"\" data-large-file=\"https:\/\/i0.wp.com\/civitas-maxima.org\/wp-content\/uploads\/2022\/07\/personalization-icon.png?fit=392%2C322&amp;ssl=1\" src=\"https:\/\/i0.wp.com\/civitas-maxima.org\/wp-content\/uploads\/2022\/07\/personalization-icon.png?resize=392%2C322&#038;ssl=1\" alt=\"\" class=\"wp-image-6769\" style=\"width:121px;height:99px\" srcset=\"https:\/\/i0.wp.com\/civitas-maxima.org\/wp-content\/uploads\/2022\/07\/personalization-icon.png?w=392&amp;ssl=1 392w, https:\/\/i0.wp.com\/civitas-maxima.org\/wp-content\/uploads\/2022\/07\/personalization-icon.png?resize=300%2C246&amp;ssl=1 300w, https:\/\/i0.wp.com\/civitas-maxima.org\/wp-content\/uploads\/2022\/07\/personalization-icon.png?resize=15%2C12&amp;ssl=1 15w\" sizes=\"auto, (max-width: 392px) 100vw, 392px\" \/><\/figure>\n<\/div><\/div>\n<\/div>\n\n\n\n<h3 class=\"wp-block-heading has-text-align-center has-custom-lineheight\" style=\"line-height:1\"><mark style=\"background-color:rgba(0, 0, 0, 0);color:#15788c\" class=\"has-inline-color\">En savoir plus <\/mark><\/h3>\n\n\n\n<p class=\"has-text-align-center wp-block-paragraph\"><mark style=\"background-color:rgba(0, 0, 0, 0)\" class=\"has-inline-color has-black-color\">Si vous \u00eates int\u00e9ress\u00e9.e.s. par le KTC, veuillez nous contacter \u00e0 : info@civitas-maxima.org<\/mark><strong><mark style=\"background-color:rgba(0, 0, 0, 0)\" class=\"has-inline-color has-black-color\"> <a rel=\"noreferrer noopener\" href=\"mailto:info@civitas-maxima.org\" target=\"_blank\">info@civitas-maxima.org<\/a><\/mark><\/strong><\/p>\n\n\n\n<div class=\"wp-block-cover\" style=\"min-height:551px;aspect-ratio:unset;\"><span aria-hidden=\"true\" class=\"wp-block-cover__background has-background-dim-0 has-background-dim\"><\/span><img data-recalc-dims=\"1\" loading=\"lazy\" decoding=\"async\" width=\"640\" height=\"480\" data-attachment-id=\"7002\" data-permalink=\"https:\/\/civitas-maxima.org\/fr\/crop-0-0-1024-768-0-whatsapp-image-2022-04-07-at-11-08-46-am-jpeg\/\" data-orig-file=\"https:\/\/i0.wp.com\/civitas-maxima.org\/wp-content\/uploads\/2022\/07\/crop-0-0-1024-768-0-WhatsApp-Image-2022-04-07-at-11.08.46-AM.jpeg?fit=1024%2C768&amp;ssl=1\" data-orig-size=\"1024,768\" data-comments-opened=\"1\" data-image-meta=\"{&quot;aperture&quot;:&quot;0&quot;,&quot;credit&quot;:&quot;&quot;,&quot;camera&quot;:&quot;&quot;,&quot;caption&quot;:&quot;&quot;,&quot;created_timestamp&quot;:&quot;0&quot;,&quot;copyright&quot;:&quot;&quot;,&quot;focal_length&quot;:&quot;0&quot;,&quot;iso&quot;:&quot;0&quot;,&quot;shutter_speed&quot;:&quot;0&quot;,&quot;title&quot;:&quot;&quot;,&quot;orientation&quot;:&quot;0&quot;}\" data-image-title=\"crop-0-0-1024-768-0-WhatsApp-Image-2022-04-07-at-11.08.46-AM.jpeg\" data-image-description=\"\" data-image-caption=\"\" data-large-file=\"https:\/\/i0.wp.com\/civitas-maxima.org\/wp-content\/uploads\/2022\/07\/crop-0-0-1024-768-0-WhatsApp-Image-2022-04-07-at-11.08.46-AM.jpeg?fit=640%2C480&amp;ssl=1\" class=\"wp-block-cover__image-background wp-image-7002\" alt=\"\" src=\"https:\/\/i0.wp.com\/civitas-maxima.org\/wp-content\/uploads\/2022\/07\/crop-0-0-1024-768-0-WhatsApp-Image-2022-04-07-at-11.08.46-AM.jpeg?resize=640%2C480&#038;ssl=1\" data-object-fit=\"cover\" srcset=\"https:\/\/i0.wp.com\/civitas-maxima.org\/wp-content\/uploads\/2022\/07\/crop-0-0-1024-768-0-WhatsApp-Image-2022-04-07-at-11.08.46-AM.jpeg?w=1024&amp;ssl=1 1024w, https:\/\/i0.wp.com\/civitas-maxima.org\/wp-content\/uploads\/2022\/07\/crop-0-0-1024-768-0-WhatsApp-Image-2022-04-07-at-11.08.46-AM.jpeg?resize=300%2C225&amp;ssl=1 300w, https:\/\/i0.wp.com\/civitas-maxima.org\/wp-content\/uploads\/2022\/07\/crop-0-0-1024-768-0-WhatsApp-Image-2022-04-07-at-11.08.46-AM.jpeg?resize=768%2C576&amp;ssl=1 768w, https:\/\/i0.wp.com\/civitas-maxima.org\/wp-content\/uploads\/2022\/07\/crop-0-0-1024-768-0-WhatsApp-Image-2022-04-07-at-11.08.46-AM.jpeg?resize=16%2C12&amp;ssl=1 16w, https:\/\/i0.wp.com\/civitas-maxima.org\/wp-content\/uploads\/2022\/07\/crop-0-0-1024-768-0-WhatsApp-Image-2022-04-07-at-11.08.46-AM.jpeg?resize=800%2C600&amp;ssl=1 800w, https:\/\/i0.wp.com\/civitas-maxima.org\/wp-content\/uploads\/2022\/07\/crop-0-0-1024-768-0-WhatsApp-Image-2022-04-07-at-11.08.46-AM.jpeg?resize=400%2C300&amp;ssl=1 400w, https:\/\/i0.wp.com\/civitas-maxima.org\/wp-content\/uploads\/2022\/07\/crop-0-0-1024-768-0-WhatsApp-Image-2022-04-07-at-11.08.46-AM.jpeg?resize=200%2C150&amp;ssl=1 200w, https:\/\/i0.wp.com\/civitas-maxima.org\/wp-content\/uploads\/2022\/07\/crop-0-0-1024-768-0-WhatsApp-Image-2022-04-07-at-11.08.46-AM.jpeg?resize=735%2C551&amp;ssl=1 735w\" sizes=\"auto, (max-width: 640px) 100vw, 640px\" \/><div class=\"wp-block-cover__inner-container is-layout-flow wp-block-cover-is-layout-flow\">\n<div style=\"height:96px\" aria-hidden=\"true\" class=\"wp-block-spacer\"><\/div>\n<\/div><\/div>\n\n\n\n<p class=\"wp-block-paragraph\"><\/p>","protected":false},"excerpt":{"rendered":"<p>Knowledge and Training Center As Civitas Maxima has been successfully running its unique work model for over 10 years with tangible results, we believe there is significant benefit in sharing our methodology, lessons learned, and work with grassroots organizations working in other countries\/continents. For this purpose, we have set up a Knowledge and Training Center [&hellip;]<\/p>\n<p><a class=\"moretag\" href=\"https:\/\/civitas-maxima.org\/fr\/knowledge-and-training-center-ktc\/\">Lire la suite<\/a><\/p>\n","protected":false},"author":179586343,"featured_media":0,"parent":0,"menu_order":0,"comment_status":"closed","ping_status":"closed","template":"","meta":{"_coblocks_attr":"","_coblocks_dimensions":"","_coblocks_responsive_height":"","_coblocks_accordion_ie_support":"","_crdt_document":"","footnotes":""},"class_list":["post-6580","page","type-page","status-publish","hentry"],"yoast_head":"<!-- This site is optimized with the Yoast SEO plugin v27.5 - https:\/\/yoast.com\/product\/yoast-seo-wordpress\/ -->\n<title>Knowledge and Training Center | Civitas Maxima<\/title>\n<meta name=\"description\" content=\"Learn about our Knowledge and Training Center.\" \/>\n<meta name=\"robots\" content=\"index, follow, max-snippet:-1, max-image-preview:large, max-video-preview:-1\" \/>\n<link rel=\"canonical\" href=\"https:\/\/civitas-maxima.org\/fr\/knowledge-and-training-center-ktc\/\" \/>\n<meta property=\"og:locale\" content=\"fr_FR\" \/>\n<meta property=\"og:type\" content=\"article\" \/>\n<meta property=\"og:title\" content=\"Knowledge and Training Center | Civitas Maxima\" \/>\n<meta property=\"og:description\" content=\"Learn about our Knowledge and Training Center.\" \/>\n<meta property=\"og:url\" content=\"https:\/\/civitas-maxima.org\/fr\/knowledge-and-training-center-ktc\/\" \/>\n<meta property=\"og:site_name\" content=\"Civitas Maxima\" \/>\n<meta property=\"article:publisher\" content=\"https:\/\/www.facebook.com\/civitasmaxima\/?locale=fr_FR\" \/>\n<meta property=\"article:modified_time\" content=\"2024-10-10T13:27:26+00:00\" \/>\n<meta property=\"og:image\" content=\"https:\/\/civitas-maxima.org\/wp-content\/uploads\/2022\/08\/ktc-workshop-1024x768.jpeg\" \/>\n<meta name=\"twitter:card\" content=\"summary_large_image\" \/>\n<meta name=\"twitter:site\" content=\"@Civitas_Maxima\" \/>\n<script type=\"application\/ld+json\" class=\"yoast-schema-graph\">{\"@context\":\"https:\\\/\\\/schema.org\",\"@graph\":[{\"@type\":\"WebPage\",\"@id\":\"https:\\\/\\\/civitas-maxima.org\\\/knowledge-and-training-center-ktc\\\/\",\"url\":\"https:\\\/\\\/civitas-maxima.org\\\/knowledge-and-training-center-ktc\\\/\",\"name\":\"Knowledge and Training Center | Civitas Maxima\",\"isPartOf\":{\"@id\":\"https:\\\/\\\/civitas-maxima.org\\\/#website\"},\"primaryImageOfPage\":{\"@id\":\"https:\\\/\\\/civitas-maxima.org\\\/knowledge-and-training-center-ktc\\\/#primaryimage\"},\"image\":{\"@id\":\"https:\\\/\\\/civitas-maxima.org\\\/knowledge-and-training-center-ktc\\\/#primaryimage\"},\"thumbnailUrl\":\"https:\\\/\\\/civitas-maxima.org\\\/wp-content\\\/uploads\\\/2022\\\/08\\\/ktc-workshop-1024x768.jpeg\",\"datePublished\":\"2022-07-26T08:47:41+00:00\",\"dateModified\":\"2024-10-10T13:27:26+00:00\",\"description\":\"Learn about our Knowledge and Training Center.\",\"breadcrumb\":{\"@id\":\"https:\\\/\\\/civitas-maxima.org\\\/knowledge-and-training-center-ktc\\\/#breadcrumb\"},\"inLanguage\":\"fr-FR\",\"potentialAction\":[{\"@type\":\"ReadAction\",\"target\":[\"https:\\\/\\\/civitas-maxima.org\\\/knowledge-and-training-center-ktc\\\/\"]}]},{\"@type\":\"ImageObject\",\"inLanguage\":\"fr-FR\",\"@id\":\"https:\\\/\\\/civitas-maxima.org\\\/knowledge-and-training-center-ktc\\\/#primaryimage\",\"url\":\"https:\\\/\\\/civitas-maxima.org\\\/wp-content\\\/uploads\\\/2022\\\/08\\\/ktc-workshop-1024x768.jpeg\",\"contentUrl\":\"https:\\\/\\\/civitas-maxima.org\\\/wp-content\\\/uploads\\\/2022\\\/08\\\/ktc-workshop-1024x768.jpeg\"},{\"@type\":\"BreadcrumbList\",\"@id\":\"https:\\\/\\\/civitas-maxima.org\\\/knowledge-and-training-center-ktc\\\/#breadcrumb\",\"itemListElement\":[{\"@type\":\"ListItem\",\"position\":1,\"name\":\"Home\",\"item\":\"https:\\\/\\\/civitas-maxima.org\\\/\"},{\"@type\":\"ListItem\",\"position\":2,\"name\":\"Knowledge and Training Center\"}]},{\"@type\":\"WebSite\",\"@id\":\"https:\\\/\\\/civitas-maxima.org\\\/#website\",\"url\":\"https:\\\/\\\/civitas-maxima.org\\\/\",\"name\":\"Civitas Maxima\",\"description\":\"Together Against Impunity\",\"publisher\":{\"@id\":\"https:\\\/\\\/civitas-maxima.org\\\/#organization\"},\"potentialAction\":[{\"@type\":\"SearchAction\",\"target\":{\"@type\":\"EntryPoint\",\"urlTemplate\":\"https:\\\/\\\/civitas-maxima.org\\\/?s={search_term_string}\"},\"query-input\":{\"@type\":\"PropertyValueSpecification\",\"valueRequired\":true,\"valueName\":\"search_term_string\"}}],\"inLanguage\":\"fr-FR\"},{\"@type\":\"Organization\",\"@id\":\"https:\\\/\\\/civitas-maxima.org\\\/#organization\",\"name\":\"Civitas Maxima\",\"url\":\"https:\\\/\\\/civitas-maxima.org\\\/\",\"logo\":{\"@type\":\"ImageObject\",\"inLanguage\":\"fr-FR\",\"@id\":\"https:\\\/\\\/civitas-maxima.org\\\/#\\\/schema\\\/logo\\\/image\\\/\",\"url\":\"https:\\\/\\\/i0.wp.com\\\/civitas-maxima.org\\\/wp-content\\\/uploads\\\/2020\\\/09\\\/cm-logo.jpg?fit=212%2C209&ssl=1\",\"contentUrl\":\"https:\\\/\\\/i0.wp.com\\\/civitas-maxima.org\\\/wp-content\\\/uploads\\\/2020\\\/09\\\/cm-logo.jpg?fit=212%2C209&ssl=1\",\"width\":212,\"height\":209,\"caption\":\"Civitas Maxima\"},\"image\":{\"@id\":\"https:\\\/\\\/civitas-maxima.org\\\/#\\\/schema\\\/logo\\\/image\\\/\"},\"sameAs\":[\"https:\\\/\\\/www.facebook.com\\\/civitasmaxima\\\/?locale=fr_FR\",\"https:\\\/\\\/x.com\\\/Civitas_Maxima\",\"https:\\\/\\\/www.linkedin.com\\\/company\\\/civitas-maxima\",\"https:\\\/\\\/www.instagram.com\\\/civitas_maxima\\\/\"]}]}<\/script>\n<!-- \/ Yoast SEO plugin. -->","yoast_head_json":{"title":"Knowledge and Training Center | Civitas Maxima","description":"Learn about our Knowledge and Training Center.","robots":{"index":"index","follow":"follow","max-snippet":"max-snippet:-1","max-image-preview":"max-image-preview:large","max-video-preview":"max-video-preview:-1"},"canonical":"https:\/\/civitas-maxima.org\/fr\/knowledge-and-training-center-ktc\/","og_locale":"fr_FR","og_type":"article","og_title":"Knowledge and Training Center | Civitas Maxima","og_description":"Learn about our Knowledge and Training Center.","og_url":"https:\/\/civitas-maxima.org\/fr\/knowledge-and-training-center-ktc\/","og_site_name":"Civitas Maxima","article_publisher":"https:\/\/www.facebook.com\/civitasmaxima\/?locale=fr_FR","article_modified_time":"2024-10-10T13:27:26+00:00","og_image":[{"url":"https:\/\/civitas-maxima.org\/wp-content\/uploads\/2022\/08\/ktc-workshop-1024x768.jpeg","type":"","width":"","height":""}],"twitter_card":"summary_large_image","twitter_site":"@Civitas_Maxima","schema":{"@context":"https:\/\/schema.org","@graph":[{"@type":"WebPage","@id":"https:\/\/civitas-maxima.org\/knowledge-and-training-center-ktc\/","url":"https:\/\/civitas-maxima.org\/knowledge-and-training-center-ktc\/","name":"Knowledge and Training Center | Civitas Maxima","isPartOf":{"@id":"https:\/\/civitas-maxima.org\/#website"},"primaryImageOfPage":{"@id":"https:\/\/civitas-maxima.org\/knowledge-and-training-center-ktc\/#primaryimage"},"image":{"@id":"https:\/\/civitas-maxima.org\/knowledge-and-training-center-ktc\/#primaryimage"},"thumbnailUrl":"https:\/\/civitas-maxima.org\/wp-content\/uploads\/2022\/08\/ktc-workshop-1024x768.jpeg","datePublished":"2022-07-26T08:47:41+00:00","dateModified":"2024-10-10T13:27:26+00:00","description":"Learn about our Knowledge and Training Center.","breadcrumb":{"@id":"https:\/\/civitas-maxima.org\/knowledge-and-training-center-ktc\/#breadcrumb"},"inLanguage":"fr-FR","potentialAction":[{"@type":"ReadAction","target":["https:\/\/civitas-maxima.org\/knowledge-and-training-center-ktc\/"]}]},{"@type":"ImageObject","inLanguage":"fr-FR","@id":"https:\/\/civitas-maxima.org\/knowledge-and-training-center-ktc\/#primaryimage","url":"https:\/\/civitas-maxima.org\/wp-content\/uploads\/2022\/08\/ktc-workshop-1024x768.jpeg","contentUrl":"https:\/\/civitas-maxima.org\/wp-content\/uploads\/2022\/08\/ktc-workshop-1024x768.jpeg"},{"@type":"BreadcrumbList","@id":"https:\/\/civitas-maxima.org\/knowledge-and-training-center-ktc\/#breadcrumb","itemListElement":[{"@type":"ListItem","position":1,"name":"Home","item":"https:\/\/civitas-maxima.org\/"},{"@type":"ListItem","position":2,"name":"Knowledge and Training Center"}]},{"@type":"WebSite","@id":"https:\/\/civitas-maxima.org\/#website","url":"https:\/\/civitas-maxima.org\/","name":"Civitas Maxima","description":"Together Against Impunity","publisher":{"@id":"https:\/\/civitas-maxima.org\/#organization"},"potentialAction":[{"@type":"SearchAction","target":{"@type":"EntryPoint","urlTemplate":"https:\/\/civitas-maxima.org\/?s={search_term_string}"},"query-input":{"@type":"PropertyValueSpecification","valueRequired":true,"valueName":"search_term_string"}}],"inLanguage":"fr-FR"},{"@type":"Organization","@id":"https:\/\/civitas-maxima.org\/#organization","name":"Civitas Maxima","url":"https:\/\/civitas-maxima.org\/","logo":{"@type":"ImageObject","inLanguage":"fr-FR","@id":"https:\/\/civitas-maxima.org\/#\/schema\/logo\/image\/","url":"https:\/\/i0.wp.com\/civitas-maxima.org\/wp-content\/uploads\/2020\/09\/cm-logo.jpg?fit=212%2C209&ssl=1","contentUrl":"https:\/\/i0.wp.com\/civitas-maxima.org\/wp-content\/uploads\/2020\/09\/cm-logo.jpg?fit=212%2C209&ssl=1","width":212,"height":209,"caption":"Civitas Maxima"},"image":{"@id":"https:\/\/civitas-maxima.org\/#\/schema\/logo\/image\/"},"sameAs":["https:\/\/www.facebook.com\/civitasmaxima\/?locale=fr_FR","https:\/\/x.com\/Civitas_Maxima","https:\/\/www.linkedin.com\/company\/civitas-maxima","https:\/\/www.instagram.com\/civitas_maxima\/"]}]}},"jetpack_sharing_enabled":true,"jetpack_shortlink":"https:\/\/wp.me\/PclLIv-1I8","amp_enabled":true,"_links":{"self":[{"href":"https:\/\/civitas-maxima.org\/fr\/wp-json\/wp\/v2\/pages\/6580","targetHints":{"allow":["GET"]}}],"collection":[{"href":"https:\/\/civitas-maxima.org\/fr\/wp-json\/wp\/v2\/pages"}],"about":[{"href":"https:\/\/civitas-maxima.org\/fr\/wp-json\/wp\/v2\/types\/page"}],"author":[{"embeddable":true,"href":"https:\/\/civitas-maxima.org\/fr\/wp-json\/wp\/v2\/users\/179586343"}],"replies":[{"embeddable":true,"href":"https:\/\/civitas-maxima.org\/fr\/wp-json\/wp\/v2\/comments?post=6580"}],"version-history":[{"count":65,"href":"https:\/\/civitas-maxima.org\/fr\/wp-json\/wp\/v2\/pages\/6580\/revisions"}],"predecessor-version":[{"id":13974,"href":"https:\/\/civitas-maxima.org\/fr\/wp-json\/wp\/v2\/pages\/6580\/revisions\/13974"}],"wp:attachment":[{"href":"https:\/\/civitas-maxima.org\/fr\/wp-json\/wp\/v2\/media?parent=6580"}],"curies":[{"name":"wp","href":"https:\/\/api.w.org\/{rel}","templated":true}]}}