{"id":6812,"date":"2022-08-03T12:24:34","date_gmt":"2022-08-03T10:24:34","guid":{"rendered":"https:\/\/civitas-maxima.org\/?page_id=6812"},"modified":"2024-03-26T11:56:06","modified_gmt":"2024-03-26T10:56:06","slug":"moses-wright","status":"publish","type":"page","link":"https:\/\/civitas-maxima.org\/fr\/moses-wright\/","title":{"rendered":"Moses Wright"},"content":{"rendered":"<div class=\"wp-block-columns is-layout-flex wp-container-core-columns-is-layout-8f761849 wp-block-columns-is-layout-flex\">\n<div class=\"wp-block-column is-layout-flow wp-block-column-is-layout-flow\"><\/div>\n\n\n\n<div class=\"wp-block-column is-layout-flow wp-block-column-is-layout-flow\"><\/div>\n<\/div>\n\n\n\n<h2 class=\"wp-block-heading has-text-align-center\"><mark style=\"background-color:rgba(0, 0, 0, 0);color:#00788c\" class=\"has-inline-color\">Moses Wright <\/mark><\/h2>\n\n\n\n<div class=\"wp-block-columns is-layout-flex wp-container-core-columns-is-layout-8f761849 wp-block-columns-is-layout-flex\">\n<div class=\"wp-block-column is-layout-flow wp-block-column-is-layout-flow\">\n<h4 class=\"wp-block-heading has-text-align-center\" id=\"facts\">\u00c9l\u00e9ments cl\u00e9s<\/h4>\n\n\n\n<figure class=\"wp-block-table is-style-stripes\"><table><tbody><tr><td><strong>Faction<\/strong><\/td><td>AFL <\/td><\/tr><tr><td><strong>Nationalit\u00e9<\/strong><\/td><td>Lib\u00e9rien<\/td><\/tr><tr><td><strong>P\u00e9riode d'activit\u00e9    <\/strong>     <\/td><td>Premi\u00e8re guerre civile lib\u00e9rienne<\/td><\/tr><tr><td><strong>Chef d'accusation<\/strong><\/td><td>Fraude et parjure en mati\u00e8re d'immigration<\/td><\/tr><tr><td><strong>Statut<\/strong><\/td><td>En attente de jugement<\/td><\/tr><\/tbody><\/table><\/figure>\n<\/div>\n\n\n\n<div class=\"wp-block-column is-layout-flow wp-block-column-is-layout-flow\">\n<h4 class=\"wp-block-heading has-text-align-center\">Ressources<\/h4>\n\n\n\n<div class=\"wp-block-coblocks-accordion\">\n<div class=\"wp-block-coblocks-accordion-item\"><\/div>\n<\/div>\n\n\n\n<div class=\"wp-block-coblocks-accordion\">\n<div class=\"wp-block-coblocks-accordion-item\"><details><summary class=\"wp-block-coblocks-accordion-item__title\">Communiqu\u00e9s de presse <\/summary><div class=\"wp-block-coblocks-accordion-item__content\">\n<p class=\"wp-block-paragraph\"><\/p>\n\n\n\t<div\n\t\tclass=\"wp-block-newspack-blocks-homepage-articles is-style-borders wpnbha ts-2 is-style-borders has-text-align-left has-text-color\"\n\t\tstyle=\"color: #007489;\"\n\t\t>\n\t\t\t\t\t<style id=\"newspack-blocks-inline-css\" type=\"text\/css\">\t\t.wp-block-newspack-blocks-homepage-articles article .entry-title {\n\t\t\tfont-size: 1.2em;\n\t\t}\n\t\t.wp-block-newspack-blocks-homepage-articles .entry-meta {\n\t\t\tdisplay: flex;\n\t\t\tflex-wrap: wrap;\n\t\t\talign-items: center;\n\t\t\tmargin-top: 0.5em;\n\t\t}\n\t\t.wp-block-newspack-blocks-homepage-articles article .entry-meta {\n\t\t\tfont-size: 0.8em;\n\t\t}\n\t\t.wp-block-newspack-blocks-homepage-articles article .avatar {\n\t\t\theight: 25px;\n\t\t\twidth: 25px;\n\t\t}\n\t\t.wp-block-newspack-blocks-homepage-articles .post-thumbnail{\n\t\t\tmargin: 0;\n\t\t\tmargin-bottom: 0.25em;\n\t\t}\n\t\t.wp-block-newspack-blocks-homepage-articles .post-thumbnail img {\n\t\t\theight: auto;\n\t\t\twidth: 100%;\n\t\t}\n\t\t.wp-block-newspack-blocks-homepage-articles .post-thumbnail figcaption {\n\t\t\tmargin-bottom: 0.5em;\n\t\t}\n\t\t.wp-block-newspack-blocks-homepage-articles p {\n\t\t\tmargin: 0.5em 0;\n\t\t}\n\n\t\t.wpnbha.ts-2 .entry-title{font-size: 0.9em}.wpnbha.ts-2 article .newspack-post-subtitle, .wpnbha.ts-2 article .entry-wrapper p, .wpnbha.ts-2 article .entry-wrapper .more-link, .wpnbha.ts-2 article .entry-meta {font-size: 0.8em;}\t<\/style>\n\t\t\t\t<div data-posts data-current-post-id=\"6812\">\n\t\t\t\t\t\t\n\t<article data-post-id=\"6665\"\n\t\tclass=\"tag-afl tag-moses-wright tag-philadelphia tag-us category-press-release type-post\"\n\t\t\t\t>\n\t\t\t\t\n\t\t<div class=\"entry-wrapper\">\n\t\t\t<h2 class=\"entry-title\"><a href=\"https:\/\/civitas-maxima.org\/fr\/former-liberian-government-army-general-charged-in-philadelphia-united-states-in-connection-with-alleged-war-time-crimes\/\" rel=\"bookmark\">Former Liberian Government Army General Charged in Philadelphia, United States, in connection with alleged war-time crimes\ufffc<\/a><\/h2>\t\t\t\t\t\t\t\t\t\t<div class=\"entry-meta\">\n\t\t\t\t\t<time class=\"entry-date published\" datetime=\"2022-06-24T09:58:41+02:00\">24 juin 2022<\/time><time class=\"updated\" datetime=\"2022-06-24T10:32:52+02:00\">24 juin 2022<\/time>\t\t\t\t<\/div><!-- .entry-meta -->\n\t\t\t\t\t<\/div><!-- .entry-wrapper -->\n\t<\/article>\n\n\t\t\t\t<\/div>\n\t\t\n\t<\/div>\n\t<\/div><\/details><\/div>\n\n\n\n<div class=\"wp-block-coblocks-accordion-item\"><details><summary class=\"wp-block-coblocks-accordion-item__title\">Liens externes <\/summary><div class=\"wp-block-coblocks-accordion-item__content\">\n<ul class=\"wp-block-list\">\n<li>United States Department of Justice (2022) &#8211; <a href=\"https:\/\/www.justice.gov\/usao-edpa\/pr\/former-armed-forces-liberia-commanding-general-charged-immigration-fraud-and-perjury\" target=\"_blank\" rel=\"noreferrer noopener\">Former Armed Forces Of Liberia Commanding General Charged With Immigration Fraud And Perjury<\/a><\/li>\n\n\n\n<li>ICE (2022) &#8211; <a href=\"https:\/\/www.ice.gov\/news\/releases\/former-armed-forces-liberia-commanding-general-charged-immigration-fraud-perjury\" target=\"_blank\" rel=\"noreferrer noopener\">Former Armed Forces of Liberia commanding general charged with immigration fraud, perjury following HSI Philadelphia investigation<\/a><\/li>\n\n\n\n<li>FrontPage Africa (2024) &#8211; <a href=\"https:\/\/frontpageafricaonline.com\/news\/2016news\/us-arrests-top-afl-commander-on-charges-related-to-liberian-civil-war\/\" target=\"_blank\" rel=\"noreferrer noopener\">US Arrests Top AFL Commander on Charges Related to Liberian Civil War<\/a><\/li>\n\n\n\n<li>All Africa (2024) &#8211; <a href=\"https:\/\/allafrica.com\/stories\/202206240557.html\" target=\"_blank\" rel=\"noreferrer noopener\">Liberia: Former Army General Charged in Philadelphia, United States, in Connection With Alleged War-Time Crimes<\/a><\/li>\n<\/ul>\n<\/div><\/details><\/div>\n\n\n\n<div class=\"wp-block-coblocks-accordion-item\"><\/div>\n<\/div>\n<\/div>\n<\/div>\n\n\n\n<p class=\"has-text-align-justify wp-block-paragraph\"><strong>Moses Wright<\/strong>, cousin de feu le pr\u00e9sident lib\u00e9rien Samuel Doe, est un ancien membre pr\u00e9sum\u00e9 des Forces arm\u00e9es du Lib\u00e9ria (AFL). Le 23 juin 2022, un acte d'accusation dat\u00e9 du 29 juillet 2021 a \u00e9t\u00e9 descell\u00e9, accusant M. Wright de tentative frauduleuse d'obtenir la citoyennet\u00e9 am\u00e9ricaine (2 chefs d'accusation), de fraude dans les documents d'immigration (3 chefs d'accusation), de fausses d\u00e9clarations en relation avec la naturalisation (10 chefs d'accusation) et de parjure (13 chefs d'accusation) \u00e0 la suite d'une enqu\u00eate men\u00e9e par Homeland Security Investigations (HSI) Philadelphie. Son arrestation \u00e0 Philadelphie, aux \u00c9tats-Unis, a suivi l'acte d'accusation.<\/p>\n\n\n\n<p class=\"has-text-align-justify wp-block-paragraph\">Son r\u00f4le pr\u00e9sum\u00e9 pendant la premi\u00e8re guerre civile lib\u00e9rienne \u00e9tait celui de commandant g\u00e9n\u00e9ral des AFL, ce qui fait de lui l'une des figures les plus importantes du groupe arm\u00e9 et du conflit lib\u00e9rien en g\u00e9n\u00e9ral.\u00a0Avant ce poste de haut rang, Moses Wright a occup\u00e9 de nombreux r\u00f4les au sein des AFL, tels que sergent-chef, adjudant et colonel. L'acte d'accusation indique que* M. Wright a soit personnellement commis, soit ordonn\u00e9 aux troupes des Forces arm\u00e9es du Liberia sous son commandement de commettre de nombreuses atrocit\u00e9s, y compris, mais sans s'y limiter, la pers\u00e9cution, le meurtre et l'agression de civils non-combattants des tribus Gio et Mano, ainsi que la fausse arrestation et le faux emprisonnement de civils non-combattants.<\/p>\n\n\n\n<p class=\"has-text-align-justify wp-block-paragraph\">La TRC a par ailleurs d\u00e9sign\u00e9 Moses Wright, ainsi que Moses Thomas et d\u2019autres, comme \u00e9tant les auteurs du massacre de 27 familles de Mano et Gio membres de l'AFL dans les casernes du Centre de formation Barclay (BTC) \u00e0 Monrovia, en juin 1990.<\/p>\n\n\n\n<p class=\"has-text-align-justify wp-block-paragraph\">S\u2019il est reconnu coupable, Moses Wright risque une condamnation pouvant aller jusqu\u2019\u00e0 165 ans de prison et une amende de 7 000 000 USD.<\/p>\n\n\n\n<p class=\"has-text-align-justify wp-block-paragraph\">Il s'agit de la 10<sup>e<\/sup> affaire publique dans laquelle Civitas Maxima et le GJRP ont apport\u00e9 leur aide \u00e0 des autorit\u00e9s judiciaires.<\/p>\n\n\n\n<p class=\"has-text-align-justify wp-block-paragraph\">La proc\u00e9dure \u00e0 l\u2019encontre du colonel Wright est la quatri\u00e8me poursuite p\u00e9nale \u00e0 Philadelphie en lien avec les guerres civiles lib\u00e9riennes. En effet, en&nbsp;<strong><a href=\"https:\/\/civitas-maxima.org\/fr\/2017\/10\/18\/us-court-finds-liberian-rebel-commander-jungle-jabbah-guilty-of-crimes-linked-to-atrocities-in-liberias-first-civil-war\/\">2017,<\/a><\/strong>&nbsp;and&nbsp;<strong><a href=\"https:\/\/civitas-maxima.org\/fr\/2020\/09\/08\/jungle-jabbah-maximum-sentence-confirmed\/\">peine de 30 ans<\/a><\/strong>&nbsp;de prison avait d\u00e9j\u00e0 \u00e9t\u00e9 prononc\u00e9e \u00e0 l'encontre de&nbsp;<strong><a href=\"https:\/\/civitas-maxima.org\/fr\/legal-work\/our-cases\/mohammed-jabbateh\/\">Mohammed Jabbateh<\/a><\/strong>, ancien commandant de l'ULIMO (United Liberation Movement of Liberia for Democracy). En&nbsp;<strong><a href=\"https:\/\/civitas-maxima.org\/fr\/2018\/07\/03\/a-step-for-global-justice\/\">2018<\/a><\/strong>&nbsp;,&nbsp;<strong><a href=\"https:\/\/civitas-maxima.org\/fr\/legal-work\/our-cases\/thomas-woewiyu\/\">Thomas Woewiyu<\/a><\/strong>, ancien porte-parole et ministre de la D\u00e9fense du NPFL (National Patriotic Front of Liberia), avait \u00e9galement \u00e9t\u00e9 reconnu coupable mais est ensuite&nbsp;<strong><a href=\"https:\/\/civitas-maxima.org\/fr\/2020\/04\/13\/thomas-woewiyu-dies-of-covid-19-whilst-awaiting-sentencing\/\">d\u00e9c\u00e9d\u00e9 de la COVID-19<\/a><\/strong>&nbsp;en avril 2020 avant d'avoir \u00e9t\u00e9 fix\u00e9 sur sa peine.<\/p>\n\n\n\n<p class=\"has-text-align-justify wp-block-paragraph\">En mars 2022,&nbsp;<strong><a href=\"https:\/\/civitas-maxima.org\/fr\/sekou-kamara\/\">Sekou Kamara<\/a><\/strong>, pr\u00e9sum\u00e9 ancien commandant haut grad\u00e9 du LURD (Liberians United for Reconciliation and Democracy) a \u00e9t\u00e9 arr\u00eat\u00e9 \u00e0 New York. Il est accus\u00e9 d\u2019avoir menti aux autorit\u00e9s am\u00e9ricaines de l\u2019immigration sur son pr\u00e9tendu r\u00f4le dans le groupe arm\u00e9.<\/p>\n\n\n\n<p class=\"has-text-align-justify wp-block-paragraph\">L\u2019affaire \u00e0 l\u2019encontre de M. Wright a \u00e9t\u00e9 instruite par le Bureau d\u2019Enqu\u00eate de Philadelphie du D\u00e9partement de la S\u00e9curit\u00e9 int\u00e9rieure des \u00c9tats-Unis (DHS) avec l\u2019aide du Centre de DHS de Crimes de Guerre et des Violations des Droits Humains de Washington D.C, le bureau du Procureur G\u00e9n\u00e9ral de Pennsylvanie et l\u2019ambassade des \u00c9tats-Unis au Lib\u00e9ria. &nbsp;<\/p>\n\n\n\n<p class=\"has-text-align-justify wp-block-paragraph\">Sa poursuite est assur\u00e9e par le Procureur adjoint Linwood C. Wright, Jr. et le Premier Procureur adjoint Nelson S.T. Thayer, Jr.<\/p>\n\n\n\n<p class=\"has-text-align-justify wp-block-paragraph\">*Une inculpation, une information ou une plainte p\u00e9nale est une accusation. Un d\u00e9fendeur est pr\u00e9sum\u00e9 innocent jusqu'\u00e0 ce que sa culpabilit\u00e9 soit prouv\u00e9e.<\/p>","protected":false},"excerpt":{"rendered":"<p>Moses Wright Facts Faction AFL Nationality Liberian Period of Activity First Liberian Civil War Indictment Immigration Fraud And Perjury Status Awaiting trial Resources Moses Wright, cousin of late Liberian President Samuel Doe, is an alleged former member of the Armed Forces of Liberia (AFL). On June 23, 2022,&nbsp;an indictment dated July 29, 2021, was unsealed, [&hellip;]<\/p>\n<p><a class=\"moretag\" href=\"https:\/\/civitas-maxima.org\/fr\/moses-wright\/\">Lire la suite<\/a><\/p>\n","protected":false},"author":179586345,"featured_media":0,"parent":0,"menu_order":0,"comment_status":"closed","ping_status":"closed","template":"","meta":{"_coblocks_attr":"","_coblocks_dimensions":"","_coblocks_responsive_height":"","_coblocks_accordion_ie_support":"","_crdt_document":"","footnotes":""},"class_list":["post-6812","page","type-page","status-publish","hentry"],"yoast_head":"<!-- This site is optimized with the Yoast SEO plugin v27.4 - https:\/\/yoast.com\/product\/yoast-seo-wordpress\/ -->\n<title>Moses Wright | Civitas Maxima<\/title>\n<meta name=\"robots\" content=\"index, follow, max-snippet:-1, max-image-preview:large, max-video-preview:-1\" \/>\n<link rel=\"canonical\" href=\"https:\/\/civitas-maxima.org\/fr\/moses-wright\/\" \/>\n<meta property=\"og:locale\" content=\"fr_FR\" \/>\n<meta property=\"og:type\" content=\"article\" \/>\n<meta property=\"og:title\" content=\"Moses Wright | Civitas Maxima\" \/>\n<meta property=\"og:description\" content=\"Moses Wright Facts Faction AFL Nationality Liberian Period of Activity First Liberian Civil War Indictment Immigration Fraud And Perjury Status Awaiting trial Resources Moses Wright, cousin of late Liberian President Samuel Doe, is an alleged former member of the Armed Forces of Liberia (AFL). On June 23, 2022,&nbsp;an indictment dated July 29, 2021, was unsealed, [&hellip;]Lire la suite\" \/>\n<meta property=\"og:url\" content=\"https:\/\/civitas-maxima.org\/fr\/moses-wright\/\" \/>\n<meta property=\"og:site_name\" content=\"Civitas Maxima\" \/>\n<meta property=\"article:publisher\" content=\"https:\/\/www.facebook.com\/civitasmaxima\/?locale=fr_FR\" \/>\n<meta property=\"article:modified_time\" content=\"2024-03-26T10:56:06+00:00\" \/>\n<meta property=\"og:image\" content=\"https:\/\/i0.wp.com\/civitas-maxima.org\/wp-content\/uploads\/2020\/11\/cm-logo.png?fit=470%2C470&ssl=1\" \/>\n\t<meta property=\"og:image:width\" content=\"470\" \/>\n\t<meta property=\"og:image:height\" content=\"470\" \/>\n\t<meta property=\"og:image:type\" content=\"image\/png\" \/>\n<meta name=\"twitter:card\" content=\"summary_large_image\" \/>\n<meta name=\"twitter:site\" content=\"@Civitas_Maxima\" \/>\n<script type=\"application\/ld+json\" class=\"yoast-schema-graph\">{\"@context\":\"https:\\\/\\\/schema.org\",\"@graph\":[{\"@type\":\"WebPage\",\"@id\":\"https:\\\/\\\/civitas-maxima.org\\\/moses-wright\\\/\",\"url\":\"https:\\\/\\\/civitas-maxima.org\\\/moses-wright\\\/\",\"name\":\"Moses Wright | Civitas Maxima\",\"isPartOf\":{\"@id\":\"https:\\\/\\\/civitas-maxima.org\\\/#website\"},\"datePublished\":\"2022-08-03T10:24:34+00:00\",\"dateModified\":\"2024-03-26T10:56:06+00:00\",\"breadcrumb\":{\"@id\":\"https:\\\/\\\/civitas-maxima.org\\\/moses-wright\\\/#breadcrumb\"},\"inLanguage\":\"fr-FR\",\"potentialAction\":[{\"@type\":\"ReadAction\",\"target\":[\"https:\\\/\\\/civitas-maxima.org\\\/moses-wright\\\/\"]}]},{\"@type\":\"BreadcrumbList\",\"@id\":\"https:\\\/\\\/civitas-maxima.org\\\/moses-wright\\\/#breadcrumb\",\"itemListElement\":[{\"@type\":\"ListItem\",\"position\":1,\"name\":\"Home\",\"item\":\"https:\\\/\\\/civitas-maxima.org\\\/\"},{\"@type\":\"ListItem\",\"position\":2,\"name\":\"Moses Wright\"}]},{\"@type\":\"WebSite\",\"@id\":\"https:\\\/\\\/civitas-maxima.org\\\/#website\",\"url\":\"https:\\\/\\\/civitas-maxima.org\\\/\",\"name\":\"Civitas Maxima\",\"description\":\"Together Against Impunity\",\"publisher\":{\"@id\":\"https:\\\/\\\/civitas-maxima.org\\\/#organization\"},\"potentialAction\":[{\"@type\":\"SearchAction\",\"target\":{\"@type\":\"EntryPoint\",\"urlTemplate\":\"https:\\\/\\\/civitas-maxima.org\\\/?s={search_term_string}\"},\"query-input\":{\"@type\":\"PropertyValueSpecification\",\"valueRequired\":true,\"valueName\":\"search_term_string\"}}],\"inLanguage\":\"fr-FR\"},{\"@type\":\"Organization\",\"@id\":\"https:\\\/\\\/civitas-maxima.org\\\/#organization\",\"name\":\"Civitas Maxima\",\"url\":\"https:\\\/\\\/civitas-maxima.org\\\/\",\"logo\":{\"@type\":\"ImageObject\",\"inLanguage\":\"fr-FR\",\"@id\":\"https:\\\/\\\/civitas-maxima.org\\\/#\\\/schema\\\/logo\\\/image\\\/\",\"url\":\"https:\\\/\\\/i0.wp.com\\\/civitas-maxima.org\\\/wp-content\\\/uploads\\\/2020\\\/09\\\/cm-logo.jpg?fit=212%2C209&ssl=1\",\"contentUrl\":\"https:\\\/\\\/i0.wp.com\\\/civitas-maxima.org\\\/wp-content\\\/uploads\\\/2020\\\/09\\\/cm-logo.jpg?fit=212%2C209&ssl=1\",\"width\":212,\"height\":209,\"caption\":\"Civitas Maxima\"},\"image\":{\"@id\":\"https:\\\/\\\/civitas-maxima.org\\\/#\\\/schema\\\/logo\\\/image\\\/\"},\"sameAs\":[\"https:\\\/\\\/www.facebook.com\\\/civitasmaxima\\\/?locale=fr_FR\",\"https:\\\/\\\/x.com\\\/Civitas_Maxima\",\"https:\\\/\\\/www.linkedin.com\\\/company\\\/civitas-maxima\",\"https:\\\/\\\/www.instagram.com\\\/civitas_maxima\\\/\"]}]}<\/script>\n<!-- \/ Yoast SEO plugin. -->","yoast_head_json":{"title":"Moses Wright | Civitas Maxima","robots":{"index":"index","follow":"follow","max-snippet":"max-snippet:-1","max-image-preview":"max-image-preview:large","max-video-preview":"max-video-preview:-1"},"canonical":"https:\/\/civitas-maxima.org\/fr\/moses-wright\/","og_locale":"fr_FR","og_type":"article","og_title":"Moses Wright | Civitas Maxima","og_description":"Moses Wright Facts Faction AFL Nationality Liberian Period of Activity First Liberian Civil War Indictment Immigration Fraud And Perjury Status Awaiting trial Resources Moses Wright, cousin of late Liberian President Samuel Doe, is an alleged former member of the Armed Forces of Liberia (AFL). On June 23, 2022,&nbsp;an indictment dated July 29, 2021, was unsealed, [&hellip;]Lire la suite","og_url":"https:\/\/civitas-maxima.org\/fr\/moses-wright\/","og_site_name":"Civitas Maxima","article_publisher":"https:\/\/www.facebook.com\/civitasmaxima\/?locale=fr_FR","article_modified_time":"2024-03-26T10:56:06+00:00","og_image":[{"width":470,"height":470,"url":"https:\/\/i0.wp.com\/civitas-maxima.org\/wp-content\/uploads\/2020\/11\/cm-logo.png?fit=470%2C470&ssl=1","type":"image\/png"}],"twitter_card":"summary_large_image","twitter_site":"@Civitas_Maxima","schema":{"@context":"https:\/\/schema.org","@graph":[{"@type":"WebPage","@id":"https:\/\/civitas-maxima.org\/moses-wright\/","url":"https:\/\/civitas-maxima.org\/moses-wright\/","name":"Moses Wright | Civitas Maxima","isPartOf":{"@id":"https:\/\/civitas-maxima.org\/#website"},"datePublished":"2022-08-03T10:24:34+00:00","dateModified":"2024-03-26T10:56:06+00:00","breadcrumb":{"@id":"https:\/\/civitas-maxima.org\/moses-wright\/#breadcrumb"},"inLanguage":"fr-FR","potentialAction":[{"@type":"ReadAction","target":["https:\/\/civitas-maxima.org\/moses-wright\/"]}]},{"@type":"BreadcrumbList","@id":"https:\/\/civitas-maxima.org\/moses-wright\/#breadcrumb","itemListElement":[{"@type":"ListItem","position":1,"name":"Home","item":"https:\/\/civitas-maxima.org\/"},{"@type":"ListItem","position":2,"name":"Moses Wright"}]},{"@type":"WebSite","@id":"https:\/\/civitas-maxima.org\/#website","url":"https:\/\/civitas-maxima.org\/","name":"Civitas Maxima","description":"Together Against Impunity","publisher":{"@id":"https:\/\/civitas-maxima.org\/#organization"},"potentialAction":[{"@type":"SearchAction","target":{"@type":"EntryPoint","urlTemplate":"https:\/\/civitas-maxima.org\/?s={search_term_string}"},"query-input":{"@type":"PropertyValueSpecification","valueRequired":true,"valueName":"search_term_string"}}],"inLanguage":"fr-FR"},{"@type":"Organization","@id":"https:\/\/civitas-maxima.org\/#organization","name":"Civitas Maxima","url":"https:\/\/civitas-maxima.org\/","logo":{"@type":"ImageObject","inLanguage":"fr-FR","@id":"https:\/\/civitas-maxima.org\/#\/schema\/logo\/image\/","url":"https:\/\/i0.wp.com\/civitas-maxima.org\/wp-content\/uploads\/2020\/09\/cm-logo.jpg?fit=212%2C209&ssl=1","contentUrl":"https:\/\/i0.wp.com\/civitas-maxima.org\/wp-content\/uploads\/2020\/09\/cm-logo.jpg?fit=212%2C209&ssl=1","width":212,"height":209,"caption":"Civitas Maxima"},"image":{"@id":"https:\/\/civitas-maxima.org\/#\/schema\/logo\/image\/"},"sameAs":["https:\/\/www.facebook.com\/civitasmaxima\/?locale=fr_FR","https:\/\/x.com\/Civitas_Maxima","https:\/\/www.linkedin.com\/company\/civitas-maxima","https:\/\/www.instagram.com\/civitas_maxima\/"]}]}},"jetpack_sharing_enabled":true,"jetpack_shortlink":"https:\/\/wp.me\/PclLIv-1LS","amp_enabled":true,"_links":{"self":[{"href":"https:\/\/civitas-maxima.org\/fr\/wp-json\/wp\/v2\/pages\/6812","targetHints":{"allow":["GET"]}}],"collection":[{"href":"https:\/\/civitas-maxima.org\/fr\/wp-json\/wp\/v2\/pages"}],"about":[{"href":"https:\/\/civitas-maxima.org\/fr\/wp-json\/wp\/v2\/types\/page"}],"author":[{"embeddable":true,"href":"https:\/\/civitas-maxima.org\/fr\/wp-json\/wp\/v2\/users\/179586345"}],"replies":[{"embeddable":true,"href":"https:\/\/civitas-maxima.org\/fr\/wp-json\/wp\/v2\/comments?post=6812"}],"version-history":[{"count":12,"href":"https:\/\/civitas-maxima.org\/fr\/wp-json\/wp\/v2\/pages\/6812\/revisions"}],"predecessor-version":[{"id":12202,"href":"https:\/\/civitas-maxima.org\/fr\/wp-json\/wp\/v2\/pages\/6812\/revisions\/12202"}],"wp:attachment":[{"href":"https:\/\/civitas-maxima.org\/fr\/wp-json\/wp\/v2\/media?parent=6812"}],"curies":[{"name":"wp","href":"https:\/\/api.w.org\/{rel}","templated":true}]}}