{"id":693,"date":"2020-10-29T16:27:57","date_gmt":"2020-10-29T15:27:57","guid":{"rendered":"https:\/\/civitas-maxima.org\/?page_id=693"},"modified":"2025-09-16T10:22:30","modified_gmt":"2025-09-16T08:22:30","slug":"contact","status":"publish","type":"page","link":"https:\/\/civitas-maxima.org\/fr\/contact\/","title":{"rendered":"Contactez-nous"},"content":{"rendered":"<h2 class=\"wp-block-heading has-text-align-center\"><mark style=\"background-color:rgba(0, 0, 0, 0);color:#15788c\" class=\"has-inline-color\">Contactez-nous<\/mark><\/h2>\n\n\n\n<p class=\"has-text-align-center wp-block-paragraph\">N'h\u00e9sitez pas \u00e0 nous contacter en utilisant les coordonn\u00e9es ci-dessous ou \u00e0 nous envoyer un message en utilisant le formulaire.<\/p>\n\n\n\n<h6 class=\"wp-block-heading has-text-align-center\" id=\"follow-us-on-social-media\">Suivez-nous sur les r\u00e9seaux sociaux!<\/h6>\n\n\n<div class=\"wp-block-coblocks-social wp-block-coblocks-social-profiles is-style-circular has-text-align-center has-colors has-button-size-med\"><ul><li><a href=\"https:\/\/www.facebook.com\/civitasmaxima\" title=\"Facebook\" class=\"wp-block-button__link wp-block-coblocks-social__button wp-block-coblocks-social__button--facebook has-padding\" style=\"padding:16px;border-radius:40px\"><span class=\"wp-block-coblocks-social__icon\" style=\"height:22px;width:22px\"><\/span><span class=\"wp-block-coblocks-social__text\">Facebook<\/span><\/a><\/li><li><a href=\"https:\/\/twitter.com\/Civitas_Maxima\" title=\"Twitter\" class=\"wp-block-button__link wp-block-coblocks-social__button wp-block-coblocks-social__button--twitter has-padding\" style=\"padding:16px;border-radius:40px\"><span class=\"wp-block-coblocks-social__icon\" style=\"height:22px;width:22px\"><\/span><span class=\"wp-block-coblocks-social__text\">Twitter<\/span><\/a><\/li><li><a href=\"https:\/\/www.instagram.com\/civitas_maxima\/\" title=\"Instagram\" class=\"wp-block-button__link wp-block-coblocks-social__button wp-block-coblocks-social__button--instagram has-padding\" style=\"padding:16px;border-radius:40px\"><span class=\"wp-block-coblocks-social__icon\" style=\"height:22px;width:22px\"><\/span><span class=\"wp-block-coblocks-social__text\">Instagram<\/span><\/a><\/li><li><a href=\"https:\/\/www.linkedin.com\/company\/civitas-maxima\" title=\"LinkedIn\" class=\"wp-block-button__link wp-block-coblocks-social__button wp-block-coblocks-social__button--linkedin has-padding\" style=\"padding:16px;border-radius:40px\"><span class=\"wp-block-coblocks-social__icon\" style=\"height:22px;width:22px\"><\/span><span class=\"wp-block-coblocks-social__text\">LinkedIn<\/span><\/a><\/li><li><a href=\"https:\/\/www.youtube.com\/channel\/UCwyLdhPCPB2OG4xCQENHazA\" title=\"YouTube\" class=\"wp-block-button__link wp-block-coblocks-social__button wp-block-coblocks-social__button--youtube has-padding\" style=\"padding:16px;border-radius:40px\"><span class=\"wp-block-coblocks-social__icon\" style=\"height:22px;width:22px\"><\/span><span class=\"wp-block-coblocks-social__text\">YouTube<\/span><\/a><\/li><\/ul><\/div>\n\n\n<div style=\"height:32px\" aria-hidden=\"true\" class=\"wp-block-spacer desktop-only\"><\/div>\n\n\n\n<div class=\"wp-block-columns alignwide has-2-columns is-layout-flex wp-container-core-columns-is-layout-9d6595d7 wp-block-columns-is-layout-flex\">\n<div class=\"wp-block-column is-layout-flow wp-block-column-is-layout-flow\">\n<h3 class=\"wp-block-heading has-text-align-center\" id=\"get-in-touch\"><mark style=\"background-color:rgba(0, 0, 0, 0);color:#15788c\" class=\"has-inline-color\">Contactez-nous<\/mark><\/h3>\n\n\n\n<div class=\"wp-block-jetpack-contact-info\">\n<div class=\"wp-block-jetpack-address\"><div class=\"jetpack-address__address jetpack-address__address1\">Civitas Maxima<\/div><div class=\"jetpack-address__address jetpack-address__address2\">Place Longemalle 1<\/div><div class=\"jetpack-address__address jetpack-address__address3\">Case Postale<\/div><div class=\"jetpack-address__city\">1211 Gen\u00e8ve 4<\/div><div class=\"jetpack-address__country\">Suisse <\/div><\/div>\n\n\n\n\n\n<div class=\"wp-block-jetpack-phone\"><a href=\"tel:+410223461243\">+41 (0)22 346 12 43\n<\/a><\/div>\n\n\n\n<h6 class=\"wp-block-heading\" id=\"the-hague-office\"><\/h6>\n\n\n\n<p class=\"wp-block-paragraph\"><\/p>\n<\/div>\n\n\n\n<p class=\"wp-block-paragraph\">Demandes g\u00e9n\u00e9rales <strong><a rel=\"noreferrer noopener\" href=\"mailto:info@civitas-maxima.org\" target=\"_blank\">info@civitas-maxima.org<\/a><\/strong><br>Demandes des m\u00e9dias <a rel=\"noreferrer noopener\" href=\"mailto:comms@civitas-maxima.org\" target=\"_blank\">comms@civitas-maxima.org <\/a><br>Demandes sur les dons <a href=\"mailto:donate@civitas-maxima.org\">donate@civitas-maxima.org<\/a>                                                         <\/p>\n<\/div>\n\n\n\n<div class=\"wp-block-column is-layout-flow wp-block-column-is-layout-flow\">\n<h3 class=\"wp-block-heading has-text-align-center\" id=\"send-us-a-message\"><mark style=\"background-color:rgba(0, 0, 0, 0);color:#15788c\" class=\"has-inline-color\">Envoyez-nous un message<\/mark><\/h3>\n\n\n<div class=\"wp-block-jetpack-contact-form\"><a href=\"https:\/\/civitas-maxima.org\/fr\/contact\/\" target=\"_blank\" rel=\"noopener noreferrer\">Soumettre un formulaire.<\/a><\/div><\/div>\n<\/div>\n\n\n\n<p class=\"wp-block-paragraph\"><\/p>","protected":false},"excerpt":{"rendered":"<p>Contact Don&#8217;t hesitate to reach out with the contact information below, or send a message using the form. Follow us on social media! Get in Touch General inquiries: info@civitas-maxima.orgMedia inquiries: comms@civitas-maxima.org Donation inquiries: donate@civitas-maxima.org Send us a Message<\/p>\n<p><a class=\"moretag\" href=\"https:\/\/civitas-maxima.org\/fr\/contact\/\">Lire la suite<\/a><\/p>","protected":false},"author":179586343,"featured_media":0,"parent":0,"menu_order":0,"comment_status":"closed","ping_status":"closed","template":"","meta":{"_coblocks_attr":"","_coblocks_dimensions":"","_coblocks_responsive_height":"","_coblocks_accordion_ie_support":"","_crdt_document":"","footnotes":""},"class_list":["post-693","page","type-page","status-publish","hentry"],"yoast_head":"<!-- This site is optimized with the Yoast SEO plugin v26.9 - https:\/\/yoast.com\/product\/yoast-seo-wordpress\/ -->\n<title>Contact | Civitas Maxima<\/title>\n<meta name=\"robots\" content=\"index, follow, max-snippet:-1, max-image-preview:large, max-video-preview:-1\" \/>\n<link rel=\"canonical\" href=\"https:\/\/civitas-maxima.org\/fr\/contact\/\" \/>\n<meta property=\"og:locale\" content=\"fr_FR\" \/>\n<meta property=\"og:type\" content=\"article\" \/>\n<meta property=\"og:title\" content=\"Contact | Civitas Maxima\" \/>\n<meta property=\"og:description\" content=\"Contact Don&#8217;t hesitate to reach out with the contact information below, or send a message using the form. Follow us on social media! Get in Touch General inquiries: info@civitas-maxima.orgMedia inquiries: comms@civitas-maxima.org Donation inquiries: donate@civitas-maxima.org Send us a MessageLire la suite\" \/>\n<meta property=\"og:url\" content=\"https:\/\/civitas-maxima.org\/fr\/contact\/\" \/>\n<meta property=\"og:site_name\" content=\"Civitas Maxima\" \/>\n<meta property=\"article:publisher\" content=\"https:\/\/www.facebook.com\/civitasmaxima\/?locale=fr_FR\" \/>\n<meta property=\"article:modified_time\" content=\"2025-09-16T08:22:30+00:00\" \/>\n<meta property=\"og:image\" content=\"https:\/\/i0.wp.com\/civitas-maxima.org\/wp-content\/uploads\/2020\/11\/cm-logo.png?fit=470%2C470&ssl=1\" \/>\n\t<meta property=\"og:image:width\" content=\"470\" \/>\n\t<meta property=\"og:image:height\" content=\"470\" \/>\n\t<meta property=\"og:image:type\" content=\"image\/png\" \/>\n<meta name=\"twitter:card\" content=\"summary_large_image\" \/>\n<meta name=\"twitter:site\" content=\"@Civitas_Maxima\" \/>\n<script type=\"application\/ld+json\" class=\"yoast-schema-graph\">{\"@context\":\"https:\/\/schema.org\",\"@graph\":[{\"@type\":\"WebPage\",\"@id\":\"https:\/\/civitas-maxima.org\/contact\/\",\"url\":\"https:\/\/civitas-maxima.org\/contact\/\",\"name\":\"Contact | Civitas Maxima\",\"isPartOf\":{\"@id\":\"https:\/\/civitas-maxima.org\/#website\"},\"datePublished\":\"2020-10-29T15:27:57+00:00\",\"dateModified\":\"2025-09-16T08:22:30+00:00\",\"breadcrumb\":{\"@id\":\"https:\/\/civitas-maxima.org\/contact\/#breadcrumb\"},\"inLanguage\":\"fr-FR\",\"potentialAction\":[{\"@type\":\"ReadAction\",\"target\":[\"https:\/\/civitas-maxima.org\/contact\/\"]}]},{\"@type\":\"BreadcrumbList\",\"@id\":\"https:\/\/civitas-maxima.org\/contact\/#breadcrumb\",\"itemListElement\":[{\"@type\":\"ListItem\",\"position\":1,\"name\":\"Home\",\"item\":\"https:\/\/civitas-maxima.org\/\"},{\"@type\":\"ListItem\",\"position\":2,\"name\":\"Contact\"}]},{\"@type\":\"WebSite\",\"@id\":\"https:\/\/civitas-maxima.org\/#website\",\"url\":\"https:\/\/civitas-maxima.org\/\",\"name\":\"Civitas Maxima\",\"description\":\"Together Against Impunity\",\"publisher\":{\"@id\":\"https:\/\/civitas-maxima.org\/#organization\"},\"potentialAction\":[{\"@type\":\"SearchAction\",\"target\":{\"@type\":\"EntryPoint\",\"urlTemplate\":\"https:\/\/civitas-maxima.org\/?s={search_term_string}\"},\"query-input\":{\"@type\":\"PropertyValueSpecification\",\"valueRequired\":true,\"valueName\":\"search_term_string\"}}],\"inLanguage\":\"fr-FR\"},{\"@type\":\"Organization\",\"@id\":\"https:\/\/civitas-maxima.org\/#organization\",\"name\":\"Civitas Maxima\",\"url\":\"https:\/\/civitas-maxima.org\/\",\"logo\":{\"@type\":\"ImageObject\",\"inLanguage\":\"fr-FR\",\"@id\":\"https:\/\/civitas-maxima.org\/#\/schema\/logo\/image\/\",\"url\":\"https:\/\/i0.wp.com\/civitas-maxima.org\/wp-content\/uploads\/2020\/09\/cm-logo.jpg?fit=212%2C209&ssl=1\",\"contentUrl\":\"https:\/\/i0.wp.com\/civitas-maxima.org\/wp-content\/uploads\/2020\/09\/cm-logo.jpg?fit=212%2C209&ssl=1\",\"width\":212,\"height\":209,\"caption\":\"Civitas Maxima\"},\"image\":{\"@id\":\"https:\/\/civitas-maxima.org\/#\/schema\/logo\/image\/\"},\"sameAs\":[\"https:\/\/www.facebook.com\/civitasmaxima\/?locale=fr_FR\",\"https:\/\/x.com\/Civitas_Maxima\",\"https:\/\/www.linkedin.com\/company\/civitas-maxima\",\"https:\/\/www.instagram.com\/civitas_maxima\/\"]}]}<\/script>\n<!-- \/ Yoast SEO plugin. -->","yoast_head_json":{"title":"Contact | Civitas Maxima","robots":{"index":"index","follow":"follow","max-snippet":"max-snippet:-1","max-image-preview":"max-image-preview:large","max-video-preview":"max-video-preview:-1"},"canonical":"https:\/\/civitas-maxima.org\/fr\/contact\/","og_locale":"fr_FR","og_type":"article","og_title":"Contact | Civitas Maxima","og_description":"Contact Don&#8217;t hesitate to reach out with the contact information below, or send a message using the form. Follow us on social media! Get in Touch General inquiries: info@civitas-maxima.orgMedia inquiries: comms@civitas-maxima.org Donation inquiries: donate@civitas-maxima.org Send us a MessageLire la suite","og_url":"https:\/\/civitas-maxima.org\/fr\/contact\/","og_site_name":"Civitas Maxima","article_publisher":"https:\/\/www.facebook.com\/civitasmaxima\/?locale=fr_FR","article_modified_time":"2025-09-16T08:22:30+00:00","og_image":[{"width":470,"height":470,"url":"https:\/\/i0.wp.com\/civitas-maxima.org\/wp-content\/uploads\/2020\/11\/cm-logo.png?fit=470%2C470&ssl=1","type":"image\/png"}],"twitter_card":"summary_large_image","twitter_site":"@Civitas_Maxima","schema":{"@context":"https:\/\/schema.org","@graph":[{"@type":"WebPage","@id":"https:\/\/civitas-maxima.org\/contact\/","url":"https:\/\/civitas-maxima.org\/contact\/","name":"Contact | Civitas Maxima","isPartOf":{"@id":"https:\/\/civitas-maxima.org\/#website"},"datePublished":"2020-10-29T15:27:57+00:00","dateModified":"2025-09-16T08:22:30+00:00","breadcrumb":{"@id":"https:\/\/civitas-maxima.org\/contact\/#breadcrumb"},"inLanguage":"fr-FR","potentialAction":[{"@type":"ReadAction","target":["https:\/\/civitas-maxima.org\/contact\/"]}]},{"@type":"BreadcrumbList","@id":"https:\/\/civitas-maxima.org\/contact\/#breadcrumb","itemListElement":[{"@type":"ListItem","position":1,"name":"Home","item":"https:\/\/civitas-maxima.org\/"},{"@type":"ListItem","position":2,"name":"Contact"}]},{"@type":"WebSite","@id":"https:\/\/civitas-maxima.org\/#website","url":"https:\/\/civitas-maxima.org\/","name":"Civitas Maxima","description":"Together Against Impunity","publisher":{"@id":"https:\/\/civitas-maxima.org\/#organization"},"potentialAction":[{"@type":"SearchAction","target":{"@type":"EntryPoint","urlTemplate":"https:\/\/civitas-maxima.org\/?s={search_term_string}"},"query-input":{"@type":"PropertyValueSpecification","valueRequired":true,"valueName":"search_term_string"}}],"inLanguage":"fr-FR"},{"@type":"Organization","@id":"https:\/\/civitas-maxima.org\/#organization","name":"Civitas Maxima","url":"https:\/\/civitas-maxima.org\/","logo":{"@type":"ImageObject","inLanguage":"fr-FR","@id":"https:\/\/civitas-maxima.org\/#\/schema\/logo\/image\/","url":"https:\/\/i0.wp.com\/civitas-maxima.org\/wp-content\/uploads\/2020\/09\/cm-logo.jpg?fit=212%2C209&ssl=1","contentUrl":"https:\/\/i0.wp.com\/civitas-maxima.org\/wp-content\/uploads\/2020\/09\/cm-logo.jpg?fit=212%2C209&ssl=1","width":212,"height":209,"caption":"Civitas Maxima"},"image":{"@id":"https:\/\/civitas-maxima.org\/#\/schema\/logo\/image\/"},"sameAs":["https:\/\/www.facebook.com\/civitasmaxima\/?locale=fr_FR","https:\/\/x.com\/Civitas_Maxima","https:\/\/www.linkedin.com\/company\/civitas-maxima","https:\/\/www.instagram.com\/civitas_maxima\/"]}]}},"jetpack_sharing_enabled":true,"jetpack_shortlink":"https:\/\/wp.me\/PclLIv-bb","amp_enabled":true,"_links":{"self":[{"href":"https:\/\/civitas-maxima.org\/fr\/wp-json\/wp\/v2\/pages\/693","targetHints":{"allow":["GET"]}}],"collection":[{"href":"https:\/\/civitas-maxima.org\/fr\/wp-json\/wp\/v2\/pages"}],"about":[{"href":"https:\/\/civitas-maxima.org\/fr\/wp-json\/wp\/v2\/types\/page"}],"author":[{"embeddable":true,"href":"https:\/\/civitas-maxima.org\/fr\/wp-json\/wp\/v2\/users\/179586343"}],"replies":[{"embeddable":true,"href":"https:\/\/civitas-maxima.org\/fr\/wp-json\/wp\/v2\/comments?post=693"}],"version-history":[{"count":27,"href":"https:\/\/civitas-maxima.org\/fr\/wp-json\/wp\/v2\/pages\/693\/revisions"}],"predecessor-version":[{"id":17302,"href":"https:\/\/civitas-maxima.org\/fr\/wp-json\/wp\/v2\/pages\/693\/revisions\/17302"}],"wp:attachment":[{"href":"https:\/\/civitas-maxima.org\/fr\/wp-json\/wp\/v2\/media?parent=693"}],"curies":[{"name":"wp","href":"https:\/\/api.w.org\/{rel}","templated":true}]}}